{"id":1341,"date":"2026-01-12T10:37:43","date_gmt":"2026-01-12T10:37:43","guid":{"rendered":"https:\/\/voice-eu.eu\/?page_id=1341"},"modified":"2026-02-18T07:50:35","modified_gmt":"2026-02-18T07:50:35","slug":"acerca-de-el-proyecto","status":"publish","type":"page","link":"https:\/\/voice-eu.eu\/es\/acerca-de-el-proyecto\/","title":{"rendered":"Acerca de\/El proyecto"},"content":{"rendered":"\t\t<div data-elementor-type=\"wp-page\" data-elementor-id=\"1341\" class=\"elementor elementor-1341 elementor-910\" data-elementor-post-type=\"page\">\n\t\t\t\t<div class=\"elementor-element elementor-element-cff0c81 e-flex e-con-boxed e-con e-parent\" data-id=\"cff0c81\" data-element_type=\"container\" data-settings=\"{&quot;background_background&quot;:&quot;classic&quot;,&quot;shape_divider_bottom&quot;:&quot;tilt&quot;}\">\n\t\t\t\t\t<div class=\"e-con-inner\">\n\t\t\t\t<div class=\"elementor-shape elementor-shape-bottom\" data-negative=\"false\">\n\t\t\t<svg xmlns=\"http:\/\/www.w3.org\/2000\/svg\" viewBox=\"0 0 1000 100\" preserveAspectRatio=\"none\">\n\t<path class=\"elementor-shape-fill\" d=\"M0,6V0h1000v100L0,6z\"\/>\n<\/svg>\t\t<\/div>\n\t\t\t\t<div class=\"elementor-element elementor-element-ba2f7d8 elementor-widget elementor-widget-heading\" data-id=\"ba2f7d8\" data-element_type=\"widget\" data-widget_type=\"heading.default\">\n\t\t\t\t<div class=\"elementor-widget-container\">\n\t\t\t\t\t<h1 class=\"elementor-heading-title elementor-size-default\">Acerca \/ El proyecto<\/h1>\t\t\t\t<\/div>\n\t\t\t\t<\/div>\n\t\t\t\t\t<\/div>\n\t\t\t\t<\/div>\n\t\t<div class=\"elementor-element elementor-element-cbb8d92 e-flex e-con-boxed e-con e-parent\" data-id=\"cbb8d92\" data-element_type=\"container\">\n\t\t\t\t\t<div class=\"e-con-inner\">\n\t\t\t\t<div class=\"elementor-element elementor-element-9528915 elementor-widget elementor-widget-heading\" data-id=\"9528915\" data-element_type=\"widget\" data-widget_type=\"heading.default\">\n\t\t\t\t<div class=\"elementor-widget-container\">\n\t\t\t\t\t<h2 class=\"elementor-heading-title elementor-size-default\">\u00a1Bienvenido al proyecto VOICE EU!<\/h2>\t\t\t\t<\/div>\n\t\t\t\t<\/div>\n\t\t\t\t<div class=\"elementor-element elementor-element-38c8cba elementor-widget elementor-widget-text-editor\" data-id=\"38c8cba\" data-element_type=\"widget\" data-widget_type=\"text-editor.default\">\n\t\t\t\t<div class=\"elementor-widget-container\">\n\t\t\t\t\t\t\t\t\t<p><span style=\"font-weight: 400;\">Un proyecto dedicado a promover la participaci\u00f3n activa de los ciudadanos europeos en el proceso democr\u00e1tico, fomentar su conciencia y compromiso en contextos pol\u00edticos nacionales y europeos, al tiempo que fomenta la participaci\u00f3n participativa y compartida mediante la implementaci\u00f3n y uso de herramientas digitales.<\/span><\/p><p>\u00a0<\/p><p><b>VOICE-EU: <\/b><span style=\"font-weight: 400;\">Valorando las oportunidades para la participaci\u00f3n c\u00edvica inclusiva en Europa es una asociaci\u00f3n Erasmus+ a peque\u00f1a escala para la educaci\u00f3n de adultos (KA210-ADU) que dura 18 meses (1 de octubre de 2024 &#8211; 31 de marzo de 2026) que involucra a tres pa\u00edses europeos: Italia, Grecia y Espa\u00f1a. Coordinado por Timeducation y Tiziana Marinelli (Italia), el proyecto re\u00fane a tres organizaciones asociadas comprometidas con promover la participaci\u00f3n activa y la participaci\u00f3n democr\u00e1tica entre adultos europeos a trav\u00e9s del aprendizaje no formal.<\/span><span style=\"font-weight: 400;\"><br \/><br \/><\/span><\/p><p><b>Nuestra colaboraci\u00f3n \u2013 Consorcio<\/b><\/p><p><span style=\"font-weight: 400;\">\ud83c\uddee\ud83c\uddf9<\/span><span style=\"font-weight: 400;\"> Timeeducation por Tiziana Marinelli (Italia) \u2013 Organizaci\u00f3n coordinadora: Gesti\u00f3n de proyectos, coordinaci\u00f3n y organizaci\u00f3n del evento <\/span><span style=\"font-weight: 400;\"><br \/><\/span><span style=\"font-weight: 400;\"> de difusi\u00f3n MEDIO CUBO SL (Espa\u00f1a) \u2013 Socio digital: desarrollo de juegos online y<\/span><span style=\"font-weight: 400;\"> creaci\u00f3n de contenido multimedia\ud83c\uddec\ud83c\uddf7 <\/span><span style=\"font-weight: 400;\"><br \/><\/span><span style=\"font-weight: 400;\"> AKADIMOS KDVM EPE (Grecia) \u2013 Socio educativo: producci\u00f3n documental, gesti\u00f3n web y comunicaci\u00f3n<\/span><span style=\"font-weight: 400;\"> en redes sociales\ud83c\uddea\ud83c\uddf8<\/span><\/p><p>\u00a0<\/p><p><b>Nuestros grupos objetivo<\/b><\/p><p><span style=\"font-weight: 400;\">Involucramos a adultos de diferentes edades de los tres pa\u00edses participantes: J\u00f3venes adultos (18-30 a\u00f1os): estudiantes, profesionales en etapas tempranas de su carrera y personas con oportunidades limitadas; Personas mayores (65+ a\u00f1os): Ciudadanos experimentados con valiosas perspectivas hist\u00f3ricas; Profesionales y l\u00edderes comunitarios: educadores, periodistas, funcionarios locales y representantes de la sociedad civil; Miembros de la comunidad: todos los ciudadanos interesados en fortalecer la democracia europea<\/span><\/p><p>\u00a0<\/p><p><b>Resultados de aprendizaje<\/b><\/p><p><span style=\"font-weight: 400;\">A trav\u00e9s de nuestras actividades, los participantes adultos desarrollan habilidades cr\u00edticas en:<\/span><\/p><p><span style=\"font-weight: 400;\">Alfabetizaci\u00f3n digital: navegaci\u00f3n segura y cr\u00edtica de la informaci\u00f3n en l\u00ednea, reconocimiento y combate a la desinformaci\u00f3n\u00a0<\/span><\/p><p><span style=\"font-weight: 400;\">Competencias c\u00edvicas: comprensi\u00f3n de las instituciones nacionales y europeas, participaci\u00f3n informada en procesos democr\u00e1ticos\u00a0<\/span><\/p><p><span style=\"font-weight: 400;\">Pensamiento cr\u00edtico: an\u00e1lisis de informaci\u00f3n pol\u00edtica, evaluaci\u00f3n de fuentes medi\u00e1ticas, resistencia al extremismo\u00a0<\/span><\/p><p><span style=\"font-weight: 400;\">Concienciaci\u00f3n sobre la ciudadan\u00eda europea: conocimiento de los valores, instituciones y oportunidades de participaci\u00f3n c\u00edvica de la UE<\/span><\/p><p><span style=\"font-weight: 400;\">Di\u00e1logo intergeneracional: intercambio de perspectivas entre generaciones sobre la historia, la pol\u00edtica y la identidad europeas<\/span><span style=\"font-weight: 400;\"><br \/><br \/><\/span><\/p><p><b>Nuestro enfoque educativo<\/b><\/p><p><span style=\"font-weight: 400;\">VOICE-EU utiliza metodolog\u00edas de educaci\u00f3n de adultos no formales que enfatizan:<\/span><\/p><p><span style=\"font-weight: 400;\">Aprendizaje participativo: participaci\u00f3n activa a trav\u00e9s de debates, debates y actividades pr\u00e1cticas<\/span><\/p><p><span style=\"font-weight: 400;\">Intercambio entre Pares: Di\u00e1logo Intergeneracional y Aprendizaje Intercultural<\/span><\/p><p><span style=\"font-weight: 400;\">Innovaci\u00f3n digital: utilizando la gamificaci\u00f3n y las herramientas online para mejorar la participaci\u00f3n y la accesibilidad<\/span><\/p><p><span style=\"font-weight: 400;\">Aplicaci\u00f3n pr\u00e1ctica: escenarios de la vida real y estudios de caso relevantes para la vida diaria de los participantes<\/span><\/p><p><span style=\"font-weight: 400;\">Dise\u00f1o inclusivo: formatos accesibles a todos los estudiantes, independientemente de su formaci\u00f3n educativa o estatus socioecon\u00f3mico<\/span><\/p><p>\u00a0<\/p><p><b>Actividades del proyecto (cronograma de 18 meses)<\/b><\/p><table><tbody><tr><td><p><span style=\"font-weight: 400;\">Actividades<\/span><\/p><\/td><td><p><span style=\"font-weight: 400;\">Cronolog\u00eda<\/span><\/p><\/td><\/tr><tr><td><p><span style=\"font-weight: 400;\">Seminario sobre la ciudadan\u00eda de la UE<\/span><\/p><\/td><td><p><span style=\"font-weight: 400;\">Marzo de 2025<\/span><\/p><\/td><\/tr><tr><td><p><span style=\"font-weight: 400;\">Taller para contrarrestar la desinformaci\u00f3n<\/span><\/p><\/td><td><p><span style=\"font-weight: 400;\">Junio 2025<\/span><\/p><\/td><\/tr><tr><td><p><span style=\"font-weight: 400;\">Juego online Be-EU<\/span><\/p><\/td><td><p><span style=\"font-weight: 400;\">Junio \u2013 septiembre 2025<\/span><\/p><\/td><\/tr><tr><td><br \/><p><span style=\"font-weight: 400;\">Entrevistas intergeneracionales<\/span><\/p><\/td><td><p><span style=\"font-weight: 400;\">Octubre 2025<\/span><\/p><\/td><\/tr><tr><td><p><span style=\"font-weight: 400;\">Evento de Divulgaci\u00f3n y Reuni\u00f3n de Clausura<\/span><\/p><\/td><td><p><span style=\"font-weight: 400;\">Febrero de 2026<\/span><\/p><\/td><\/tr><\/tbody><\/table><p><b>Compromiso con el aprendizaje a lo largo de la vida<\/b><\/p><p><span style=\"font-weight: 400;\">VOICE-EU apoya el desarrollo continuo de habilidades incluso m\u00e1s all\u00e1 de las actividades del proyecto. Nuestro juego online permanece de acceso gratuito durante cinco a\u00f1os, nuestros materiales documentales y educativos est\u00e1n disponibles gratuitamente, y nuestra colaboraci\u00f3n contin\u00faa difundiendo las mejores pr\u00e1cticas por toda Europa. Creemos que la educaci\u00f3n de adultos no es un evento aislado, sino un camino continuo hacia una ciudadan\u00eda informada, comprometida y responsable.<\/span><span style=\"font-weight: 400;\"><br \/><\/span><\/p>\t\t\t\t\t\t\t\t<\/div>\n\t\t\t\t<\/div>\n\t\t\t\t\t<\/div>\n\t\t\t\t<\/div>\n\t\t\t\t<\/div>\n\t\t","protected":false},"excerpt":{"rendered":"<p>Acerca \/ El proyecto \u00a1Bienvenido al proyecto VOICE EU! Un proyecto dedicado a promover la participaci\u00f3n activa de los ciudadanos europeos en el proceso democr\u00e1tico, fomentar su conciencia y compromiso en contextos pol\u00edticos nacionales y europeos, al tiempo que fomenta la participaci\u00f3n participativa y compartida mediante la implementaci\u00f3n y uso de herramientas digitales. \u00a0 VOICE-EU: [&hellip;]<\/p>\n","protected":false},"author":1,"featured_media":0,"parent":0,"menu_order":0,"comment_status":"closed","ping_status":"closed","template":"","meta":{"footnotes":""},"class_list":["post-1341","page","type-page","status-publish","hentry"],"_links":{"self":[{"href":"https:\/\/voice-eu.eu\/es\/wp-json\/wp\/v2\/pages\/1341","targetHints":{"allow":["GET"]}}],"collection":[{"href":"https:\/\/voice-eu.eu\/es\/wp-json\/wp\/v2\/pages"}],"about":[{"href":"https:\/\/voice-eu.eu\/es\/wp-json\/wp\/v2\/types\/page"}],"author":[{"embeddable":true,"href":"https:\/\/voice-eu.eu\/es\/wp-json\/wp\/v2\/users\/1"}],"replies":[{"embeddable":true,"href":"https:\/\/voice-eu.eu\/es\/wp-json\/wp\/v2\/comments?post=1341"}],"version-history":[{"count":4,"href":"https:\/\/voice-eu.eu\/es\/wp-json\/wp\/v2\/pages\/1341\/revisions"}],"predecessor-version":[{"id":1345,"href":"https:\/\/voice-eu.eu\/es\/wp-json\/wp\/v2\/pages\/1341\/revisions\/1345"}],"wp:attachment":[{"href":"https:\/\/voice-eu.eu\/es\/wp-json\/wp\/v2\/media?parent=1341"}],"curies":[{"name":"wp","href":"https:\/\/api.w.org\/{rel}","templated":true}]}}