{"id":1346,"date":"2026-01-12T10:39:52","date_gmt":"2026-01-12T10:39:52","guid":{"rendered":"https:\/\/voice-eu.eu\/?page_id=1346"},"modified":"2026-02-18T07:52:50","modified_gmt":"2026-02-18T07:52:50","slug":"objetivos-y-resultados-esperados","status":"publish","type":"page","link":"https:\/\/voice-eu.eu\/es\/objetivos-y-resultados-esperados\/","title":{"rendered":"Objetivos y resultados esperados"},"content":{"rendered":"\t\t<div data-elementor-type=\"wp-page\" data-elementor-id=\"1346\" class=\"elementor elementor-1346 elementor-915\" data-elementor-post-type=\"page\">\n\t\t\t\t<div class=\"elementor-element elementor-element-97919b4 e-flex e-con-boxed e-con e-parent\" data-id=\"97919b4\" data-element_type=\"container\" data-settings=\"{&quot;background_background&quot;:&quot;classic&quot;,&quot;shape_divider_bottom&quot;:&quot;tilt&quot;}\">\n\t\t\t\t\t<div class=\"e-con-inner\">\n\t\t\t\t<div class=\"elementor-shape elementor-shape-bottom\" data-negative=\"false\">\n\t\t\t<svg xmlns=\"http:\/\/www.w3.org\/2000\/svg\" viewBox=\"0 0 1000 100\" preserveAspectRatio=\"none\">\n\t<path class=\"elementor-shape-fill\" d=\"M0,6V0h1000v100L0,6z\"\/>\n<\/svg>\t\t<\/div>\n\t\t\t\t<div class=\"elementor-element elementor-element-22f5a9a elementor-widget elementor-widget-heading\" data-id=\"22f5a9a\" data-element_type=\"widget\" data-widget_type=\"heading.default\">\n\t\t\t\t<div class=\"elementor-widget-container\">\n\t\t\t\t\t<h1 class=\"elementor-heading-title elementor-size-default\">Objetivos y resultados esperados\n<\/h1>\t\t\t\t<\/div>\n\t\t\t\t<\/div>\n\t\t\t\t\t<\/div>\n\t\t\t\t<\/div>\n\t\t<div class=\"elementor-element elementor-element-71dc6b7 e-flex e-con-boxed e-con e-parent\" data-id=\"71dc6b7\" data-element_type=\"container\">\n\t\t\t\t\t<div class=\"e-con-inner\">\n\t\t\t\t<div class=\"elementor-element elementor-element-33af006 elementor-widget elementor-widget-heading\" data-id=\"33af006\" data-element_type=\"widget\" data-widget_type=\"heading.default\">\n\t\t\t\t<div class=\"elementor-widget-container\">\n\t\t\t\t\t<h2 class=\"elementor-heading-title elementor-size-default\">Objetivos del proyecto<\/h2>\t\t\t\t<\/div>\n\t\t\t\t<\/div>\n\t\t\t\t\t<\/div>\n\t\t\t\t<\/div>\n\t\t<div class=\"elementor-element elementor-element-2a80b8c e-flex e-con-boxed e-con e-parent\" data-id=\"2a80b8c\" data-element_type=\"container\">\n\t\t\t\t\t<div class=\"e-con-inner\">\n\t\t\t\t<div class=\"elementor-element elementor-element-425d660 elementor-widget elementor-widget-text-editor\" data-id=\"425d660\" data-element_type=\"widget\" data-widget_type=\"text-editor.default\">\n\t\t\t\t<div class=\"elementor-widget-container\">\n\t\t\t\t\t\t\t\t\t<p><span style=\"font-weight: 400;\">VOICE-EU tiene como objetivo promover la participaci\u00f3n activa de los ciudadanos en los procesos democr\u00e1ticos europeos, fortaleciendo la concienciaci\u00f3n y el compromiso en contextos pol\u00edticos nacionales y europeos. El proyecto responde a la disminuci\u00f3n de la participaci\u00f3n electoral en Italia, Grecia y Espa\u00f1a, donde la participaci\u00f3n ha disminuido significativamente en las \u00faltimas d\u00e9cadas.<\/span><\/p><p><span style=\"font-weight: 400;\">A trav\u00e9s de seminarios, talleres digitales, un juego online para combatir las noticias falsas y entrevistas en v\u00eddeo intergeneracionales, VOICE-EU ofrece a los ciudadanos herramientas para comprender mejor las instituciones pol\u00edticas y su relevancia diaria. El objetivo final es revitalizar el compromiso democr\u00e1tico, contrarrestar el extremismo pol\u00edtico y ayudar a construir una Europa m\u00e1s cohesionada, inclusiva y democr\u00e1tica, donde los ciudadanos participen activamente en la construcci\u00f3n de su futuro colectivo.<\/span><\/p>\t\t\t\t\t\t\t\t<\/div>\n\t\t\t\t<\/div>\n\t\t\t\t\t<\/div>\n\t\t\t\t<\/div>\n\t\t\t\t<\/div>\n\t\t","protected":false},"excerpt":{"rendered":"<p>Objetivos y resultados esperados Objetivos del proyecto VOICE-EU tiene como objetivo promover la participaci\u00f3n activa de los ciudadanos en los procesos democr\u00e1ticos europeos, fortaleciendo la concienciaci\u00f3n y el compromiso en contextos pol\u00edticos nacionales y europeos. El proyecto responde a la disminuci\u00f3n de la participaci\u00f3n electoral en Italia, Grecia y Espa\u00f1a, donde la participaci\u00f3n ha disminuido [&hellip;]<\/p>\n","protected":false},"author":1,"featured_media":0,"parent":0,"menu_order":0,"comment_status":"closed","ping_status":"closed","template":"","meta":{"footnotes":""},"class_list":["post-1346","page","type-page","status-publish","hentry"],"_links":{"self":[{"href":"https:\/\/voice-eu.eu\/es\/wp-json\/wp\/v2\/pages\/1346","targetHints":{"allow":["GET"]}}],"collection":[{"href":"https:\/\/voice-eu.eu\/es\/wp-json\/wp\/v2\/pages"}],"about":[{"href":"https:\/\/voice-eu.eu\/es\/wp-json\/wp\/v2\/types\/page"}],"author":[{"embeddable":true,"href":"https:\/\/voice-eu.eu\/es\/wp-json\/wp\/v2\/users\/1"}],"replies":[{"embeddable":true,"href":"https:\/\/voice-eu.eu\/es\/wp-json\/wp\/v2\/comments?post=1346"}],"version-history":[{"count":4,"href":"https:\/\/voice-eu.eu\/es\/wp-json\/wp\/v2\/pages\/1346\/revisions"}],"predecessor-version":[{"id":1350,"href":"https:\/\/voice-eu.eu\/es\/wp-json\/wp\/v2\/pages\/1346\/revisions\/1350"}],"wp:attachment":[{"href":"https:\/\/voice-eu.eu\/es\/wp-json\/wp\/v2\/media?parent=1346"}],"curies":[{"name":"wp","href":"https:\/\/api.w.org\/{rel}","templated":true}]}}