{"id":1351,"date":"2026-01-12T10:43:29","date_gmt":"2026-01-12T10:43:29","guid":{"rendered":"https:\/\/voice-eu.eu\/?page_id=1351"},"modified":"2026-02-19T06:52:19","modified_gmt":"2026-02-19T06:52:19","slug":"consorcio","status":"publish","type":"page","link":"https:\/\/voice-eu.eu\/es\/consorcio\/","title":{"rendered":"Consorcio"},"content":{"rendered":"\t\t<div data-elementor-type=\"wp-page\" data-elementor-id=\"1351\" class=\"elementor elementor-1351 elementor-920\" data-elementor-post-type=\"page\">\n\t\t\t\t<div class=\"elementor-element elementor-element-fb04c34 e-flex e-con-boxed e-con e-parent\" data-id=\"fb04c34\" data-element_type=\"container\" data-settings=\"{&quot;background_background&quot;:&quot;classic&quot;,&quot;shape_divider_bottom&quot;:&quot;tilt&quot;}\">\n\t\t\t\t\t<div class=\"e-con-inner\">\n\t\t\t\t<div class=\"elementor-shape elementor-shape-bottom\" data-negative=\"false\">\n\t\t\t<svg xmlns=\"http:\/\/www.w3.org\/2000\/svg\" viewBox=\"0 0 1000 100\" preserveAspectRatio=\"none\">\n\t<path class=\"elementor-shape-fill\" d=\"M0,6V0h1000v100L0,6z\"\/>\n<\/svg>\t\t<\/div>\n\t\t\t\t<div class=\"elementor-element elementor-element-ec7280a elementor-widget elementor-widget-heading\" data-id=\"ec7280a\" data-element_type=\"widget\" data-widget_type=\"heading.default\">\n\t\t\t\t<div class=\"elementor-widget-container\">\n\t\t\t\t\t<h1 class=\"elementor-heading-title elementor-size-default\">Consorcio<\/h1>\t\t\t\t<\/div>\n\t\t\t\t<\/div>\n\t\t\t\t\t<\/div>\n\t\t\t\t<\/div>\n\t\t<div class=\"elementor-element elementor-element-421209c e-flex e-con-boxed e-con e-parent\" data-id=\"421209c\" data-element_type=\"container\">\n\t\t\t\t\t<div class=\"e-con-inner\">\n\t\t\t\t<div class=\"elementor-element elementor-element-fcf16d2 elementor-widget elementor-widget-text-editor\" data-id=\"fcf16d2\" data-element_type=\"widget\" data-widget_type=\"text-editor.default\">\n\t\t\t\t<div class=\"elementor-widget-container\">\n\t\t\t\t\t\t\t\t\t<p>Nuestros socios<\/p>\t\t\t\t\t\t\t\t<\/div>\n\t\t\t\t<\/div>\n\t\t<div class=\"elementor-element elementor-element-47456ff e-con-full e-flex e-con e-child\" data-id=\"47456ff\" data-element_type=\"container\">\n\t\t<div class=\"elementor-element elementor-element-c810b63 e-con-full e-flex e-con e-child\" data-id=\"c810b63\" data-element_type=\"container\">\n\t\t\t\t<div class=\"elementor-element elementor-element-a5b8963 elementor-widget elementor-widget-image\" data-id=\"a5b8963\" data-element_type=\"widget\" data-widget_type=\"image.default\">\n\t\t\t\t<div class=\"elementor-widget-container\">\n\t\t\t\t\t\t\t\t\t\t\t\t\t\t\t\t<a href=\"https:\/\/timeducation.it\/\">\n\t\t\t\t\t\t\t<img fetchpriority=\"high\" decoding=\"async\" width=\"330\" height=\"219\" src=\"https:\/\/voice-eu.eu\/wp-content\/uploads\/2026\/01\/partners-3.png\" class=\"attachment-large size-large wp-image-1061\" alt=\"\" srcset=\"https:\/\/voice-eu.eu\/wp-content\/uploads\/2026\/01\/partners-3.png 330w, https:\/\/voice-eu.eu\/wp-content\/uploads\/2026\/01\/partners-3-300x199.png 300w\" sizes=\"(max-width: 330px) 100vw, 330px\" \/>\t\t\t\t\t\t\t\t<\/a>\n\t\t\t\t\t\t\t\t\t\t\t\t\t\t\t<\/div>\n\t\t\t\t<\/div>\n\t\t\t\t<div class=\"elementor-element elementor-element-677970c elementor-widget elementor-widget-html\" data-id=\"677970c\" data-element_type=\"widget\" data-widget_type=\"html.default\">\n\t\t\t\t<div class=\"elementor-widget-container\">\n\t\t\t\t\t<style>\r\n\/* \u039a\u03c1\u03c5\u03c6\u03ac \u03c3\u03c4\u03bf\u03b9\u03c7\u03b5\u03af\u03b1 \u03b1\u03c1\u03c7\u03b9\u03ba\u03ac *\/\r\n.more-text {\r\n  display: none;\r\n  border-color: #26407C;\r\n  color: #26407C; \r\n  background-color: #transparent;\r\n}\r\n.intro-text {\r\n  border-color: #26407C;\r\n  color: #26407C; \r\n  background-color: #transparent;\r\n}\r\n\/* \u03a3\u03c4\u03c5\u03bb \u03b3\u03b9\u03b1 \u03c4\u03bf \u03ba\u03bf\u03c5\u03bc\u03c0\u03af\/\u03c3\u03cd\u03bd\u03b4\u03b5\u03c3\u03bc\u03bf *\/\r\n.read-more-btn, .more-content, .read-more-btn a   {\r\nborder-color: #26407C;\r\n  color: #26407C; \r\n  background-color: #transparent;\r\n  \r\n}\r\n.read-more-btn:hover, .read-more-btn a:hover, .more-content:focus, .read-more-btn:focus {\r\n  background-color: #26407C;\r\n  color: #fff; \r\n \r\n}\r\n<\/style>\r\n\r\n<div class=\"intro-text\">\r\n  <p>\r\n    TIMEDUCATION son una empresa que tambi\u00e9n opera en el \u00e1mbito de la formaci\u00f3n de j\u00f3venes y adultos y educaci\u00f3n no formal. Fundado en 2009, tiene su sede en la hist\u00f3rica localidad de Marino (Roma), a unos 30 km al sur de Roma.<br>\r\n    \r\n    <span class=\"more-text\">\r\n      <br>Operamos en el sector del Turismo, que a lo largo de los a\u00f1os nos ha brindado la oportunidad de adquirir habilidades blandas, permiti\u00e9ndonos convertir la formaci\u00f3n no solo en nuestra Pasi\u00f3n, sino tambi\u00e9n en nuestra Profesi\u00f3n.<br><br>\r\n\r\nComenzamos como operadores tur\u00edsticos, crecimos como consultores y nos retamos continuamente como formadores y dise\u00f1adores de proyectos. TimE es una agrupaci\u00f3n de profesionales y experiencia que crece gracias a la suma y la evoluci\u00f3n constante de capacidades, con el objetivo de difundir conocimiento y potenciar las competencias de los profesionales que quieren mantenerse al ritmo de los tiempos. Sobre todo, nos esforzamos por animar a los j\u00f3venes a acercarse al mundo laboral a trav\u00e9s de herramientas y conocimientos capaces de responder a las necesidades de un mercado en continua evoluci\u00f3n.\r\n    <\/span>\r\n  <\/p>\r\n\r\n  <button onclick=\"toggleText(this)\" class=\"read-more-btn\">M\u00c1S INFORMACI\u00d3N ACTIVIDADES<\/button>\r\n<\/div>\r\n\r\n<script>\r\nfunction toggleText(btn) {\r\n  \/\/ \u0392\u03c1\u03af\u03c3\u03ba\u03bf\u03c5\u03bc\u03b5 \u03c4\u03bf \u03c0\u03c1\u03bf\u03b7\u03b3\u03bf\u03cd\u03bc\u03b5\u03bd\u03bf \u03c3\u03c4\u03bf\u03b9\u03c7\u03b5\u03af\u03bf (\u03c4\u03b7\u03bd \u03c0\u03b1\u03c1\u03ac\u03b3\u03c1\u03b1\u03c6\u03bf) \u03ba\u03b1\u03b9 \u03bc\u03b5\u03c4\u03ac \u03c4\u03bf span \u03bc\u03ad\u03c3\u03b1 \u03c4\u03b7\u03c2\r\n  var textSpan = btn.previousElementSibling.querySelector(\".more-text\");\r\n  \r\n  if (textSpan.style.display === \"inline\") {\r\n    textSpan.style.display = \"none\";\r\n    btn.innerHTML = \"READ MORE\";\r\n  } else {\r\n    textSpan.style.display = \"inline\";\r\n    btn.innerHTML = \"Menos\";\r\n  }\r\n}\r\n<\/script>\t\t\t\t<\/div>\n\t\t\t\t<\/div>\n\t\t\t\t<\/div>\n\t\t<div class=\"elementor-element elementor-element-7c32aeb e-con-full e-flex e-con e-child\" data-id=\"7c32aeb\" data-element_type=\"container\">\n\t\t\t\t<div class=\"elementor-element elementor-element-6e70211 elementor-widget elementor-widget-image\" data-id=\"6e70211\" data-element_type=\"widget\" data-widget_type=\"image.default\">\n\t\t\t\t<div class=\"elementor-widget-container\">\n\t\t\t\t\t\t\t\t\t\t\t\t\t\t\t\t<a href=\"https:\/\/www.mediocubo.com\/\">\n\t\t\t\t\t\t\t<img decoding=\"async\" width=\"330\" height=\"219\" src=\"https:\/\/voice-eu.eu\/wp-content\/uploads\/2026\/01\/partners-2.png\" class=\"attachment-large size-large wp-image-1065\" alt=\"\" srcset=\"https:\/\/voice-eu.eu\/wp-content\/uploads\/2026\/01\/partners-2.png 330w, https:\/\/voice-eu.eu\/wp-content\/uploads\/2026\/01\/partners-2-300x199.png 300w\" sizes=\"(max-width: 330px) 100vw, 330px\" \/>\t\t\t\t\t\t\t\t<\/a>\n\t\t\t\t\t\t\t\t\t\t\t\t\t\t\t<\/div>\n\t\t\t\t<\/div>\n\t\t\t\t<div class=\"elementor-element elementor-element-c83ec00 elementor-widget elementor-widget-html\" data-id=\"c83ec00\" data-element_type=\"widget\" data-widget_type=\"html.default\">\n\t\t\t\t<div class=\"elementor-widget-container\">\n\t\t\t\t\t<style>\r\n\/* \u039a\u03c1\u03c5\u03c6\u03ac \u03c3\u03c4\u03bf\u03b9\u03c7\u03b5\u03af\u03b1 \u03b1\u03c1\u03c7\u03b9\u03ba\u03ac *\/\r\n.more-text {\r\n  display: none;\r\n  border-color: #26407C;\r\n  color: #26407C; \r\n  background-color: #transparent;\r\n}\r\n.intro-text {\r\n  border-color: #26407C;\r\n  color: #26407C; \r\n  background-color: #transparent;\r\n}\r\n\/* \u03a3\u03c4\u03c5\u03bb \u03b3\u03b9\u03b1 \u03c4\u03bf \u03ba\u03bf\u03c5\u03bc\u03c0\u03af\/\u03c3\u03cd\u03bd\u03b4\u03b5\u03c3\u03bc\u03bf *\/\r\n.read-more-btn, .more-content, .read-more-btn a   {\r\nborder-color: #26407C;\r\n  color: #26407C; \r\n  background-color: #transparent;\r\n  \r\n}\r\n.read-more-btn:hover, .read-more-btn a:hover, .more-content:focus, .read-more-btn:focus {\r\n  background-color: #26407C;\r\n  color: #fff; \r\n \r\n}\r\n<\/style>\r\n\r\n<div class=\"intro-text\">\r\n  <p>\r\n    Medio Cubo fue fundada en 2021 y cuenta con amplia experiencia colaborando en numerosos proyectos.\r\n<br>\r\n    \r\n    <span class=\"more-text\">\r\n      <br>Contamos con un equipo de 16 empleados que desarrolla una variedad de soluciones y se mantiene al d\u00eda de las \u00faltimas innovaciones tecnol\u00f3gicas y creativas. Siempre hemos estado vinculados al sector educativo, ya que nacimos como spin-off de la Universidad Polit\u00e9cnica de Valencia, y ejercemos como docentes en universidades y en cursos de formaci\u00f3n no formal sobre temas como el dise\u00f1o y los aspectos visuales y gr\u00e1ficos, entre otros. Diversas t\u00e9cnicas de modelado y el software necesario para la impresi\u00f3n 3D forman parte de nuestro trabajo.\r\n<br><br>\r\n\r\nOfrecemos una amplia gama de t\u00e9cnicas y tecnolog\u00edas de visualizaci\u00f3n e interacci\u00f3n, dise\u00f1o, transformaci\u00f3n digital y aspectos gr\u00e1ficos y visuales. Contamos con una s\u00f3lida experiencia en la prestaci\u00f3n de consultor\u00eda sobre tecnolog\u00edas de visualizaci\u00f3n o interacci\u00f3n, integr\u00e1ndolas de manera eficiente en cada uno de nuestros proyectos. Tambi\u00e9n aplicamos nuestros conocimientos en el desarrollo de videojuegos.\r\n    <\/span>\r\n  <\/p>\r\n\r\n  <button onclick=\"toggleText(this)\" class=\"read-more-btn\">M\u00c1S INFORMACI\u00d3N ACTIVIDADES<\/button>\r\n<\/div>\r\n\r\n<script>\r\nfunction toggleText(btn) {\r\n  \/\/ \u0392\u03c1\u03af\u03c3\u03ba\u03bf\u03c5\u03bc\u03b5 \u03c4\u03bf \u03c0\u03c1\u03bf\u03b7\u03b3\u03bf\u03cd\u03bc\u03b5\u03bd\u03bf \u03c3\u03c4\u03bf\u03b9\u03c7\u03b5\u03af\u03bf (\u03c4\u03b7\u03bd \u03c0\u03b1\u03c1\u03ac\u03b3\u03c1\u03b1\u03c6\u03bf) \u03ba\u03b1\u03b9 \u03bc\u03b5\u03c4\u03ac \u03c4\u03bf span \u03bc\u03ad\u03c3\u03b1 \u03c4\u03b7\u03c2\r\n  var textSpan = btn.previousElementSibling.querySelector(\".more-text\");\r\n  \r\n  if (textSpan.style.display === \"inline\") {\r\n    textSpan.style.display = \"none\";\r\n    btn.innerHTML = \"READ MORE\";\r\n  } else {\r\n    textSpan.style.display = \"inline\";\r\n    btn.innerHTML = \"Menos\";\r\n  }\r\n}\r\n<\/script>\t\t\t\t<\/div>\n\t\t\t\t<\/div>\n\t\t\t\t<\/div>\n\t\t<div class=\"elementor-element elementor-element-f3a67fc e-con-full e-flex e-con e-child\" data-id=\"f3a67fc\" data-element_type=\"container\">\n\t\t\t\t<div class=\"elementor-element elementor-element-bdd540e elementor-widget elementor-widget-image\" data-id=\"bdd540e\" data-element_type=\"widget\" data-widget_type=\"image.default\">\n\t\t\t\t<div class=\"elementor-widget-container\">\n\t\t\t\t\t\t\t\t\t\t\t\t\t\t\t\t<a href=\"https:\/\/akadimoskek.gr\/\">\n\t\t\t\t\t\t\t<img decoding=\"async\" width=\"330\" height=\"219\" src=\"https:\/\/voice-eu.eu\/wp-content\/uploads\/2026\/01\/partners-1.png\" class=\"attachment-large size-large wp-image-1069\" alt=\"\" srcset=\"https:\/\/voice-eu.eu\/wp-content\/uploads\/2026\/01\/partners-1.png 330w, https:\/\/voice-eu.eu\/wp-content\/uploads\/2026\/01\/partners-1-300x199.png 300w\" sizes=\"(max-width: 330px) 100vw, 330px\" \/>\t\t\t\t\t\t\t\t<\/a>\n\t\t\t\t\t\t\t\t\t\t\t\t\t\t\t<\/div>\n\t\t\t\t<\/div>\n\t\t\t\t<div class=\"elementor-element elementor-element-7bbb069 elementor-widget elementor-widget-html\" data-id=\"7bbb069\" data-element_type=\"widget\" data-widget_type=\"html.default\">\n\t\t\t\t<div class=\"elementor-widget-container\">\n\t\t\t\t\t<style>\r\n\/* \u039a\u03c1\u03c5\u03c6\u03ac \u03c3\u03c4\u03bf\u03b9\u03c7\u03b5\u03af\u03b1 \u03b1\u03c1\u03c7\u03b9\u03ba\u03ac *\/\r\n.more-text {\r\n  display: none;\r\n  border-color: #26407C;\r\n  color: #26407C; \r\n  background-color: #transparent;\r\n}\r\n.intro-text {\r\n  border-color: #26407C;\r\n  color: #26407C; \r\n  background-color: #transparent;\r\n}\r\n\/* \u03a3\u03c4\u03c5\u03bb \u03b3\u03b9\u03b1 \u03c4\u03bf \u03ba\u03bf\u03c5\u03bc\u03c0\u03af\/\u03c3\u03cd\u03bd\u03b4\u03b5\u03c3\u03bc\u03bf *\/\r\n.read-more-btn, .more-content, .read-more-btn a   {\r\nborder-color: #26407C;\r\n  color: #26407C; \r\n  background-color: #transparent;\r\n  \r\n}\r\n.read-more-btn:hover, .read-more-btn a:hover, .more-content:focus, .read-more-btn:focus {\r\n  background-color: #26407C;\r\n  color: #fff; \r\n \r\n}\r\n<\/style>\r\n\r\n<div class=\"intro-text\">\r\n  <p>\r\n    El centro de formaci\u00f3n profesional y continua Akadimos VET, con sede en Grecia, se especializa en la mejora de las habilidades docentes en diversos niveles educativos (ISCED 4).<br>\r\n    \r\n    <span class=\"more-text\">\r\n      <br>Con un enfoque particular en la formaci\u00f3n de alta calidad, atiende a un p\u00fablico que incluye j\u00f3venes, adultos y educadores mediante metodolog\u00edas innovadoras y herramientas digitales. Desde su fundaci\u00f3n en 2016, Akadimos ha llegado a m\u00e1s de 3.000 estudiantes y colabora con 12.000 formadores de FP para el desarrollo de competencias.<br><br>\r\n\r\nEl centro apoya a personas con necesidades especiales y participa en programas Erasmus+. Akadimos tambi\u00e9n es reconocida por promover la alfabetizaci\u00f3n digital, la educaci\u00f3n de adultos y facilitar las transiciones profesionales a trav\u00e9s de programas gubernamentales, en consonancia con los objetivos de la UE de inclusi\u00f3n social y desarrollo de competencias digitales.\r\n    <\/span>\r\n  <\/p>\r\n\r\n  <button onclick=\"toggleText(this)\" class=\"read-more-btn\">M\u00c1S INFORMACI\u00d3N ACTIVIDADES<\/button>\r\n<\/div>\r\n\r\n<script>\r\nfunction toggleText(btn) {\r\n  \/\/ \u0392\u03c1\u03af\u03c3\u03ba\u03bf\u03c5\u03bc\u03b5 \u03c4\u03bf \u03c0\u03c1\u03bf\u03b7\u03b3\u03bf\u03cd\u03bc\u03b5\u03bd\u03bf \u03c3\u03c4\u03bf\u03b9\u03c7\u03b5\u03af\u03bf (\u03c4\u03b7\u03bd \u03c0\u03b1\u03c1\u03ac\u03b3\u03c1\u03b1\u03c6\u03bf) \u03ba\u03b1\u03b9 \u03bc\u03b5\u03c4\u03ac \u03c4\u03bf span \u03bc\u03ad\u03c3\u03b1 \u03c4\u03b7\u03c2\r\n  var textSpan = btn.previousElementSibling.querySelector(\".more-text\");\r\n  \r\n  if (textSpan.style.display === \"inline\") {\r\n    textSpan.style.display = \"none\";\r\n    btn.innerHTML = \"READ MORE\";\r\n  } else {\r\n    textSpan.style.display = \"inline\";\r\n    btn.innerHTML = \"Menos\";\r\n  }\r\n}\r\n<\/script>\t\t\t\t<\/div>\n\t\t\t\t<\/div>\n\t\t\t\t<\/div>\n\t\t\t\t<\/div>\n\t\t\t\t\t<\/div>\n\t\t\t\t<\/div>\n\t\t\t\t<\/div>\n\t\t","protected":false},"excerpt":{"rendered":"<p>Consorcio Nuestros socios TIMEDUCATION son una empresa que tambi\u00e9n opera en el \u00e1mbito de la formaci\u00f3n de j\u00f3venes y adultos y educaci\u00f3n no formal. Fundado en 2009, tiene su sede en la hist\u00f3rica localidad de Marino (Roma), a unos 30 km al sur de Roma. Operamos en el sector del Turismo, que a lo largo [&hellip;]<\/p>\n","protected":false},"author":1,"featured_media":0,"parent":0,"menu_order":0,"comment_status":"closed","ping_status":"closed","template":"","meta":{"footnotes":""},"class_list":["post-1351","page","type-page","status-publish","hentry"],"_links":{"self":[{"href":"https:\/\/voice-eu.eu\/es\/wp-json\/wp\/v2\/pages\/1351","targetHints":{"allow":["GET"]}}],"collection":[{"href":"https:\/\/voice-eu.eu\/es\/wp-json\/wp\/v2\/pages"}],"about":[{"href":"https:\/\/voice-eu.eu\/es\/wp-json\/wp\/v2\/types\/page"}],"author":[{"embeddable":true,"href":"https:\/\/voice-eu.eu\/es\/wp-json\/wp\/v2\/users\/1"}],"replies":[{"embeddable":true,"href":"https:\/\/voice-eu.eu\/es\/wp-json\/wp\/v2\/comments?post=1351"}],"version-history":[{"count":7,"href":"https:\/\/voice-eu.eu\/es\/wp-json\/wp\/v2\/pages\/1351\/revisions"}],"predecessor-version":[{"id":1517,"href":"https:\/\/voice-eu.eu\/es\/wp-json\/wp\/v2\/pages\/1351\/revisions\/1517"}],"wp:attachment":[{"href":"https:\/\/voice-eu.eu\/es\/wp-json\/wp\/v2\/media?parent=1351"}],"curies":[{"name":"wp","href":"https:\/\/api.w.org\/{rel}","templated":true}]}}