{"id":1362,"date":"2025-12-16T08:55:41","date_gmt":"2025-12-16T08:55:41","guid":{"rendered":"https:\/\/voice-eu.eu\/?page_id=1362"},"modified":"2026-02-18T08:10:01","modified_gmt":"2026-02-18T08:10:01","slug":"seminario-sobre-la-ciudadania-de-la-ue","status":"publish","type":"page","link":"https:\/\/voice-eu.eu\/es\/seminario-sobre-la-ciudadania-de-la-ue\/","title":{"rendered":"Seminario sobre la ciudadan\u00eda de la UE"},"content":{"rendered":"\t\t<div data-elementor-type=\"wp-page\" data-elementor-id=\"1362\" class=\"elementor elementor-1362 elementor-757\" data-elementor-post-type=\"page\">\n\t\t\t\t<div class=\"elementor-element elementor-element-2ab99fe e-flex e-con-boxed e-con e-parent\" data-id=\"2ab99fe\" data-element_type=\"container\" data-settings=\"{&quot;background_background&quot;:&quot;classic&quot;,&quot;shape_divider_bottom&quot;:&quot;tilt&quot;}\">\n\t\t\t\t\t<div class=\"e-con-inner\">\n\t\t\t\t<div class=\"elementor-shape elementor-shape-bottom\" data-negative=\"false\">\n\t\t\t<svg xmlns=\"http:\/\/www.w3.org\/2000\/svg\" viewBox=\"0 0 1000 100\" preserveAspectRatio=\"none\">\n\t<path class=\"elementor-shape-fill\" d=\"M0,6V0h1000v100L0,6z\"\/>\n<\/svg>\t\t<\/div>\n\t\t\t\t<div class=\"elementor-element elementor-element-9b85f92 elementor-widget elementor-widget-heading\" data-id=\"9b85f92\" data-element_type=\"widget\" data-widget_type=\"heading.default\">\n\t\t\t\t<div class=\"elementor-widget-container\">\n\t\t\t\t\t<h1 class=\"elementor-heading-title elementor-size-default\">Seminario sobre la ciudadan\u00eda de la UE<\/h1>\t\t\t\t<\/div>\n\t\t\t\t<\/div>\n\t\t\t\t\t<\/div>\n\t\t\t\t<\/div>\n\t\t<div class=\"elementor-element elementor-element-b94427f e-flex e-con-boxed e-con e-parent\" data-id=\"b94427f\" data-element_type=\"container\">\n\t\t\t\t\t<div class=\"e-con-inner\">\n\t\t\t\t<div class=\"elementor-element elementor-element-9742cf8 elementor-widget elementor-widget-text-editor\" data-id=\"9742cf8\" data-element_type=\"widget\" data-widget_type=\"text-editor.default\">\n\t\t\t\t<div class=\"elementor-widget-container\">\n\t\t\t\t\t\t\t\t\t<p><span style=\"font-weight: 400;\">El Seminario de Ciudadan\u00eda de la UE es un evento local de formaci\u00f3n que re\u00fane a miembros de la comunidad, educadores y l\u00edderes c\u00edvicos para explorar las m\u00faltiples dimensiones de la ciudadan\u00eda europea. Este seminario interactivo profundiza en los derechos y responsabilidades fundamentales que conlleva la ciudadan\u00eda de la UE, examinando c\u00f3mo estos principios moldean la vida cotidiana en las comunidades europeas. Los participantes participan en debates guiados sobre valores europeos como la democracia, los derechos humanos, el Estado de derecho y la solidaridad, mientras exploran las implicaciones pr\u00e1cticas de la ciudadan\u00eda de la UE en \u00e1reas como la libertad de movimiento, el empleo, la educaci\u00f3n y la protecci\u00f3n del consumidor. El seminario crea un espacio para el di\u00e1logo abierto donde los participantes pueden hacer preguntas, compartir experiencias y desarrollar una comprensi\u00f3n m\u00e1s profunda de lo que significa ser ciudadanos europeos en el siglo XXI.<\/span><\/p><p><span style=\"font-weight: 400;\">Adem\u00e1s del conocimiento te\u00f3rico, el taller enfatiza la participaci\u00f3n activa y el compromiso c\u00edvico, animando a los participantes a identificar formas en que pueden contribuir a sus comunidades e influir en los procesos de toma de decisiones europeos. A trav\u00e9s de estudios de caso, ejercicios interactivos y presentaciones de expertos, los participantes aprenden sobre los diferentes canales de participaci\u00f3n c\u00edvica, desde el voto en elecciones europeas hasta la interacci\u00f3n con las estructuras de gobernanza local. El seminario tambi\u00e9n aborda los desaf\u00edos contempor\u00e1neos a los que se enfrenta la ciudadan\u00eda europea, como la desinformaci\u00f3n, la polarizaci\u00f3n y la fragmentaci\u00f3n social, promoviendo al mismo tiempo un di\u00e1logo constructivo entre diferentes perspectivas. Al fomentar un sentido de identidad europea compartida y proporcionar a los participantes conocimiento sobre sus derechos c\u00edvicos, esta actividad fortalece las bases para una democracia m\u00e1s inclusiva y participativa en toda Europa.<\/span><\/p>\t\t\t\t\t\t\t\t<\/div>\n\t\t\t\t<\/div>\n\t\t\t\t\t<\/div>\n\t\t\t\t<\/div>\n\t\t<div class=\"elementor-element elementor-element-c40e714 elementor-hidden-desktop elementor-hidden-tablet elementor-hidden-mobile e-flex e-con-boxed e-con e-parent\" data-id=\"c40e714\" data-element_type=\"container\">\n\t\t\t\t\t<div class=\"e-con-inner\">\n\t\t\t\t<div class=\"elementor-element elementor-element-07541fa elementor-widget elementor-widget-image\" data-id=\"07541fa\" data-element_type=\"widget\" data-widget_type=\"image.default\">\n\t\t\t\t<div class=\"elementor-widget-container\">\n\t\t\t\t\t\t\t\t\t\t\t\t\t\t\t<img fetchpriority=\"high\" decoding=\"async\" width=\"768\" height=\"1024\" src=\"https:\/\/voice-eu.eu\/wp-content\/uploads\/2025\/12\/WhatsApp-Image-2025-05-21-at-19.31.12-1-768x1024.jpeg\" class=\"attachment-large size-large wp-image-834\" alt=\"\" srcset=\"https:\/\/voice-eu.eu\/wp-content\/uploads\/2025\/12\/WhatsApp-Image-2025-05-21-at-19.31.12-1-768x1024.jpeg 768w, https:\/\/voice-eu.eu\/wp-content\/uploads\/2025\/12\/WhatsApp-Image-2025-05-21-at-19.31.12-1-225x300.jpeg 225w, https:\/\/voice-eu.eu\/wp-content\/uploads\/2025\/12\/WhatsApp-Image-2025-05-21-at-19.31.12-1-1152x1536.jpeg 1152w, https:\/\/voice-eu.eu\/wp-content\/uploads\/2025\/12\/WhatsApp-Image-2025-05-21-at-19.31.12-1.jpeg 1536w\" sizes=\"(max-width: 768px) 100vw, 768px\" \/>\t\t\t\t\t\t\t\t\t\t\t\t\t\t\t<\/div>\n\t\t\t\t<\/div>\n\t\t\t\t\t<\/div>\n\t\t\t\t<\/div>\n\t\t<div class=\"elementor-element elementor-element-0ec2f7a elementor-hidden-desktop elementor-hidden-tablet elementor-hidden-mobile e-flex e-con-boxed e-con e-parent\" data-id=\"0ec2f7a\" data-element_type=\"container\">\n\t\t\t\t\t<div class=\"e-con-inner\">\n\t\t<div class=\"elementor-element elementor-element-d86a552 e-con-full e-flex e-con e-child\" data-id=\"d86a552\" data-element_type=\"container\">\n\t\t\t\t<div class=\"elementor-element elementor-element-1439942 elementor-widget elementor-widget-image\" data-id=\"1439942\" data-element_type=\"widget\" data-widget_type=\"image.default\">\n\t\t\t\t<div class=\"elementor-widget-container\">\n\t\t\t\t\t\t\t\t\t\t\t\t\t\t\t<img decoding=\"async\" width=\"800\" height=\"600\" src=\"https:\/\/voice-eu.eu\/wp-content\/uploads\/2025\/12\/BhtsGHwa-1024x768.jpg\" class=\"attachment-large size-large wp-image-862\" alt=\"\" srcset=\"https:\/\/voice-eu.eu\/wp-content\/uploads\/2025\/12\/BhtsGHwa-1024x768.jpg 1024w, https:\/\/voice-eu.eu\/wp-content\/uploads\/2025\/12\/BhtsGHwa-300x225.jpg 300w, https:\/\/voice-eu.eu\/wp-content\/uploads\/2025\/12\/BhtsGHwa-768x576.jpg 768w, https:\/\/voice-eu.eu\/wp-content\/uploads\/2025\/12\/BhtsGHwa-1536x1152.jpg 1536w, https:\/\/voice-eu.eu\/wp-content\/uploads\/2025\/12\/BhtsGHwa.jpg 2048w\" sizes=\"(max-width: 800px) 100vw, 800px\" \/>\t\t\t\t\t\t\t\t\t\t\t\t\t\t\t<\/div>\n\t\t\t\t<\/div>\n\t\t\t\t<\/div>\n\t\t<div class=\"elementor-element elementor-element-d068f40 e-con-full e-flex e-con e-child\" data-id=\"d068f40\" data-element_type=\"container\">\n\t\t\t\t<div class=\"elementor-element elementor-element-f261e22 elementor-widget elementor-widget-image\" data-id=\"f261e22\" data-element_type=\"widget\" data-widget_type=\"image.default\">\n\t\t\t\t<div class=\"elementor-widget-container\">\n\t\t\t\t\t\t\t\t\t\t\t\t\t\t\t<img decoding=\"async\" width=\"800\" height=\"452\" src=\"https:\/\/voice-eu.eu\/wp-content\/uploads\/2025\/12\/IMG20250324093649-1024x578.jpg\" class=\"attachment-large size-large wp-image-858\" alt=\"\" srcset=\"https:\/\/voice-eu.eu\/wp-content\/uploads\/2025\/12\/IMG20250324093649-1024x578.jpg 1024w, https:\/\/voice-eu.eu\/wp-content\/uploads\/2025\/12\/IMG20250324093649-300x169.jpg 300w, https:\/\/voice-eu.eu\/wp-content\/uploads\/2025\/12\/IMG20250324093649-768x433.jpg 768w, https:\/\/voice-eu.eu\/wp-content\/uploads\/2025\/12\/IMG20250324093649-1536x866.jpg 1536w, https:\/\/voice-eu.eu\/wp-content\/uploads\/2025\/12\/IMG20250324093649-2048x1155.jpg 2048w\" sizes=\"(max-width: 800px) 100vw, 800px\" \/>\t\t\t\t\t\t\t\t\t\t\t\t\t\t\t<\/div>\n\t\t\t\t<\/div>\n\t\t\t\t<\/div>\n\t\t<div class=\"elementor-element elementor-element-1eee642 e-con-full e-flex e-con e-child\" data-id=\"1eee642\" data-element_type=\"container\">\n\t\t\t\t<div class=\"elementor-element elementor-element-a35a8af elementor-widget elementor-widget-image\" data-id=\"a35a8af\" data-element_type=\"widget\" data-widget_type=\"image.default\">\n\t\t\t\t<div class=\"elementor-widget-container\">\n\t\t\t\t\t\t\t\t\t\t\t\t\t\t\t<img loading=\"lazy\" decoding=\"async\" width=\"800\" height=\"600\" src=\"https:\/\/voice-eu.eu\/wp-content\/uploads\/2025\/12\/IMG20250405093027-1024x768.jpg\" class=\"attachment-large size-large wp-image-854\" alt=\"\" srcset=\"https:\/\/voice-eu.eu\/wp-content\/uploads\/2025\/12\/IMG20250405093027-1024x768.jpg 1024w, https:\/\/voice-eu.eu\/wp-content\/uploads\/2025\/12\/IMG20250405093027-300x225.jpg 300w, https:\/\/voice-eu.eu\/wp-content\/uploads\/2025\/12\/IMG20250405093027-768x576.jpg 768w, https:\/\/voice-eu.eu\/wp-content\/uploads\/2025\/12\/IMG20250405093027-1536x1152.jpg 1536w, https:\/\/voice-eu.eu\/wp-content\/uploads\/2025\/12\/IMG20250405093027-2048x1536.jpg 2048w\" sizes=\"(max-width: 800px) 100vw, 800px\" \/>\t\t\t\t\t\t\t\t\t\t\t\t\t\t\t<\/div>\n\t\t\t\t<\/div>\n\t\t\t\t<\/div>\n\t\t\t\t\t<\/div>\n\t\t\t\t<\/div>\n\t\t<div class=\"elementor-element elementor-element-3440eca e-flex e-con-boxed e-con e-parent\" data-id=\"3440eca\" data-element_type=\"container\">\n\t\t\t\t\t<div class=\"e-con-inner\">\n\t\t\t\t<div class=\"elementor-element elementor-element-d4b5a44 elementor-widget elementor-widget-text-editor\" data-id=\"d4b5a44\" data-element_type=\"widget\" data-widget_type=\"text-editor.default\">\n\t\t\t\t<div class=\"elementor-widget-container\">\n\t\t\t\t\t\t\t\t\t<p style=\"--tw-border-spacing-x: 0; --tw-border-spacing-y: 0; --tw-translate-x: 0; --tw-translate-y: 0; --tw-rotate: 0; --tw-skew-x: 0; --tw-skew-y: 0; --tw-scale-x: 1; --tw-scale-y: 1; --tw-scroll-snap-strictness: proximity; --tw-ring-offset-width: 0px; --tw-ring-offset-color: #fff; --tw-ring-color: rgba(59,130,246,.5); --tw-ring-offset-shadow: 0 0 transparent; --tw-ring-shadow: 0 0 transparent; --tw-shadow: 0 0 transparent; --tw-shadow-colored: 0 0 transparent; margin: 0px 0px 20px; padding: 0px; line-height: 28px; overflow-wrap: break-word; white-space-collapse: preserve; color: #262626; font-family: -apple-system, 'system-ui', 'Helvetica Neue', Tahoma, 'PingFang SC', 'Microsoft Yahei', Arial, 'Hiragino Sans GB', sans-serif, 'Apple Color Emoji', 'Segoe UI Emoji', 'Segoe UI Symbol', 'Noto Color Emoji';\">TIMEDUCATION\u00a0<span lang=\"EN-US\">\u2013 ITALY<\/span><\/p>\t\t\t\t\t\t\t\t<\/div>\n\t\t\t\t<\/div>\n\t\t\t\t<div class=\"elementor-element elementor-element-714bb36 elementor-widget elementor-widget-video\" data-id=\"714bb36\" data-element_type=\"widget\" data-settings=\"{&quot;youtube_url&quot;:&quot;https:\\\/\\\/www.youtube.com\\\/watch?v=8ReBfSbnkqM&quot;,&quot;video_type&quot;:&quot;youtube&quot;,&quot;controls&quot;:&quot;yes&quot;}\" data-widget_type=\"video.default\">\n\t\t\t\t<div class=\"elementor-widget-container\">\n\t\t\t\t\t\t\t<div class=\"elementor-wrapper elementor-open-inline\">\n\t\t\t<div class=\"elementor-video\"><\/div>\t\t<\/div>\n\t\t\t\t\t\t<\/div>\n\t\t\t\t<\/div>\n\t\t\t\t<div class=\"elementor-element elementor-element-d5b8d73 elementor-cta--layout-image-left elementor-cta--skin-classic elementor-animated-content elementor-bg-transform elementor-bg-transform-zoom-in elementor-widget elementor-widget-call-to-action\" data-id=\"d5b8d73\" data-element_type=\"widget\" data-widget_type=\"call-to-action.default\">\n\t\t\t\t<div class=\"elementor-widget-container\">\n\t\t\t\t\t\t\t<div class=\"elementor-cta\">\n\t\t\t\t\t\t\t<div class=\"elementor-cta__content\">\n\t\t\t\t\n\t\t\t\t\n\t\t\t\t\t\t\t\t\t<div class=\"elementor-cta__description elementor-cta__content-item elementor-content-item\">\n\t\t\t\t\t\tSeminar REPORT IT\t\t\t\t\t<\/div>\n\t\t\t\t\n\t\t\t\t\t\t\t\t\t<div class=\"elementor-cta__button-wrapper elementor-cta__content-item elementor-content-item \">\n\t\t\t\t\t<a class=\"elementor-cta__button elementor-button elementor-size-\" href=\"\/wp-content\/uploads\/2026\/02\/Seminar-REPORT-IT.pdf\" target=\"_blank\">\n\t\t\t\t\t\tDownload Report\t\t\t\t\t<\/a>\n\t\t\t\t\t<\/div>\n\t\t\t\t\t\t\t<\/div>\n\t\t\t\t\t\t<\/div>\n\t\t\t\t\t\t<\/div>\n\t\t\t\t<\/div>\n\t\t\t\t\t<\/div>\n\t\t\t\t<\/div>\n\t\t<div class=\"elementor-element elementor-element-2840cba e-flex e-con-boxed e-con e-parent\" data-id=\"2840cba\" data-element_type=\"container\">\n\t\t\t\t\t<div class=\"e-con-inner\">\n\t\t\t\t<div class=\"elementor-element elementor-element-931c21e elementor-widget elementor-widget-text-editor\" data-id=\"931c21e\" data-element_type=\"widget\" data-widget_type=\"text-editor.default\">\n\t\t\t\t<div class=\"elementor-widget-container\">\n\t\t\t\t\t\t\t\t\t<p style=\"--tw-border-spacing-x: 0; --tw-border-spacing-y: 0; --tw-translate-x: 0; --tw-translate-y: 0; --tw-rotate: 0; --tw-skew-x: 0; --tw-skew-y: 0; --tw-scale-x: 1; --tw-scale-y: 1; --tw-scroll-snap-strictness: proximity; --tw-ring-offset-width: 0px; --tw-ring-offset-color: #fff; --tw-ring-color: rgba(59,130,246,.5); --tw-ring-offset-shadow: 0 0 transparent; --tw-ring-shadow: 0 0 transparent; --tw-shadow: 0 0 transparent; --tw-shadow-colored: 0 0 transparent; margin: 0px 0px 20px; padding: 0px; line-height: 28px; overflow-wrap: break-word; white-space-collapse: preserve; color: #262626; font-family: -apple-system, 'system-ui', 'Helvetica Neue', Tahoma, 'PingFang SC', 'Microsoft Yahei', Arial, 'Hiragino Sans GB', sans-serif, 'Apple Color Emoji', 'Segoe UI Emoji', 'Segoe UI Symbol', 'Noto Color Emoji';\">\u00a0Medio Cubo \u2013 SPAIN<\/p>\t\t\t\t\t\t\t\t<\/div>\n\t\t\t\t<\/div>\n\t\t\t\t<div class=\"elementor-element elementor-element-8a6ff7c elementor-widget elementor-widget-video\" data-id=\"8a6ff7c\" data-element_type=\"widget\" data-settings=\"{&quot;youtube_url&quot;:&quot;https:\\\/\\\/www.youtube.com\\\/watch?v=BDeGatFDZHU&quot;,&quot;video_type&quot;:&quot;youtube&quot;,&quot;controls&quot;:&quot;yes&quot;}\" data-widget_type=\"video.default\">\n\t\t\t\t<div class=\"elementor-widget-container\">\n\t\t\t\t\t\t\t<div class=\"elementor-wrapper elementor-open-inline\">\n\t\t\t<div class=\"elementor-video\"><\/div>\t\t<\/div>\n\t\t\t\t\t\t<\/div>\n\t\t\t\t<\/div>\n\t\t\t\t<div class=\"elementor-element elementor-element-e215845 elementor-cta--layout-image-left elementor-cta--skin-classic elementor-animated-content elementor-bg-transform elementor-bg-transform-zoom-in elementor-widget elementor-widget-call-to-action\" data-id=\"e215845\" data-element_type=\"widget\" data-widget_type=\"call-to-action.default\">\n\t\t\t\t<div class=\"elementor-widget-container\">\n\t\t\t\t\t\t\t<div class=\"elementor-cta\">\n\t\t\t\t\t\t\t<div class=\"elementor-cta__content\">\n\t\t\t\t\n\t\t\t\t\n\t\t\t\t\t\t\t\t\t<div class=\"elementor-cta__description elementor-cta__content-item elementor-content-item\">\n\t\t\t\t\t\tSeminar REPORT SP\t\t\t\t\t<\/div>\n\t\t\t\t\n\t\t\t\t\t\t\t\t\t<div class=\"elementor-cta__button-wrapper elementor-cta__content-item elementor-content-item \">\n\t\t\t\t\t<a class=\"elementor-cta__button elementor-button elementor-size-\" href=\"\/wp-content\/uploads\/2026\/02\/Seminar-REPORT-SP.pdf\" target=\"_blank\">\n\t\t\t\t\t\tDownload Report\t\t\t\t\t<\/a>\n\t\t\t\t\t<\/div>\n\t\t\t\t\t\t\t<\/div>\n\t\t\t\t\t\t<\/div>\n\t\t\t\t\t\t<\/div>\n\t\t\t\t<\/div>\n\t\t\t\t\t<\/div>\n\t\t\t\t<\/div>\n\t\t<div class=\"elementor-element elementor-element-6619905 e-flex e-con-boxed e-con e-parent\" data-id=\"6619905\" data-element_type=\"container\">\n\t\t\t\t\t<div class=\"e-con-inner\">\n\t\t\t\t<div class=\"elementor-element elementor-element-516d2dc elementor-widget elementor-widget-text-editor\" data-id=\"516d2dc\" data-element_type=\"widget\" data-widget_type=\"text-editor.default\">\n\t\t\t\t<div class=\"elementor-widget-container\">\n\t\t\t\t\t\t\t\t\t<p style=\"--tw-border-spacing-x: 0; --tw-border-spacing-y: 0; --tw-translate-x: 0; --tw-translate-y: 0; --tw-rotate: 0; --tw-skew-x: 0; --tw-skew-y: 0; --tw-scale-x: 1; --tw-scale-y: 1; --tw-scroll-snap-strictness: proximity; --tw-ring-offset-width: 0px; --tw-ring-offset-color: #fff; --tw-ring-color: rgba(59,130,246,.5); --tw-ring-offset-shadow: 0 0 transparent; --tw-ring-shadow: 0 0 transparent; --tw-shadow: 0 0 transparent; --tw-shadow-colored: 0 0 transparent; margin: 0px 0px 20px; padding: 0px; line-height: 28px; overflow-wrap: break-word; white-space-collapse: preserve; color: #262626; font-family: -apple-system, 'system-ui', 'Helvetica Neue', Tahoma, 'PingFang SC', 'Microsoft Yahei', Arial, 'Hiragino Sans GB', sans-serif, 'Apple Color Emoji', 'Segoe UI Emoji', 'Segoe UI Symbol', 'Noto Color Emoji';\">Akadimos\u00a0<span lang=\"EN-US\">\u2013 Greece<\/span><\/p>\t\t\t\t\t\t\t\t<\/div>\n\t\t\t\t<\/div>\n\t\t\t\t<div class=\"elementor-element elementor-element-5ed04d5 elementor-widget elementor-widget-video\" data-id=\"5ed04d5\" data-element_type=\"widget\" data-settings=\"{&quot;youtube_url&quot;:&quot;https:\\\/\\\/www.youtube.com\\\/watch?v=s8P7snicQNY&quot;,&quot;video_type&quot;:&quot;youtube&quot;,&quot;controls&quot;:&quot;yes&quot;}\" data-widget_type=\"video.default\">\n\t\t\t\t<div class=\"elementor-widget-container\">\n\t\t\t\t\t\t\t<div class=\"elementor-wrapper elementor-open-inline\">\n\t\t\t<div class=\"elementor-video\"><\/div>\t\t<\/div>\n\t\t\t\t\t\t<\/div>\n\t\t\t\t<\/div>\n\t\t\t\t<div class=\"elementor-element elementor-element-2955669 elementor-cta--layout-image-left elementor-cta--skin-classic elementor-animated-content elementor-bg-transform elementor-bg-transform-zoom-in elementor-widget elementor-widget-call-to-action\" data-id=\"2955669\" data-element_type=\"widget\" data-widget_type=\"call-to-action.default\">\n\t\t\t\t<div class=\"elementor-widget-container\">\n\t\t\t\t\t\t\t<div class=\"elementor-cta\">\n\t\t\t\t\t\t\t<div class=\"elementor-cta__content\">\n\t\t\t\t\n\t\t\t\t\n\t\t\t\t\t\t\t\t\t<div class=\"elementor-cta__description elementor-cta__content-item elementor-content-item\">\n\t\t\t\t\t\tSeminar REPORT GR\t\t\t\t\t<\/div>\n\t\t\t\t\n\t\t\t\t\t\t\t\t\t<div class=\"elementor-cta__button-wrapper elementor-cta__content-item elementor-content-item \">\n\t\t\t\t\t<a class=\"elementor-cta__button elementor-button elementor-size-\" href=\"\/wp-content\/uploads\/2026\/02\/Seminar-REPORT-GR.pdf\" target=\"_blank\">\n\t\t\t\t\t\tDownload Report\t\t\t\t\t<\/a>\n\t\t\t\t\t<\/div>\n\t\t\t\t\t\t\t<\/div>\n\t\t\t\t\t\t<\/div>\n\t\t\t\t\t\t<\/div>\n\t\t\t\t<\/div>\n\t\t\t\t\t<\/div>\n\t\t\t\t<\/div>\n\t\t\t\t<\/div>\n\t\t","protected":false},"excerpt":{"rendered":"<p>Seminario sobre la ciudadan\u00eda de la UE El Seminario de Ciudadan\u00eda de la UE es un evento local de formaci\u00f3n que re\u00fane a miembros de la comunidad, educadores y l\u00edderes c\u00edvicos para explorar las m\u00faltiples dimensiones de la ciudadan\u00eda europea. Este seminario interactivo profundiza en los derechos y responsabilidades fundamentales que conlleva la ciudadan\u00eda de [&hellip;]<\/p>\n","protected":false},"author":1,"featured_media":0,"parent":0,"menu_order":0,"comment_status":"closed","ping_status":"closed","template":"","meta":{"footnotes":""},"class_list":["post-1362","page","type-page","status-publish","hentry"],"_links":{"self":[{"href":"https:\/\/voice-eu.eu\/es\/wp-json\/wp\/v2\/pages\/1362","targetHints":{"allow":["GET"]}}],"collection":[{"href":"https:\/\/voice-eu.eu\/es\/wp-json\/wp\/v2\/pages"}],"about":[{"href":"https:\/\/voice-eu.eu\/es\/wp-json\/wp\/v2\/types\/page"}],"author":[{"embeddable":true,"href":"https:\/\/voice-eu.eu\/es\/wp-json\/wp\/v2\/users\/1"}],"replies":[{"embeddable":true,"href":"https:\/\/voice-eu.eu\/es\/wp-json\/wp\/v2\/comments?post=1362"}],"version-history":[{"count":7,"href":"https:\/\/voice-eu.eu\/es\/wp-json\/wp\/v2\/pages\/1362\/revisions"}],"predecessor-version":[{"id":1369,"href":"https:\/\/voice-eu.eu\/es\/wp-json\/wp\/v2\/pages\/1362\/revisions\/1369"}],"wp:attachment":[{"href":"https:\/\/voice-eu.eu\/es\/wp-json\/wp\/v2\/media?parent=1362"}],"curies":[{"name":"wp","href":"https:\/\/api.w.org\/{rel}","templated":true}]}}