{"id":1370,"date":"2025-12-22T07:52:36","date_gmt":"2025-12-22T07:52:36","guid":{"rendered":"https:\/\/voice-eu.eu\/?page_id=1370"},"modified":"2026-02-18T08:11:34","modified_gmt":"2026-02-18T08:11:34","slug":"talleres-locales-para-contrarrestar-la-desinformacion","status":"publish","type":"page","link":"https:\/\/voice-eu.eu\/es\/talleres-locales-para-contrarrestar-la-desinformacion\/","title":{"rendered":"Talleres locales para contrarrestar la desinformaci\u00f3n"},"content":{"rendered":"\t\t<div data-elementor-type=\"wp-page\" data-elementor-id=\"1370\" class=\"elementor elementor-1370 elementor-765\" data-elementor-post-type=\"page\">\n\t\t\t\t<div class=\"elementor-element elementor-element-8203f2c e-flex e-con-boxed e-con e-parent\" data-id=\"8203f2c\" data-element_type=\"container\" data-settings=\"{&quot;background_background&quot;:&quot;classic&quot;,&quot;shape_divider_bottom&quot;:&quot;tilt&quot;}\">\n\t\t\t\t\t<div class=\"e-con-inner\">\n\t\t\t\t<div class=\"elementor-shape elementor-shape-bottom\" data-negative=\"false\">\n\t\t\t<svg xmlns=\"http:\/\/www.w3.org\/2000\/svg\" viewBox=\"0 0 1000 100\" preserveAspectRatio=\"none\">\n\t<path class=\"elementor-shape-fill\" d=\"M0,6V0h1000v100L0,6z\"\/>\n<\/svg>\t\t<\/div>\n\t\t\t\t<div class=\"elementor-element elementor-element-cb512cc elementor-widget elementor-widget-heading\" data-id=\"cb512cc\" data-element_type=\"widget\" data-widget_type=\"heading.default\">\n\t\t\t\t<div class=\"elementor-widget-container\">\n\t\t\t\t\t<h1 class=\"elementor-heading-title elementor-size-default\">Talleres locales para contrarrestar la desinformaci\u00f3n<\/h1>\t\t\t\t<\/div>\n\t\t\t\t<\/div>\n\t\t\t\t\t<\/div>\n\t\t\t\t<\/div>\n\t\t<div class=\"elementor-element elementor-element-95882fd e-flex e-con-boxed e-con e-parent\" data-id=\"95882fd\" data-element_type=\"container\">\n\t\t\t\t\t<div class=\"e-con-inner\">\n\t\t\t\t<div class=\"elementor-element elementor-element-4906c8d elementor-widget elementor-widget-text-editor\" data-id=\"4906c8d\" data-element_type=\"widget\" data-widget_type=\"text-editor.default\">\n\t\t\t\t<div class=\"elementor-widget-container\">\n\t\t\t\t\t\t\t\t\t<p><span style=\"font-weight: 400;\">El taller &#8216;Abordando la Desinformaci\u00f3n&#8217; es una actividad pr\u00e1ctica de aprendizaje basada en competencias, dise\u00f1ada para dotar a los participantes de las herramientas de pensamiento cr\u00edtico y habilidades de alfabetizaci\u00f3n medi\u00e1tica necesarias para identificar, evaluar y contrarrestar informaci\u00f3n falsa o enga\u00f1osa en la era digital. En una \u00e9poca en la que la desinformaci\u00f3n se est\u00e1 difundiendo r\u00e1pidamente en las redes sociales y puede influir significativamente en la opini\u00f3n p\u00fablica y en los procesos democr\u00e1ticos, este taller aborda un desaf\u00edo cr\u00edtico que enfrentan las sociedades europeas. Los participantes aprenden a reconocer t\u00e1cticas comunes de desinformaci\u00f3n, a entender c\u00f3mo los algoritmos y c\u00e1maras de eco pueden amplificar narrativas falsas y a desarrollar estrategias para verificar la informaci\u00f3n antes de compartirla con otros. El taller combina ejercicios interactivos, estudios de caso reales y orientaci\u00f3n experta para ayudar a los participantes a convertirse en consumidores m\u00e1s atentos y difundores de informaci\u00f3n. Al centrarse en habilidades pr\u00e1cticas en lugar de solo conocimientos te\u00f3ricos, la actividad permite a los participantes actuar de inmediato en sus propias comunidades y redes sociales.<\/span><\/p><p><span style=\"font-weight: 400;\">Adem\u00e1s del desarrollo de habilidades individuales, el taller \u00abAfrontando la desinformaci\u00f3n\u00bb contribuye a fortalecer la salud general de las democracias europeas promoviendo una ciudadan\u00eda informada y la confianza en fuentes fiables de informaci\u00f3n. Los participantes aprenden sobre el papel del periodismo cre\u00edble, las organizaciones de verificaci\u00f3n de hechos y las fuentes de informaci\u00f3n institucional, mientras comprenden los factores psicol\u00f3gicos y sociales que hacen a las personas vulnerables a la desinformaci\u00f3n. El taller destaca la importancia de la alfabetizaci\u00f3n medi\u00e1tica como una habilidad fundamental para la participaci\u00f3n democr\u00e1tica, permitiendo a los ciudadanos participar de forma m\u00e1s eficaz en debates p\u00fablicos y procesos de toma de decisiones. Al fomentar una cultura de pensamiento cr\u00edtico y un intercambio responsable de informaci\u00f3n, esta actividad ayuda a construir comunidades m\u00e1s resilientes, mejor preparadas para resistir la manipulaci\u00f3n y tomar decisiones informadas sobre cuestiones europeas y locales. El taller demuestra el compromiso de VOICE-EU no solo con la promoci\u00f3n de la participaci\u00f3n c\u00edvica, sino tambi\u00e9n con garantizar que la participaci\u00f3n c\u00edvica se base en informaci\u00f3n precisa y razonamiento sensato.<\/span><\/p>\t\t\t\t\t\t\t\t<\/div>\n\t\t\t\t<\/div>\n\t\t\t\t\t<\/div>\n\t\t\t\t<\/div>\n\t\t<div class=\"elementor-element elementor-element-54cca01 elementor-hidden-desktop elementor-hidden-tablet elementor-hidden-mobile e-flex e-con-boxed e-con e-parent\" data-id=\"54cca01\" data-element_type=\"container\">\n\t\t\t\t\t<div class=\"e-con-inner\">\n\t\t<div class=\"elementor-element elementor-element-1b3c4c1 e-con-full e-flex e-con e-child\" data-id=\"1b3c4c1\" data-element_type=\"container\">\n\t\t\t\t<div class=\"elementor-element elementor-element-0765403 elementor-widget elementor-widget-image\" data-id=\"0765403\" data-element_type=\"widget\" data-widget_type=\"image.default\">\n\t\t\t\t<div class=\"elementor-widget-container\">\n\t\t\t\t\t\t\t\t\t\t\t\t\t\t\t<img fetchpriority=\"high\" decoding=\"async\" width=\"800\" height=\"360\" src=\"https:\/\/voice-eu.eu\/wp-content\/uploads\/2025\/12\/b373ddb58eb646179367f17381ba0f46_-1024x461.jpg\" class=\"attachment-large size-large wp-image-842\" alt=\"\" srcset=\"https:\/\/voice-eu.eu\/wp-content\/uploads\/2025\/12\/b373ddb58eb646179367f17381ba0f46_-1024x461.jpg 1024w, https:\/\/voice-eu.eu\/wp-content\/uploads\/2025\/12\/b373ddb58eb646179367f17381ba0f46_-300x135.jpg 300w, https:\/\/voice-eu.eu\/wp-content\/uploads\/2025\/12\/b373ddb58eb646179367f17381ba0f46_-768x346.jpg 768w, https:\/\/voice-eu.eu\/wp-content\/uploads\/2025\/12\/b373ddb58eb646179367f17381ba0f46_-1536x692.jpg 1536w, https:\/\/voice-eu.eu\/wp-content\/uploads\/2025\/12\/b373ddb58eb646179367f17381ba0f46_.jpg 1600w\" sizes=\"(max-width: 800px) 100vw, 800px\" \/>\t\t\t\t\t\t\t\t\t\t\t\t\t\t\t<\/div>\n\t\t\t\t<\/div>\n\t\t\t\t<\/div>\n\t\t<div class=\"elementor-element elementor-element-f825e36 e-con-full e-flex e-con e-child\" data-id=\"f825e36\" data-element_type=\"container\">\n\t\t\t\t<div class=\"elementor-element elementor-element-d70ee75 elementor-widget elementor-widget-image\" data-id=\"d70ee75\" data-element_type=\"widget\" data-widget_type=\"image.default\">\n\t\t\t\t<div class=\"elementor-widget-container\">\n\t\t\t\t\t\t\t\t\t\t\t\t\t\t\t<img decoding=\"async\" width=\"800\" height=\"600\" src=\"https:\/\/voice-eu.eu\/wp-content\/uploads\/2025\/12\/20250530_120154-1024x768.jpg\" class=\"attachment-large size-large wp-image-846\" alt=\"\" srcset=\"https:\/\/voice-eu.eu\/wp-content\/uploads\/2025\/12\/20250530_120154-1024x768.jpg 1024w, https:\/\/voice-eu.eu\/wp-content\/uploads\/2025\/12\/20250530_120154-300x225.jpg 300w, https:\/\/voice-eu.eu\/wp-content\/uploads\/2025\/12\/20250530_120154-768x576.jpg 768w, https:\/\/voice-eu.eu\/wp-content\/uploads\/2025\/12\/20250530_120154-1536x1152.jpg 1536w, https:\/\/voice-eu.eu\/wp-content\/uploads\/2025\/12\/20250530_120154-2048x1536.jpg 2048w\" sizes=\"(max-width: 800px) 100vw, 800px\" \/>\t\t\t\t\t\t\t\t\t\t\t\t\t\t\t<\/div>\n\t\t\t\t<\/div>\n\t\t\t\t<\/div>\n\t\t<div class=\"elementor-element elementor-element-abf0049 e-con-full e-flex e-con e-child\" data-id=\"abf0049\" data-element_type=\"container\">\n\t\t\t\t<div class=\"elementor-element elementor-element-82ab5fa elementor-widget elementor-widget-image\" data-id=\"82ab5fa\" data-element_type=\"widget\" data-widget_type=\"image.default\">\n\t\t\t\t<div class=\"elementor-widget-container\">\n\t\t\t\t\t\t\t\t\t\t\t\t\t\t\t<img decoding=\"async\" width=\"800\" height=\"691\" src=\"https:\/\/voice-eu.eu\/wp-content\/uploads\/2025\/12\/WhatsApp-Image-2025-05-21-at-19.31.12-1024x884.jpeg\" class=\"attachment-large size-large wp-image-838\" alt=\"\" srcset=\"https:\/\/voice-eu.eu\/wp-content\/uploads\/2025\/12\/WhatsApp-Image-2025-05-21-at-19.31.12-1024x884.jpeg 1024w, https:\/\/voice-eu.eu\/wp-content\/uploads\/2025\/12\/WhatsApp-Image-2025-05-21-at-19.31.12-300x259.jpeg 300w, https:\/\/voice-eu.eu\/wp-content\/uploads\/2025\/12\/WhatsApp-Image-2025-05-21-at-19.31.12-768x663.jpeg 768w, https:\/\/voice-eu.eu\/wp-content\/uploads\/2025\/12\/WhatsApp-Image-2025-05-21-at-19.31.12.jpeg 1200w\" sizes=\"(max-width: 800px) 100vw, 800px\" \/>\t\t\t\t\t\t\t\t\t\t\t\t\t\t\t<\/div>\n\t\t\t\t<\/div>\n\t\t\t\t<\/div>\n\t\t<div class=\"elementor-element elementor-element-afd573f e-con-full e-flex e-con e-child\" data-id=\"afd573f\" data-element_type=\"container\">\n\t\t\t\t<div class=\"elementor-element elementor-element-992fc23 elementor-widget elementor-widget-image\" data-id=\"992fc23\" data-element_type=\"widget\" data-widget_type=\"image.default\">\n\t\t\t\t<div class=\"elementor-widget-container\">\n\t\t\t\t\t\t\t\t\t\t\t\t\t\t\t<img loading=\"lazy\" decoding=\"async\" width=\"695\" height=\"1024\" src=\"https:\/\/voice-eu.eu\/wp-content\/uploads\/2025\/12\/8-1-695x1024.jpg\" class=\"attachment-large size-large wp-image-821\" alt=\"\" srcset=\"https:\/\/voice-eu.eu\/wp-content\/uploads\/2025\/12\/8-1-695x1024.jpg 695w, https:\/\/voice-eu.eu\/wp-content\/uploads\/2025\/12\/8-1-204x300.jpg 204w, https:\/\/voice-eu.eu\/wp-content\/uploads\/2025\/12\/8-1-768x1132.jpg 768w, https:\/\/voice-eu.eu\/wp-content\/uploads\/2025\/12\/8-1-1042x1536.jpg 1042w, https:\/\/voice-eu.eu\/wp-content\/uploads\/2025\/12\/8-1.jpg 1170w\" sizes=\"(max-width: 695px) 100vw, 695px\" \/>\t\t\t\t\t\t\t\t\t\t\t\t\t\t\t<\/div>\n\t\t\t\t<\/div>\n\t\t\t\t<\/div>\n\t\t\t\t\t<\/div>\n\t\t\t\t<\/div>\n\t\t<div class=\"elementor-element elementor-element-c4f85f4 e-flex e-con-boxed e-con e-parent\" data-id=\"c4f85f4\" data-element_type=\"container\">\n\t\t\t\t\t<div class=\"e-con-inner\">\n\t\t\t\t<div class=\"elementor-element elementor-element-49d99c1 elementor-widget elementor-widget-text-editor\" data-id=\"49d99c1\" data-element_type=\"widget\" data-widget_type=\"text-editor.default\">\n\t\t\t\t<div class=\"elementor-widget-container\">\n\t\t\t\t\t\t\t\t\t<p style=\"--tw-border-spacing-x: 0; --tw-border-spacing-y: 0; --tw-translate-x: 0; --tw-translate-y: 0; --tw-rotate: 0; --tw-skew-x: 0; --tw-skew-y: 0; --tw-scale-x: 1; --tw-scale-y: 1; --tw-scroll-snap-strictness: proximity; --tw-ring-offset-width: 0px; --tw-ring-offset-color: #fff; --tw-ring-color: rgba(59,130,246,.5); --tw-ring-offset-shadow: 0 0 transparent; --tw-ring-shadow: 0 0 transparent; --tw-shadow: 0 0 transparent; --tw-shadow-colored: 0 0 transparent; margin: 0px 0px 20px; padding: 0px; line-height: 28px; overflow-wrap: break-word; white-space-collapse: preserve; color: #262626; font-family: -apple-system, 'system-ui', 'Helvetica Neue', Tahoma, 'PingFang SC', 'Microsoft Yahei', Arial, 'Hiragino Sans GB', sans-serif, 'Apple Color Emoji', 'Segoe UI Emoji', 'Segoe UI Symbol', 'Noto Color Emoji';\">TIMEDUCATION\u00a0<span lang=\"EN-US\">\u2013 ITALY<\/span><\/p>\t\t\t\t\t\t\t\t<\/div>\n\t\t\t\t<\/div>\n\t\t\t\t<div class=\"elementor-element elementor-element-ce011c8 elementor-widget elementor-widget-video\" data-id=\"ce011c8\" data-element_type=\"widget\" data-settings=\"{&quot;youtube_url&quot;:&quot;https:\\\/\\\/www.youtube.com\\\/watch?v=NmgdqniWBW8&quot;,&quot;video_type&quot;:&quot;youtube&quot;,&quot;controls&quot;:&quot;yes&quot;}\" data-widget_type=\"video.default\">\n\t\t\t\t<div class=\"elementor-widget-container\">\n\t\t\t\t\t\t\t<div class=\"elementor-wrapper elementor-open-inline\">\n\t\t\t<div class=\"elementor-video\"><\/div>\t\t<\/div>\n\t\t\t\t\t\t<\/div>\n\t\t\t\t<\/div>\n\t\t\t\t<div class=\"elementor-element elementor-element-eeb1221 elementor-cta--layout-image-left elementor-cta--skin-classic elementor-animated-content elementor-bg-transform elementor-bg-transform-zoom-in elementor-widget elementor-widget-call-to-action\" data-id=\"eeb1221\" data-element_type=\"widget\" data-widget_type=\"call-to-action.default\">\n\t\t\t\t<div class=\"elementor-widget-container\">\n\t\t\t\t\t\t\t<div class=\"elementor-cta\">\n\t\t\t\t\t\t\t<div class=\"elementor-cta__content\">\n\t\t\t\t\n\t\t\t\t\n\t\t\t\t\t\t\t\t\t<div class=\"elementor-cta__description elementor-cta__content-item elementor-content-item\">\n\t\t\t\t\t\tWorkshop REPORT \u0399\u03a4 \t\t\t\t\t<\/div>\n\t\t\t\t\n\t\t\t\t\t\t\t\t\t<div class=\"elementor-cta__button-wrapper elementor-cta__content-item elementor-content-item \">\n\t\t\t\t\t<a class=\"elementor-cta__button elementor-button elementor-size-\" href=\"\/wp-content\/uploads\/2026\/02\/Workshop-REPORT-IT.pdf\" target=\"_blank\">\n\t\t\t\t\t\tDownload Report\t\t\t\t\t<\/a>\n\t\t\t\t\t<\/div>\n\t\t\t\t\t\t\t<\/div>\n\t\t\t\t\t\t<\/div>\n\t\t\t\t\t\t<\/div>\n\t\t\t\t<\/div>\n\t\t\t\t\t<\/div>\n\t\t\t\t<\/div>\n\t\t<div class=\"elementor-element elementor-element-e3b7bf9 e-flex e-con-boxed e-con e-parent\" data-id=\"e3b7bf9\" data-element_type=\"container\">\n\t\t\t\t\t<div class=\"e-con-inner\">\n\t\t\t\t<div class=\"elementor-element elementor-element-d09b9fc elementor-widget elementor-widget-text-editor\" data-id=\"d09b9fc\" data-element_type=\"widget\" data-widget_type=\"text-editor.default\">\n\t\t\t\t<div class=\"elementor-widget-container\">\n\t\t\t\t\t\t\t\t\t<p style=\"--tw-border-spacing-x: 0; --tw-border-spacing-y: 0; --tw-translate-x: 0; --tw-translate-y: 0; --tw-rotate: 0; --tw-skew-x: 0; --tw-skew-y: 0; --tw-scale-x: 1; --tw-scale-y: 1; --tw-scroll-snap-strictness: proximity; --tw-ring-offset-width: 0px; --tw-ring-offset-color: #fff; --tw-ring-color: rgba(59,130,246,.5); --tw-ring-offset-shadow: 0 0 transparent; --tw-ring-shadow: 0 0 transparent; --tw-shadow: 0 0 transparent; --tw-shadow-colored: 0 0 transparent; margin: 0px 0px 20px; padding: 0px; line-height: 28px; overflow-wrap: break-word; white-space-collapse: preserve; color: #262626; font-family: -apple-system, 'system-ui', 'Helvetica Neue', Tahoma, 'PingFang SC', 'Microsoft Yahei', Arial, 'Hiragino Sans GB', sans-serif, 'Apple Color Emoji', 'Segoe UI Emoji', 'Segoe UI Symbol', 'Noto Color Emoji';\">Medio Cubo \u2013 SPAIN<\/p>\t\t\t\t\t\t\t\t<\/div>\n\t\t\t\t<\/div>\n\t\t\t\t<div class=\"elementor-element elementor-element-a1534b6 elementor-widget elementor-widget-video\" data-id=\"a1534b6\" data-element_type=\"widget\" data-settings=\"{&quot;youtube_url&quot;:&quot;https:\\\/\\\/www.youtube.com\\\/watch?v=ImTYBnfR2gY&quot;,&quot;video_type&quot;:&quot;youtube&quot;,&quot;controls&quot;:&quot;yes&quot;}\" data-widget_type=\"video.default\">\n\t\t\t\t<div class=\"elementor-widget-container\">\n\t\t\t\t\t\t\t<div class=\"elementor-wrapper elementor-open-inline\">\n\t\t\t<div class=\"elementor-video\"><\/div>\t\t<\/div>\n\t\t\t\t\t\t<\/div>\n\t\t\t\t<\/div>\n\t\t\t\t<div class=\"elementor-element elementor-element-5c0f26f elementor-cta--layout-image-left elementor-cta--skin-classic elementor-animated-content elementor-bg-transform elementor-bg-transform-zoom-in elementor-widget elementor-widget-call-to-action\" data-id=\"5c0f26f\" data-element_type=\"widget\" data-widget_type=\"call-to-action.default\">\n\t\t\t\t<div class=\"elementor-widget-container\">\n\t\t\t\t\t\t\t<div class=\"elementor-cta\">\n\t\t\t\t\t\t\t<div class=\"elementor-cta__content\">\n\t\t\t\t\n\t\t\t\t\n\t\t\t\t\t\t\t\t\t<div class=\"elementor-cta__description elementor-cta__content-item elementor-content-item\">\n\t\t\t\t\t\tWorkshop REPORT SP\t\t\t\t\t<\/div>\n\t\t\t\t\n\t\t\t\t\t\t\t\t\t<div class=\"elementor-cta__button-wrapper elementor-cta__content-item elementor-content-item \">\n\t\t\t\t\t<a class=\"elementor-cta__button elementor-button elementor-size-\" href=\"\/wp-content\/uploads\/2026\/02\/Workshop-REPORT-SP.pdf\" target=\"_blank\">\n\t\t\t\t\t\tDownload Report\t\t\t\t\t<\/a>\n\t\t\t\t\t<\/div>\n\t\t\t\t\t\t\t<\/div>\n\t\t\t\t\t\t<\/div>\n\t\t\t\t\t\t<\/div>\n\t\t\t\t<\/div>\n\t\t\t\t\t<\/div>\n\t\t\t\t<\/div>\n\t\t<div class=\"elementor-element elementor-element-cc44ec8 e-flex e-con-boxed e-con e-parent\" data-id=\"cc44ec8\" data-element_type=\"container\">\n\t\t\t\t\t<div class=\"e-con-inner\">\n\t\t\t\t<div class=\"elementor-element elementor-element-f9dddf3 elementor-widget elementor-widget-text-editor\" data-id=\"f9dddf3\" data-element_type=\"widget\" data-widget_type=\"text-editor.default\">\n\t\t\t\t<div class=\"elementor-widget-container\">\n\t\t\t\t\t\t\t\t\t<p style=\"--tw-border-spacing-x: 0; --tw-border-spacing-y: 0; --tw-translate-x: 0; --tw-translate-y: 0; --tw-rotate: 0; --tw-skew-x: 0; --tw-skew-y: 0; --tw-scale-x: 1; --tw-scale-y: 1; --tw-scroll-snap-strictness: proximity; --tw-ring-offset-width: 0px; --tw-ring-offset-color: #fff; --tw-ring-color: rgba(59,130,246,.5); --tw-ring-offset-shadow: 0 0 transparent; --tw-ring-shadow: 0 0 transparent; --tw-shadow: 0 0 transparent; --tw-shadow-colored: 0 0 transparent; margin: 0px 0px 20px; padding: 0px; line-height: 28px; overflow-wrap: break-word; white-space-collapse: preserve; color: #262626; font-family: -apple-system, 'system-ui', 'Helvetica Neue', Tahoma, 'PingFang SC', 'Microsoft Yahei', Arial, 'Hiragino Sans GB', sans-serif, 'Apple Color Emoji', 'Segoe UI Emoji', 'Segoe UI Symbol', 'Noto Color Emoji';\">\u00a0Akadimos\u00a0<span lang=\"EN-US\">\u2013 Greece<\/span><\/p>\t\t\t\t\t\t\t\t<\/div>\n\t\t\t\t<\/div>\n\t\t\t\t<div class=\"elementor-element elementor-element-4c3c0e3 elementor-widget elementor-widget-video\" data-id=\"4c3c0e3\" data-element_type=\"widget\" data-settings=\"{&quot;youtube_url&quot;:&quot;https:\\\/\\\/www.youtube.com\\\/watch?v=5-t1uyLvcSU&quot;,&quot;video_type&quot;:&quot;youtube&quot;,&quot;controls&quot;:&quot;yes&quot;}\" data-widget_type=\"video.default\">\n\t\t\t\t<div class=\"elementor-widget-container\">\n\t\t\t\t\t\t\t<div class=\"elementor-wrapper elementor-open-inline\">\n\t\t\t<div class=\"elementor-video\"><\/div>\t\t<\/div>\n\t\t\t\t\t\t<\/div>\n\t\t\t\t<\/div>\n\t\t\t\t<div class=\"elementor-element elementor-element-4973cc3 elementor-cta--layout-image-left elementor-cta--skin-classic elementor-animated-content elementor-bg-transform elementor-bg-transform-zoom-in elementor-widget elementor-widget-call-to-action\" data-id=\"4973cc3\" data-element_type=\"widget\" data-widget_type=\"call-to-action.default\">\n\t\t\t\t<div class=\"elementor-widget-container\">\n\t\t\t\t\t\t\t<div class=\"elementor-cta\">\n\t\t\t\t\t\t\t<div class=\"elementor-cta__content\">\n\t\t\t\t\n\t\t\t\t\n\t\t\t\t\t\t\t\t\t<div class=\"elementor-cta__description elementor-cta__content-item elementor-content-item\">\n\t\t\t\t\t\tWorkshop REPORT GR\t\t\t\t\t<\/div>\n\t\t\t\t\n\t\t\t\t\t\t\t\t\t<div class=\"elementor-cta__button-wrapper elementor-cta__content-item elementor-content-item \">\n\t\t\t\t\t<a class=\"elementor-cta__button elementor-button elementor-size-\" href=\"\/wp-content\/uploads\/2026\/02\/Workshop-REPORT-GR.pdf\" target=\"_blank\">\n\t\t\t\t\t\tDownload Report\t\t\t\t\t<\/a>\n\t\t\t\t\t<\/div>\n\t\t\t\t\t\t\t<\/div>\n\t\t\t\t\t\t<\/div>\n\t\t\t\t\t\t<\/div>\n\t\t\t\t<\/div>\n\t\t\t\t\t<\/div>\n\t\t\t\t<\/div>\n\t\t\t\t<\/div>\n\t\t","protected":false},"excerpt":{"rendered":"<p>Talleres locales para contrarrestar la desinformaci\u00f3n El taller &#8216;Abordando la Desinformaci\u00f3n&#8217; es una actividad pr\u00e1ctica de aprendizaje basada en competencias, dise\u00f1ada para dotar a los participantes de las herramientas de pensamiento cr\u00edtico y habilidades de alfabetizaci\u00f3n medi\u00e1tica necesarias para identificar, evaluar y contrarrestar informaci\u00f3n falsa o enga\u00f1osa en la era digital. En una \u00e9poca en [&hellip;]<\/p>\n","protected":false},"author":1,"featured_media":0,"parent":0,"menu_order":0,"comment_status":"closed","ping_status":"closed","template":"","meta":{"footnotes":""},"class_list":["post-1370","page","type-page","status-publish","hentry"],"_links":{"self":[{"href":"https:\/\/voice-eu.eu\/es\/wp-json\/wp\/v2\/pages\/1370","targetHints":{"allow":["GET"]}}],"collection":[{"href":"https:\/\/voice-eu.eu\/es\/wp-json\/wp\/v2\/pages"}],"about":[{"href":"https:\/\/voice-eu.eu\/es\/wp-json\/wp\/v2\/types\/page"}],"author":[{"embeddable":true,"href":"https:\/\/voice-eu.eu\/es\/wp-json\/wp\/v2\/users\/1"}],"replies":[{"embeddable":true,"href":"https:\/\/voice-eu.eu\/es\/wp-json\/wp\/v2\/comments?post=1370"}],"version-history":[{"count":4,"href":"https:\/\/voice-eu.eu\/es\/wp-json\/wp\/v2\/pages\/1370\/revisions"}],"predecessor-version":[{"id":1374,"href":"https:\/\/voice-eu.eu\/es\/wp-json\/wp\/v2\/pages\/1370\/revisions\/1374"}],"wp:attachment":[{"href":"https:\/\/voice-eu.eu\/es\/wp-json\/wp\/v2\/media?parent=1370"}],"curies":[{"name":"wp","href":"https:\/\/api.w.org\/{rel}","templated":true}]}}