{"id":1375,"date":"2025-12-22T08:03:36","date_gmt":"2025-12-22T08:03:36","guid":{"rendered":"https:\/\/voice-eu.eu\/?page_id=1375"},"modified":"2026-02-18T08:24:36","modified_gmt":"2026-02-18T08:24:36","slug":"juego-online-be-eu","status":"publish","type":"page","link":"https:\/\/voice-eu.eu\/es\/juego-online-be-eu\/","title":{"rendered":"Juego online Be-EU"},"content":{"rendered":"\t\t<div data-elementor-type=\"wp-page\" data-elementor-id=\"1375\" class=\"elementor elementor-1375 elementor-773\" data-elementor-post-type=\"page\">\n\t\t\t\t<div class=\"elementor-element elementor-element-f18ffc0 e-flex e-con-boxed e-con e-parent\" data-id=\"f18ffc0\" data-element_type=\"container\" data-settings=\"{&quot;background_background&quot;:&quot;classic&quot;,&quot;shape_divider_bottom&quot;:&quot;tilt&quot;}\">\n\t\t\t\t\t<div class=\"e-con-inner\">\n\t\t\t\t<div class=\"elementor-shape elementor-shape-bottom\" data-negative=\"false\">\n\t\t\t<svg xmlns=\"http:\/\/www.w3.org\/2000\/svg\" viewBox=\"0 0 1000 100\" preserveAspectRatio=\"none\">\n\t<path class=\"elementor-shape-fill\" d=\"M0,6V0h1000v100L0,6z\"\/>\n<\/svg>\t\t<\/div>\n\t\t\t\t<div class=\"elementor-element elementor-element-68d8398 elementor-widget elementor-widget-image\" data-id=\"68d8398\" data-element_type=\"widget\" data-widget_type=\"image.default\">\n\t\t\t\t<div class=\"elementor-widget-container\">\n\t\t\t\t\t\t\t\t\t\t\t\t\t\t\t<img decoding=\"async\" width=\"300\" height=\"106\" src=\"https:\/\/voice-eu.eu\/wp-content\/uploads\/2026\/02\/beeu-logo-300x106.jpg\" class=\"attachment-medium size-medium wp-image-1206\" alt=\"\" srcset=\"https:\/\/voice-eu.eu\/wp-content\/uploads\/2026\/02\/beeu-logo-300x106.jpg 300w, https:\/\/voice-eu.eu\/wp-content\/uploads\/2026\/02\/beeu-logo.jpg 688w\" sizes=\"(max-width: 300px) 100vw, 300px\" \/>\t\t\t\t\t\t\t\t\t\t\t\t\t\t\t<\/div>\n\t\t\t\t<\/div>\n\t\t\t\t<div class=\"elementor-element elementor-element-9c725a3 elementor-widget elementor-widget-heading\" data-id=\"9c725a3\" data-element_type=\"widget\" data-widget_type=\"heading.default\">\n\t\t\t\t<div class=\"elementor-widget-container\">\n\t\t\t\t\t<h1 class=\"elementor-heading-title elementor-size-default\">Juego online Be-EU<\/h1>\t\t\t\t<\/div>\n\t\t\t\t<\/div>\n\t\t\t\t\t<\/div>\n\t\t\t\t<\/div>\n\t\t<div class=\"elementor-element elementor-element-38125db e-flex e-con-boxed e-con e-parent\" data-id=\"38125db\" data-element_type=\"container\">\n\t\t\t\t\t<div class=\"e-con-inner\">\n\t\t\t\t<div class=\"elementor-element elementor-element-28082ad elementor-widget elementor-widget-text-editor\" data-id=\"28082ad\" data-element_type=\"widget\" data-widget_type=\"text-editor.default\">\n\t\t\t\t<div class=\"elementor-widget-container\">\n\t\t\t\t\t\t\t\t\t<p><span style=\"font-weight: 400;\">El juego online \u00abBe-EU\u00bb es una herramienta digital innovadora desarrollada dentro del proyecto VOICE-EU para hacer que la educaci\u00f3n sobre la ciudadan\u00eda europea sea atractiva e interactiva. Esta plataforma gamificada est\u00e1 dise\u00f1ada para educar a participantes de todas las edades sobre los valores, las instituciones y la participaci\u00f3n c\u00edvica europeas de una manera divertida y accesible. A trav\u00e9s de mec\u00e1nicas de juego interactivas, los usuarios exploran diversos aspectos de la integraci\u00f3n europea, aprenden sobre los derechos y responsabilidades de los ciudadanos de la UE y descubren c\u00f3mo participar activamente en los procesos democr\u00e1ticos. El juego combina entretenimiento y contenido educativo, haciendo que temas europeos complejos sean comprensibles y accesibles para p\u00fablicos diversos en todo el continente.<\/span><\/p><p><span style=\"font-weight: 400;\">La plataforma act\u00faa como un puente entre la educaci\u00f3n tradicional y la participaci\u00f3n digital moderna, animando a los actores a reflexionar cr\u00edticamente sobre su papel como ciudadanos europeos. Al completar desaf\u00edos, resolver acertijos y avanzar en diferentes niveles, los usuarios adquieren conocimientos pr\u00e1cticos sobre las pol\u00edticas de la UE, la diversidad cultural y las oportunidades de participaci\u00f3n c\u00edvica. El juego est\u00e1 dise\u00f1ado para ser accesible en diferentes dispositivos e idiomas, asegurando que alcance al mayor p\u00fablico posible. Esta actividad demuestra el compromiso del proyecto con el uso de la tecnolog\u00eda para promover un compromiso c\u00edvico inclusivo y fomentar un sentido de identidad europea entre participantes de diferentes or\u00edgenes y grupos de edad.<\/span><\/p>\t\t\t\t\t\t\t\t<\/div>\n\t\t\t\t<\/div>\n\t\t\t\t\t<\/div>\n\t\t\t\t<\/div>\n\t\t<div class=\"elementor-element elementor-element-d91f9fb e-flex e-con-boxed e-con e-parent\" data-id=\"d91f9fb\" data-element_type=\"container\">\n\t\t\t\t\t<div class=\"e-con-inner\">\n\t\t\t\t<div class=\"elementor-element elementor-element-4dd7763 elementor-cta--layout-image-left elementor-cta--skin-classic elementor-animated-content elementor-bg-transform elementor-bg-transform-zoom-in elementor-widget elementor-widget-call-to-action\" data-id=\"4dd7763\" data-element_type=\"widget\" data-widget_type=\"call-to-action.default\">\n\t\t\t\t<div class=\"elementor-widget-container\">\n\t\t\t\t\t\t\t<div class=\"elementor-cta\">\n\t\t\t\t\t\t\t<div class=\"elementor-cta__content\">\n\t\t\t\t\n\t\t\t\t\n\t\t\t\t\n\t\t\t\t\t\t\t\t\t<div class=\"elementor-cta__button-wrapper elementor-cta__content-item elementor-content-item \">\n\t\t\t\t\t<a class=\"elementor-cta__button elementor-button elementor-size-\" href=\"https:\/\/voice-eu.eu\/beeu\/manual\/game_instructions_EN.pdf\" target=\"_blank\">\n\t\t\t\t\t\tManual del juego\t\t\t\t\t<\/a>\n\t\t\t\t\t<\/div>\n\t\t\t\t\t\t\t<\/div>\n\t\t\t\t\t\t<\/div>\n\t\t\t\t\t\t<\/div>\n\t\t\t\t<\/div>\n\t\t\t\t<div class=\"elementor-element elementor-element-39f8f12 elementor-widget elementor-widget-text-editor\" data-id=\"39f8f12\" data-element_type=\"widget\" data-widget_type=\"text-editor.default\">\n\t\t\t\t<div class=\"elementor-widget-container\">\n\t\t\t\t\t\t\t\t\t<div style=\"white-space-collapse: preserve; margin-inline: 0px; overflow-wrap: break-word; margin-bottom: 0px; margin-top: 0.5em; font-family: 'Segoe UI Historic', 'Segoe UI', Helvetica, Arial, sans-serif; color: #080809; font-size: 15px;\"><div dir=\"auto\" style=\"font-family: inherit;\"><p><span style=\"font-weight: 400;\">\u00a1No dudes en compartirlo y ayudar a otros a descubrir c\u00f3mo jugar, aprender y divertirse con BE-EU!<\/span><\/p><\/div><\/div>\t\t\t\t\t\t\t\t<\/div>\n\t\t\t\t<\/div>\n\t\t\t\t<div class=\"elementor-element elementor-element-e0882bb elementor-cta--layout-image-below elementor-cta--skin-classic elementor-animated-content elementor-bg-transform elementor-bg-transform-zoom-in elementor-widget elementor-widget-call-to-action\" data-id=\"e0882bb\" data-element_type=\"widget\" data-widget_type=\"call-to-action.default\">\n\t\t\t\t<div class=\"elementor-widget-container\">\n\t\t\t\t\t\t\t<a class=\"elementor-cta\" href=\"https:\/\/voice-eu.eu\/beeu\/\" target=\"_blank\">\n\t\t\t\t\t\t\t<div class=\"elementor-cta__content\">\n\t\t\t\t\t\t\t\t\t<div class=\"elementor-content-item elementor-cta__content-item elementor-cta__image\">\n\t\t\t\t\t\t<img decoding=\"async\" width=\"300\" height=\"106\" src=\"https:\/\/voice-eu.eu\/wp-content\/uploads\/2026\/02\/beeu-logo-300x106.jpg\" class=\"attachment-medium size-medium wp-image-1206\" alt=\"\" srcset=\"https:\/\/voice-eu.eu\/wp-content\/uploads\/2026\/02\/beeu-logo-300x106.jpg 300w, https:\/\/voice-eu.eu\/wp-content\/uploads\/2026\/02\/beeu-logo.jpg 688w\" sizes=\"(max-width: 300px) 100vw, 300px\" \/>\t\t\t\t\t<\/div>\n\t\t\t\t\n\t\t\t\t\n\t\t\t\t\n\t\t\t\t\t\t\t\t\t<div class=\"elementor-cta__button-wrapper elementor-cta__content-item elementor-content-item \">\n\t\t\t\t\t<span class=\"elementor-cta__button elementor-button elementor-size-\">\n\t\t\t\t\t\tJUEGA AQUI\t\t\t\t\t<\/span>\n\t\t\t\t\t<\/div>\n\t\t\t\t\t\t\t<\/div>\n\t\t\t\t\t\t<\/a>\n\t\t\t\t\t\t<\/div>\n\t\t\t\t<\/div>\n\t\t\t\t<div class=\"elementor-element elementor-element-2e58831 elementor-widget elementor-widget-text-editor\" data-id=\"2e58831\" data-element_type=\"widget\" data-widget_type=\"text-editor.default\">\n\t\t\t\t<div class=\"elementor-widget-container\">\n\t\t\t\t\t\t\t\t\t<div style=\"white-space-collapse: preserve; margin-inline: 0px; overflow-wrap: break-word; margin-bottom: 0px; margin-top: 0.5em; font-family: 'Segoe UI Historic', 'Segoe UI', Helvetica, Arial, sans-serif; color: #080809; font-size: 15px;\"><div dir=\"auto\" style=\"font-family: inherit;\"><p>Por \u00faltimo, puedes acceder al informe del juego:<\/p><\/div><\/div>\t\t\t\t\t\t\t\t<\/div>\n\t\t\t\t<\/div>\n\t\t\t\t<div class=\"elementor-element elementor-element-f269fd7 elementor-cta--layout-image-left elementor-cta--skin-classic elementor-animated-content elementor-bg-transform elementor-bg-transform-zoom-in elementor-widget elementor-widget-call-to-action\" data-id=\"f269fd7\" data-element_type=\"widget\" data-widget_type=\"call-to-action.default\">\n\t\t\t\t<div class=\"elementor-widget-container\">\n\t\t\t\t\t\t\t<div class=\"elementor-cta\">\n\t\t\t\t\t\t\t<div class=\"elementor-cta__content\">\n\t\t\t\t\n\t\t\t\t\n\t\t\t\t\n\t\t\t\t\t\t\t\t\t<div class=\"elementor-cta__button-wrapper elementor-cta__content-item elementor-content-item \">\n\t\t\t\t\t<a class=\"elementor-cta__button elementor-button elementor-size-\" href=\"\/wp-content\/uploads\/2026\/02\/BE-EU-Game-Report.pdf\" target=\"_blank\">\n\t\t\t\t\t\tInforme del juego\t\t\t\t\t<\/a>\n\t\t\t\t\t<\/div>\n\t\t\t\t\t\t\t<\/div>\n\t\t\t\t\t\t<\/div>\n\t\t\t\t\t\t<\/div>\n\t\t\t\t<\/div>\n\t\t\t\t\t<\/div>\n\t\t\t\t<\/div>\n\t\t\t\t<\/div>\n\t\t","protected":false},"excerpt":{"rendered":"<p>Juego online Be-EU El juego online \u00abBe-EU\u00bb es una herramienta digital innovadora desarrollada dentro del proyecto VOICE-EU para hacer que la educaci\u00f3n sobre la ciudadan\u00eda europea sea atractiva e interactiva. Esta plataforma gamificada est\u00e1 dise\u00f1ada para educar a participantes de todas las edades sobre los valores, las instituciones y la participaci\u00f3n c\u00edvica europeas de una [&hellip;]<\/p>\n","protected":false},"author":1,"featured_media":0,"parent":0,"menu_order":0,"comment_status":"closed","ping_status":"closed","template":"","meta":{"footnotes":""},"class_list":["post-1375","page","type-page","status-publish","hentry"],"_links":{"self":[{"href":"https:\/\/voice-eu.eu\/es\/wp-json\/wp\/v2\/pages\/1375","targetHints":{"allow":["GET"]}}],"collection":[{"href":"https:\/\/voice-eu.eu\/es\/wp-json\/wp\/v2\/pages"}],"about":[{"href":"https:\/\/voice-eu.eu\/es\/wp-json\/wp\/v2\/types\/page"}],"author":[{"embeddable":true,"href":"https:\/\/voice-eu.eu\/es\/wp-json\/wp\/v2\/users\/1"}],"replies":[{"embeddable":true,"href":"https:\/\/voice-eu.eu\/es\/wp-json\/wp\/v2\/comments?post=1375"}],"version-history":[{"count":7,"href":"https:\/\/voice-eu.eu\/es\/wp-json\/wp\/v2\/pages\/1375\/revisions"}],"predecessor-version":[{"id":1383,"href":"https:\/\/voice-eu.eu\/es\/wp-json\/wp\/v2\/pages\/1375\/revisions\/1383"}],"wp:attachment":[{"href":"https:\/\/voice-eu.eu\/es\/wp-json\/wp\/v2\/media?parent=1375"}],"curies":[{"name":"wp","href":"https:\/\/api.w.org\/{rel}","templated":true}]}}