{"id":1384,"date":"2025-12-22T08:05:13","date_gmt":"2025-12-22T08:05:13","guid":{"rendered":"https:\/\/voice-eu.eu\/?page_id=1384"},"modified":"2026-03-10T12:01:57","modified_gmt":"2026-03-10T12:01:57","slug":"generaciones-descubiertas","status":"publish","type":"page","link":"https:\/\/voice-eu.eu\/es\/generaciones-descubiertas\/","title":{"rendered":"Generaciones descubiertas"},"content":{"rendered":"\t\t<div data-elementor-type=\"wp-page\" data-elementor-id=\"1384\" class=\"elementor elementor-1384 elementor-778\" data-elementor-post-type=\"page\">\n\t\t\t\t<div class=\"elementor-element elementor-element-4f05b90 e-flex e-con-boxed e-con e-parent\" data-id=\"4f05b90\" data-element_type=\"container\" data-settings=\"{&quot;background_background&quot;:&quot;classic&quot;,&quot;shape_divider_bottom&quot;:&quot;tilt&quot;}\">\n\t\t\t\t\t<div class=\"e-con-inner\">\n\t\t\t\t<div class=\"elementor-shape elementor-shape-bottom\" data-negative=\"false\">\n\t\t\t<svg xmlns=\"http:\/\/www.w3.org\/2000\/svg\" viewBox=\"0 0 1000 100\" preserveAspectRatio=\"none\">\n\t<path class=\"elementor-shape-fill\" d=\"M0,6V0h1000v100L0,6z\"\/>\n<\/svg>\t\t<\/div>\n\t\t\t\t<div class=\"elementor-element elementor-element-fedb0b0 elementor-widget elementor-widget-heading\" data-id=\"fedb0b0\" data-element_type=\"widget\" data-widget_type=\"heading.default\">\n\t\t\t\t<div class=\"elementor-widget-container\">\n\t\t\t\t\t<h1 class=\"elementor-heading-title elementor-size-default\">Generaciones descubiertas<\/h1>\t\t\t\t<\/div>\n\t\t\t\t<\/div>\n\t\t\t\t\t<\/div>\n\t\t\t\t<\/div>\n\t\t<div class=\"elementor-element elementor-element-fa960ad e-flex e-con-boxed e-con e-parent\" data-id=\"fa960ad\" data-element_type=\"container\">\n\t\t\t\t\t<div class=\"e-con-inner\">\n\t\t\t\t<div class=\"elementor-element elementor-element-41ad5fa elementor-widget elementor-widget-text-editor\" data-id=\"41ad5fa\" data-element_type=\"widget\" data-widget_type=\"text-editor.default\">\n\t\t\t\t<div class=\"elementor-widget-container\">\n\t\t\t\t\t\t\t\t\t<p><span style=\"font-weight: 400;\">\u00abGeneraciones Descubiertas\u00bb es una actividad intergeneracional innovadora que re\u00fane a personas de diferentes edades para entablar un di\u00e1logo significativo sobre la identidad europea, los valores y la participaci\u00f3n c\u00edvica. A trav\u00e9s de una serie de entrevistas dobles \u2014conversaciones entre personas de diferentes generaciones\u2014 el proyecto explora c\u00f3mo han evolucionado las perspectivas sobre Europa, la ciudadan\u00eda y el compromiso democr\u00e1tico a lo largo del tiempo. Los participantes m\u00e1s j\u00f3venes comparten sus esperanzas, preocupaciones y aspiraciones para el futuro de Europa, mientras que los participantes mayores reflexionan sobre sus experiencias de integraci\u00f3n europea, cambios hist\u00f3ricos y el desarrollo de la Uni\u00f3n Europea. Estas conversaciones estructuradas crean una oportunidad \u00fanica para el aprendizaje y la comprensi\u00f3n mutua, rompiendo estereotipos relacionados con la edad y promoviendo la solidaridad intergeneracional. La actividad reconoce que diferentes generaciones aportan valiosas ideas y experiencias a las discusiones sobre el presente y el futuro de Europa.<\/span><\/p><p><span style=\"font-weight: 400;\">El formato de doble entrevista cumple m\u00faltiples prop\u00f3sitos: genera datos cualitativos en profundidad sobre c\u00f3mo los temas europeos resuenan en diferentes grupos de edad, crea conexiones personales significativas entre los participantes y produce narrativas convincentes que pueden compartirse con un p\u00fablico m\u00e1s amplio para inspirar a otros. Las entrevistas se realizan en contextos locales de pa\u00edses socios, asegurando que la actividad sea accesible y relevante para diferentes comunidades. Las historias y perspectivas recogidas a trav\u00e9s de estas entrevistas se documentan y comparten a trav\u00e9s de diversos formatos multimedia, amplificando las voces de los participantes y demostrando la diversidad de perspectivas europeas. Al destacar las contribuciones y la sabidur\u00eda de las generaciones m\u00e1s j\u00f3venes y mayores, \u00abGeneraciones Descubiertas\u00bb promueve una visi\u00f3n m\u00e1s inclusiva de la ciudadan\u00eda europea que valora el di\u00e1logo intergeneracional y reconoce que construir una Europa m\u00e1s fuerte requiere la implicaci\u00f3n y comprensi\u00f3n de las personas en todas las etapas de la vida.<\/span><\/p>\t\t\t\t\t\t\t\t<\/div>\n\t\t\t\t<\/div>\n\t\t\t\t\t<\/div>\n\t\t\t\t<\/div>\n\t\t<div class=\"elementor-element elementor-element-29e082e e-flex e-con-boxed e-con e-parent\" data-id=\"29e082e\" data-element_type=\"container\">\n\t\t\t\t\t<div class=\"e-con-inner\">\n\t\t\t\t<div class=\"elementor-element elementor-element-5f5f46b elementor-widget elementor-widget-text-editor\" data-id=\"5f5f46b\" data-element_type=\"widget\" data-widget_type=\"text-editor.default\">\n\t\t\t\t<div class=\"elementor-widget-container\">\n\t\t\t\t\t\t\t\t\t<p>Generaciones descubiertas &#8211; VOICE EU<\/p>\t\t\t\t\t\t\t\t<\/div>\n\t\t\t\t<\/div>\n\t\t\t\t<div class=\"elementor-element elementor-element-e8484b9 elementor-widget elementor-widget-video\" data-id=\"e8484b9\" data-element_type=\"widget\" data-settings=\"{&quot;youtube_url&quot;:&quot;https:\\\/\\\/www.youtube.com\\\/watch?v=O2SdkOjRsJU&quot;,&quot;video_type&quot;:&quot;youtube&quot;,&quot;controls&quot;:&quot;yes&quot;}\" data-widget_type=\"video.default\">\n\t\t\t\t<div class=\"elementor-widget-container\">\n\t\t\t\t\t\t\t<div class=\"elementor-wrapper elementor-open-inline\">\n\t\t\t<div class=\"elementor-video\"><\/div>\t\t<\/div>\n\t\t\t\t\t\t<\/div>\n\t\t\t\t<\/div>\n\t\t\t\t\t<\/div>\n\t\t\t\t<\/div>\n\t\t\t\t<\/div>\n\t\t","protected":false},"excerpt":{"rendered":"<p>Generaciones descubiertas \u00abGeneraciones Descubiertas\u00bb es una actividad intergeneracional innovadora que re\u00fane a personas de diferentes edades para entablar un di\u00e1logo significativo sobre la identidad europea, los valores y la participaci\u00f3n c\u00edvica. A trav\u00e9s de una serie de entrevistas dobles \u2014conversaciones entre personas de diferentes generaciones\u2014 el proyecto explora c\u00f3mo han evolucionado las perspectivas sobre Europa, [&hellip;]<\/p>\n","protected":false},"author":1,"featured_media":0,"parent":0,"menu_order":0,"comment_status":"closed","ping_status":"closed","template":"","meta":{"footnotes":""},"class_list":["post-1384","page","type-page","status-publish","hentry"],"_links":{"self":[{"href":"https:\/\/voice-eu.eu\/es\/wp-json\/wp\/v2\/pages\/1384","targetHints":{"allow":["GET"]}}],"collection":[{"href":"https:\/\/voice-eu.eu\/es\/wp-json\/wp\/v2\/pages"}],"about":[{"href":"https:\/\/voice-eu.eu\/es\/wp-json\/wp\/v2\/types\/page"}],"author":[{"embeddable":true,"href":"https:\/\/voice-eu.eu\/es\/wp-json\/wp\/v2\/users\/1"}],"replies":[{"embeddable":true,"href":"https:\/\/voice-eu.eu\/es\/wp-json\/wp\/v2\/comments?post=1384"}],"version-history":[{"count":7,"href":"https:\/\/voice-eu.eu\/es\/wp-json\/wp\/v2\/pages\/1384\/revisions"}],"predecessor-version":[{"id":1555,"href":"https:\/\/voice-eu.eu\/es\/wp-json\/wp\/v2\/pages\/1384\/revisions\/1555"}],"wp:attachment":[{"href":"https:\/\/voice-eu.eu\/es\/wp-json\/wp\/v2\/media?parent=1384"}],"curies":[{"name":"wp","href":"https:\/\/api.w.org\/{rel}","templated":true}]}}