{"id":1389,"date":"2025-12-22T08:09:29","date_gmt":"2025-12-22T08:09:29","guid":{"rendered":"https:\/\/voice-eu.eu\/?page_id=1389"},"modified":"2026-02-18T08:30:03","modified_gmt":"2026-02-18T08:30:03","slug":"eurovoice","status":"publish","type":"page","link":"https:\/\/voice-eu.eu\/es\/eurovoice\/","title":{"rendered":"EuroVoice"},"content":{"rendered":"\t\t<div data-elementor-type=\"wp-page\" data-elementor-id=\"1389\" class=\"elementor elementor-1389 elementor-783\" data-elementor-post-type=\"page\">\n\t\t\t\t<div class=\"elementor-element elementor-element-74554c0 e-flex e-con-boxed e-con e-parent\" data-id=\"74554c0\" data-element_type=\"container\" data-settings=\"{&quot;background_background&quot;:&quot;classic&quot;,&quot;shape_divider_bottom&quot;:&quot;tilt&quot;}\">\n\t\t\t\t\t<div class=\"e-con-inner\">\n\t\t\t\t<div class=\"elementor-shape elementor-shape-bottom\" data-negative=\"false\">\n\t\t\t<svg xmlns=\"http:\/\/www.w3.org\/2000\/svg\" viewBox=\"0 0 1000 100\" preserveAspectRatio=\"none\">\n\t<path class=\"elementor-shape-fill\" d=\"M0,6V0h1000v100L0,6z\"\/>\n<\/svg>\t\t<\/div>\n\t\t\t\t<div class=\"elementor-element elementor-element-9dfe267 elementor-widget elementor-widget-heading\" data-id=\"9dfe267\" data-element_type=\"widget\" data-widget_type=\"heading.default\">\n\t\t\t\t<div class=\"elementor-widget-container\">\n\t\t\t\t\t<h1 class=\"elementor-heading-title elementor-size-default\">EuroVoice <\/h1>\t\t\t\t<\/div>\n\t\t\t\t<\/div>\n\t\t\t\t\t<\/div>\n\t\t\t\t<\/div>\n\t\t<div class=\"elementor-element elementor-element-c126399 e-flex e-con-boxed e-con e-parent\" data-id=\"c126399\" data-element_type=\"container\">\n\t\t\t\t\t<div class=\"e-con-inner\">\n\t\t\t\t<div class=\"elementor-element elementor-element-7f74f25 elementor-widget elementor-widget-text-editor\" data-id=\"7f74f25\" data-element_type=\"widget\" data-widget_type=\"text-editor.default\">\n\t\t\t\t<div class=\"elementor-widget-container\">\n\t\t\t\t\t\t\t\t\t<p><span style=\"font-weight: 400;\">El evento de difusi\u00f3n \u00abEuroVoice: Compartiendo para la Participaci\u00f3n\u00bb es una reuni\u00f3n transnacional que re\u00fane a socios del proyecto, partes interesadas y participantes de Italia, Espa\u00f1a y Grecia para presentar los resultados e impacto de la iniciativa VOICE-UE. Esta actividad de movilidad sirve como plataforma para compartir buenas pr\u00e1cticas, lecciones aprendidas y enfoques innovadores para promover un compromiso c\u00edvico inclusivo en toda Europa. El evento incluir\u00e1 la presentaci\u00f3n de los resultados del proyecto, incluyendo perspectivas sobre el desarrollo del juego online, resultados de seminarios, resultados de talleres y datos de entrevistas intergeneracionales. Reuniendo diferentes perspectivas de distintos pa\u00edses europeos, el evento promueve el aprendizaje intercultural y permite a los participantes comprender c\u00f3mo var\u00edan los desaf\u00edos y soluciones de la participaci\u00f3n c\u00edvica en distintos contextos europeos. La reuni\u00f3n celebra el esp\u00edritu colaborativo de la asociaci\u00f3n VOICE-UE y demuestra la fortaleza de la cooperaci\u00f3n internacional para abordar los desaf\u00edos europeos comunes.<\/span><\/p><p><span style=\"font-weight: 400;\">El evento de difusi\u00f3n tambi\u00e9n sirve como la reuni\u00f3n oficial de clausura del proyecto, ofreciendo la oportunidad de reflexionar sobre los resultados logrados, evaluar la contribuci\u00f3n del proyecto al compromiso c\u00edvico europeo y debatir las direcciones futuras de iniciativas similares. Los participantes participan en sesiones de networking, talleres y mesas redondas que fomentan el di\u00e1logo entre profesionales, responsables pol\u00edticos, educadores y organizaciones de la sociedad civil. El evento genera documentaci\u00f3n y materiales valiosos que se difundir\u00e1n a un p\u00fablico m\u00e1s amplio a trav\u00e9s de diferentes canales, asegurando que las ideas y recomendaciones del proyecto lleguen a partes interesadas distintas a las que est\u00e1n f\u00edsicamente presentes. A trav\u00e9s de esta actividad de movilidad, VOICE-EU contribuye al debate europeo m\u00e1s amplio sobre el fortalecimiento de la democracia, la lucha contra la desinformaci\u00f3n y la creaci\u00f3n de espacios m\u00e1s inclusivos para la participaci\u00f3n c\u00edvica en todos los Estados miembros.<\/span><\/p>\t\t\t\t\t\t\t\t<\/div>\n\t\t\t\t<\/div>\n\t\t\t\t\t<\/div>\n\t\t\t\t<\/div>\n\t\t\t\t<\/div>\n\t\t","protected":false},"excerpt":{"rendered":"<p>EuroVoice El evento de difusi\u00f3n \u00abEuroVoice: Compartiendo para la Participaci\u00f3n\u00bb es una reuni\u00f3n transnacional que re\u00fane a socios del proyecto, partes interesadas y participantes de Italia, Espa\u00f1a y Grecia para presentar los resultados e impacto de la iniciativa VOICE-UE. Esta actividad de movilidad sirve como plataforma para compartir buenas pr\u00e1cticas, lecciones aprendidas y enfoques innovadores [&hellip;]<\/p>\n","protected":false},"author":1,"featured_media":0,"parent":0,"menu_order":0,"comment_status":"closed","ping_status":"closed","template":"","meta":{"footnotes":""},"class_list":["post-1389","page","type-page","status-publish","hentry"],"_links":{"self":[{"href":"https:\/\/voice-eu.eu\/es\/wp-json\/wp\/v2\/pages\/1389","targetHints":{"allow":["GET"]}}],"collection":[{"href":"https:\/\/voice-eu.eu\/es\/wp-json\/wp\/v2\/pages"}],"about":[{"href":"https:\/\/voice-eu.eu\/es\/wp-json\/wp\/v2\/types\/page"}],"author":[{"embeddable":true,"href":"https:\/\/voice-eu.eu\/es\/wp-json\/wp\/v2\/users\/1"}],"replies":[{"embeddable":true,"href":"https:\/\/voice-eu.eu\/es\/wp-json\/wp\/v2\/comments?post=1389"}],"version-history":[{"count":4,"href":"https:\/\/voice-eu.eu\/es\/wp-json\/wp\/v2\/pages\/1389\/revisions"}],"predecessor-version":[{"id":1393,"href":"https:\/\/voice-eu.eu\/es\/wp-json\/wp\/v2\/pages\/1389\/revisions\/1393"}],"wp:attachment":[{"href":"https:\/\/voice-eu.eu\/es\/wp-json\/wp\/v2\/media?parent=1389"}],"curies":[{"name":"wp","href":"https:\/\/api.w.org\/{rel}","templated":true}]}}