{"id":245,"date":"2025-02-19T11:37:04","date_gmt":"2025-02-19T11:37:04","guid":{"rendered":"https:\/\/voice-eu.eu\/?page_id=245"},"modified":"2026-02-17T12:08:05","modified_gmt":"2026-02-17T12:08:05","slug":"inicio","status":"publish","type":"page","link":"https:\/\/voice-eu.eu\/es\/","title":{"rendered":"Inicio"},"content":{"rendered":"\t\t<div data-elementor-type=\"wp-page\" data-elementor-id=\"245\" class=\"elementor elementor-245 elementor-11\" data-elementor-post-type=\"page\">\n\t\t\t\t<div class=\"elementor-element elementor-element-88e5187 e-con-full e-flex e-con e-parent\" data-id=\"88e5187\" data-element_type=\"container\">\n\t\t\t\t<div class=\"elementor-element elementor-element-b846baa elementor-widget elementor-widget-image\" data-id=\"b846baa\" data-element_type=\"widget\" data-widget_type=\"image.default\">\n\t\t\t\t<div class=\"elementor-widget-container\">\n\t\t\t\t\t\t\t\t\t\t\t\t\t\t\t<img fetchpriority=\"high\" decoding=\"async\" width=\"800\" height=\"800\" src=\"https:\/\/voice-eu.eu\/wp-content\/uploads\/2025\/02\/Logo-Voice-EU-1-1024x1024.png\" class=\"attachment-large size-large wp-image-247\" alt=\"\" srcset=\"https:\/\/voice-eu.eu\/wp-content\/uploads\/2025\/02\/Logo-Voice-EU-1-1024x1024.png 1024w, https:\/\/voice-eu.eu\/wp-content\/uploads\/2025\/02\/Logo-Voice-EU-1-300x300.png 300w, https:\/\/voice-eu.eu\/wp-content\/uploads\/2025\/02\/Logo-Voice-EU-1-150x150.png 150w, https:\/\/voice-eu.eu\/wp-content\/uploads\/2025\/02\/Logo-Voice-EU-1-768x768.png 768w, https:\/\/voice-eu.eu\/wp-content\/uploads\/2025\/02\/Logo-Voice-EU-1.png 1080w\" sizes=\"(max-width: 800px) 100vw, 800px\" \/>\t\t\t\t\t\t\t\t\t\t\t\t\t\t\t<\/div>\n\t\t\t\t<\/div>\n\t\t\t\t<div class=\"elementor-element elementor-element-5673d51 elementor-widget__width-inherit elementor-absolute elementor-widget elementor-widget-text-editor\" data-id=\"5673d51\" data-element_type=\"widget\" data-settings=\"{&quot;_position&quot;:&quot;absolute&quot;}\" data-widget_type=\"text-editor.default\">\n\t\t\t\t<div class=\"elementor-widget-container\">\n\t\t\t\t\t\t\t\t\t<p><span style=\"font-weight: 400;\">Logotipo Voice-EU Una Asociaci\u00f3n Erasmus+ a peque\u00f1a escala (KA210-ADU) centrada en el aprendizaje de adultos, la participaci\u00f3n c\u00edvica, el desarrollo de competencias y la dimensi\u00f3n europea<\/span><\/p>\t\t\t\t\t\t\t\t<\/div>\n\t\t\t\t<\/div>\n\t\t\t\t<\/div>\n\t\t<div class=\"elementor-element elementor-element-a94e29d e-flex e-con-boxed e-con e-parent\" data-id=\"a94e29d\" data-element_type=\"container\" data-settings=\"{&quot;background_background&quot;:&quot;classic&quot;,&quot;shape_divider_bottom&quot;:&quot;tilt&quot;}\">\n\t\t\t\t\t<div class=\"e-con-inner\">\n\t\t\t\t<div class=\"elementor-shape elementor-shape-bottom\" data-negative=\"false\">\n\t\t\t<svg xmlns=\"http:\/\/www.w3.org\/2000\/svg\" viewBox=\"0 0 1000 100\" preserveAspectRatio=\"none\">\n\t<path class=\"elementor-shape-fill\" d=\"M0,6V0h1000v100L0,6z\"\/>\n<\/svg>\t\t<\/div>\n\t\t\t\t<div class=\"elementor-element elementor-element-51ac209 elementor-widget elementor-widget-heading\" data-id=\"51ac209\" data-element_type=\"widget\" data-widget_type=\"heading.default\">\n\t\t\t\t<div class=\"elementor-widget-container\">\n\t\t\t\t\t<h2 class=\"elementor-heading-title elementor-size-default\">\u00a1Bienvenido al proyecto VOICE EU!<\/h2>\t\t\t\t<\/div>\n\t\t\t\t<\/div>\n\t\t\t\t<div class=\"elementor-element elementor-element-08ecc88 elementor-widget elementor-widget-text-editor\" data-id=\"08ecc88\" data-element_type=\"widget\" data-widget_type=\"text-editor.default\">\n\t\t\t\t<div class=\"elementor-widget-container\">\n\t\t\t\t\t\t\t\t\t<p><span style=\"font-weight: 400;\">Un proyecto dedicado a promover la participaci\u00f3n activa de los ciudadanos europeos en el proceso democr\u00e1tico, fomentar su conciencia y compromiso en contextos pol\u00edticos nacionales y europeos, al tiempo que fomenta la participaci\u00f3n participativa y compartida mediante la implementaci\u00f3n y uso de herramientas digitales.<\/span><\/p><p><b>VOICE-EU: <\/b><span style=\"font-weight: 400;\">Valorando las oportunidades para la participaci\u00f3n c\u00edvica inclusiva en Europa es una asociaci\u00f3n Erasmus+ a peque\u00f1a escala para la educaci\u00f3n de adultos (KA210-ADU) que dura 18 meses (1 de octubre de 2024 &#8211; 31 de marzo de 2026) que involucra a tres pa\u00edses europeos: Italia, Grecia y Espa\u00f1a. Coordinado por Timeducation y Tiziana Marinelli (Italia), el proyecto re\u00fane a tres organizaciones asociadas comprometidas con promover la participaci\u00f3n activa y la participaci\u00f3n democr\u00e1tica entre adultos europeos a trav\u00e9s del aprendizaje no formal.<\/span><\/p>\t\t\t\t\t\t\t\t<\/div>\n\t\t\t\t<\/div>\n\t\t\t\t\t<\/div>\n\t\t\t\t<\/div>\n\t\t<div class=\"elementor-element elementor-element-9033bfa e-flex e-con-boxed e-con e-parent\" data-id=\"9033bfa\" data-element_type=\"container\">\n\t\t\t\t\t<div class=\"e-con-inner\">\n\t\t<div class=\"elementor-element elementor-element-b844969 e-con-full e-flex e-con e-child\" data-id=\"b844969\" data-element_type=\"container\">\n\t\t\t\t<div class=\"elementor-element elementor-element-af96bde elementor-widget elementor-widget-heading\" data-id=\"af96bde\" data-element_type=\"widget\" data-widget_type=\"heading.default\">\n\t\t\t\t<div class=\"elementor-widget-container\">\n\t\t\t\t\t<h2 class=\"elementor-heading-title elementor-size-default\">Nuestra misi\u00f3n se centra en:<\/h2>\t\t\t\t<\/div>\n\t\t\t\t<\/div>\n\t\t\t\t<div class=\"elementor-element elementor-element-0285db3 elementor-widget elementor-widget-image\" data-id=\"0285db3\" data-element_type=\"widget\" data-widget_type=\"image.default\">\n\t\t\t\t<div class=\"elementor-widget-container\">\n\t\t\t\t\t\t\t\t\t\t\t\t\t\t\t<img decoding=\"async\" width=\"800\" height=\"387\" src=\"https:\/\/voice-eu.eu\/wp-content\/uploads\/2025\/02\/y2k_element_36-1024x495.jpg\" class=\"attachment-large size-large wp-image-254\" alt=\"\" srcset=\"https:\/\/voice-eu.eu\/wp-content\/uploads\/2025\/02\/y2k_element_36-1024x495.jpg 1024w, https:\/\/voice-eu.eu\/wp-content\/uploads\/2025\/02\/y2k_element_36-300x145.jpg 300w, https:\/\/voice-eu.eu\/wp-content\/uploads\/2025\/02\/y2k_element_36-768x371.jpg 768w, https:\/\/voice-eu.eu\/wp-content\/uploads\/2025\/02\/y2k_element_36-1536x742.jpg 1536w, https:\/\/voice-eu.eu\/wp-content\/uploads\/2025\/02\/y2k_element_36-2048x990.jpg 2048w\" sizes=\"(max-width: 800px) 100vw, 800px\" \/>\t\t\t\t\t\t\t\t\t\t\t\t\t\t\t<\/div>\n\t\t\t\t<\/div>\n\t\t\t\t<\/div>\n\t\t<div class=\"elementor-element elementor-element-7af078a e-con-full e-flex e-con e-child\" data-id=\"7af078a\" data-element_type=\"container\">\n\t\t\t\t<div class=\"elementor-element elementor-element-394787c elementor-icon-list--layout-traditional elementor-list-item-link-full_width elementor-widget elementor-widget-icon-list\" data-id=\"394787c\" data-element_type=\"widget\" data-widget_type=\"icon-list.default\">\n\t\t\t\t<div class=\"elementor-widget-container\">\n\t\t\t\t\t\t\t<ul class=\"elementor-icon-list-items\">\n\t\t\t\t\t\t\t<li class=\"elementor-icon-list-item\">\n\t\t\t\t\t\t\t\t\t\t\t<span class=\"elementor-icon-list-icon\">\n\t\t\t\t\t\t\t<svg aria-hidden=\"true\" class=\"e-font-icon-svg e-fas-check-circle\" viewBox=\"0 0 512 512\" xmlns=\"http:\/\/www.w3.org\/2000\/svg\"><path d=\"M504 256c0 136.967-111.033 248-248 248S8 392.967 8 256 119.033 8 256 8s248 111.033 248 248zM227.314 387.314l184-184c6.248-6.248 6.248-16.379 0-22.627l-22.627-22.627c-6.248-6.249-16.379-6.249-22.628 0L216 308.118l-70.059-70.059c-6.248-6.248-16.379-6.248-22.628 0l-22.627 22.627c-6.248 6.248-6.248 16.379 0 22.627l104 104c6.249 6.249 16.379 6.249 22.628.001z\"><\/path><\/svg>\t\t\t\t\t\t<\/span>\n\t\t\t\t\t\t\t\t\t\t<span class=\"elementor-icon-list-text\">Empoderar a los ciudadanos mediante la participaci\u00f3n democr\u00e1tica<\/span>\n\t\t\t\t\t\t\t\t\t<\/li>\n\t\t\t\t\t\t\t\t<li class=\"elementor-icon-list-item\">\n\t\t\t\t\t\t\t\t\t\t\t<span class=\"elementor-icon-list-icon\">\n\t\t\t\t\t\t\t<svg aria-hidden=\"true\" class=\"e-font-icon-svg e-fas-check-circle\" viewBox=\"0 0 512 512\" xmlns=\"http:\/\/www.w3.org\/2000\/svg\"><path d=\"M504 256c0 136.967-111.033 248-248 248S8 392.967 8 256 119.033 8 256 8s248 111.033 248 248zM227.314 387.314l184-184c6.248-6.248 6.248-16.379 0-22.627l-22.627-22.627c-6.248-6.249-16.379-6.249-22.628 0L216 308.118l-70.059-70.059c-6.248-6.248-16.379-6.248-22.628 0l-22.627 22.627c-6.248 6.248-6.248 16.379 0 22.627l104 104c6.249 6.249 16.379 6.249 22.628.001z\"><\/path><\/svg>\t\t\t\t\t\t<\/span>\n\t\t\t\t\t\t\t\t\t\t<span class=\"elementor-icon-list-text\">Crear conciencia sobre los paisajes pol\u00edticos nacionales y europeos<\/span>\n\t\t\t\t\t\t\t\t\t<\/li>\n\t\t\t\t\t\t\t\t<li class=\"elementor-icon-list-item\">\n\t\t\t\t\t\t\t\t\t\t\t<span class=\"elementor-icon-list-icon\">\n\t\t\t\t\t\t\t<svg aria-hidden=\"true\" class=\"e-font-icon-svg e-fas-check-circle\" viewBox=\"0 0 512 512\" xmlns=\"http:\/\/www.w3.org\/2000\/svg\"><path d=\"M504 256c0 136.967-111.033 248-248 248S8 392.967 8 256 119.033 8 256 8s248 111.033 248 248zM227.314 387.314l184-184c6.248-6.248 6.248-16.379 0-22.627l-22.627-22.627c-6.248-6.249-16.379-6.249-22.628 0L216 308.118l-70.059-70.059c-6.248-6.248-16.379-6.248-22.628 0l-22.627 22.627c-6.248 6.248-6.248 16.379 0 22.627l104 104c6.249 6.249 16.379 6.249 22.628.001z\"><\/path><\/svg>\t\t\t\t\t\t<\/span>\n\t\t\t\t\t\t\t\t\t\t<span class=\"elementor-icon-list-text\">Crear oportunidades para la participaci\u00f3n participativa<\/span>\n\t\t\t\t\t\t\t\t\t<\/li>\n\t\t\t\t\t\t\t\t<li class=\"elementor-icon-list-item\">\n\t\t\t\t\t\t\t\t\t\t\t<span class=\"elementor-icon-list-icon\">\n\t\t\t\t\t\t\t<svg aria-hidden=\"true\" class=\"e-font-icon-svg e-fas-check-circle\" viewBox=\"0 0 512 512\" xmlns=\"http:\/\/www.w3.org\/2000\/svg\"><path d=\"M504 256c0 136.967-111.033 248-248 248S8 392.967 8 256 119.033 8 256 8s248 111.033 248 248zM227.314 387.314l184-184c6.248-6.248 6.248-16.379 0-22.627l-22.627-22.627c-6.248-6.249-16.379-6.249-22.628 0L216 308.118l-70.059-70.059c-6.248-6.248-16.379-6.248-22.628 0l-22.627 22.627c-6.248 6.248-6.248 16.379 0 22.627l104 104c6.249 6.249 16.379 6.249 22.628.001z\"><\/path><\/svg>\t\t\t\t\t\t<\/span>\n\t\t\t\t\t\t\t\t\t\t<span class=\"elementor-icon-list-text\">Aprovechar herramientas digitales para la participaci\u00f3n c\u00edvica<\/span>\n\t\t\t\t\t\t\t\t\t<\/li>\n\t\t\t\t\t\t\t\t<li class=\"elementor-icon-list-item\">\n\t\t\t\t\t\t\t\t\t\t\t<span class=\"elementor-icon-list-icon\">\n\t\t\t\t\t\t\t<svg aria-hidden=\"true\" class=\"e-font-icon-svg e-fas-check-circle\" viewBox=\"0 0 512 512\" xmlns=\"http:\/\/www.w3.org\/2000\/svg\"><path d=\"M504 256c0 136.967-111.033 248-248 248S8 392.967 8 256 119.033 8 256 8s248 111.033 248 248zM227.314 387.314l184-184c6.248-6.248 6.248-16.379 0-22.627l-22.627-22.627c-6.248-6.249-16.379-6.249-22.628 0L216 308.118l-70.059-70.059c-6.248-6.248-16.379-6.248-22.628 0l-22.627 22.627c-6.248 6.248-6.248 16.379 0 22.627l104 104c6.249 6.249 16.379 6.249 22.628.001z\"><\/path><\/svg>\t\t\t\t\t\t<\/span>\n\t\t\t\t\t\t\t\t\t\t<span class=\"elementor-icon-list-text\">Fomentar una comunidad europea m\u00e1s conectada y comprometida<\/span>\n\t\t\t\t\t\t\t\t\t<\/li>\n\t\t\t\t\t\t<\/ul>\n\t\t\t\t\t\t<\/div>\n\t\t\t\t<\/div>\n\t\t\t\t<\/div>\n\t\t\t\t\t<\/div>\n\t\t\t\t<\/div>\n\t\t<div class=\"elementor-element elementor-element-7926679 e-flex e-con-boxed e-con e-parent\" data-id=\"7926679\" data-element_type=\"container\" data-settings=\"{&quot;background_background&quot;:&quot;classic&quot;}\">\n\t\t\t\t\t<div class=\"e-con-inner\">\n\t\t\t\t<div class=\"elementor-element elementor-element-9f032a2 elementor-widget elementor-widget-heading\" data-id=\"9f032a2\" data-element_type=\"widget\" data-widget_type=\"heading.default\">\n\t\t\t\t<div class=\"elementor-widget-container\">\n\t\t\t\t\t<h2 class=\"elementor-heading-title elementor-size-default\">A trav\u00e9s de esta iniciativa, nuestro objetivo es derribar barreras a la participaci\u00f3n c\u00edvica y crear v\u00edas significativas para que los ciudadanos puedan moldear activamente su futuro democr\u00e1tico.<\/h2>\t\t\t\t<\/div>\n\t\t\t\t<\/div>\n\t\t\t\t\t<\/div>\n\t\t\t\t<\/div>\n\t\t<div class=\"elementor-element elementor-element-bd2b569 e-flex e-con-boxed e-con e-parent\" data-id=\"bd2b569\" data-element_type=\"container\">\n\t\t\t\t\t<div class=\"e-con-inner\">\n\t\t\t\t<div class=\"elementor-element elementor-element-d8a8ce0 elementor-widget elementor-widget-text-editor\" data-id=\"d8a8ce0\" data-element_type=\"widget\" data-widget_type=\"text-editor.default\">\n\t\t\t\t<div class=\"elementor-widget-container\">\n\t\t\t\t\t\t\t\t\t<p>Nuestros socios<\/p>\t\t\t\t\t\t\t\t<\/div>\n\t\t\t\t<\/div>\n\t\t<div class=\"elementor-element elementor-element-b30a0ec e-con-full e-flex e-con e-child\" data-id=\"b30a0ec\" data-element_type=\"container\">\n\t\t\t\t<div class=\"elementor-element elementor-element-9a41338 elementor-widget elementor-widget-image\" data-id=\"9a41338\" data-element_type=\"widget\" data-widget_type=\"image.default\">\n\t\t\t\t<div class=\"elementor-widget-container\">\n\t\t\t\t\t\t\t\t\t\t\t\t\t\t\t\t<a href=\"https:\/\/timeducation.it\/\">\n\t\t\t\t\t\t\t<img decoding=\"async\" width=\"749\" height=\"179\" src=\"https:\/\/voice-eu.eu\/wp-content\/uploads\/2026\/02\/logo-Timeducation-2.jpg\" class=\"attachment-large size-large wp-image-1247\" alt=\"\" srcset=\"https:\/\/voice-eu.eu\/wp-content\/uploads\/2026\/02\/logo-Timeducation-2.jpg 749w, https:\/\/voice-eu.eu\/wp-content\/uploads\/2026\/02\/logo-Timeducation-2-300x72.jpg 300w\" sizes=\"(max-width: 749px) 100vw, 749px\" \/>\t\t\t\t\t\t\t\t<\/a>\n\t\t\t\t\t\t\t\t\t\t\t\t\t\t\t<\/div>\n\t\t\t\t<\/div>\n\t\t\t\t<div class=\"elementor-element elementor-element-480c3d5 elementor-widget elementor-widget-image\" data-id=\"480c3d5\" data-element_type=\"widget\" data-widget_type=\"image.default\">\n\t\t\t\t<div class=\"elementor-widget-container\">\n\t\t\t\t\t\t\t\t\t\t\t\t\t\t\t\t<a href=\"https:\/\/www.mediocubo.com\/\">\n\t\t\t\t\t\t\t<img loading=\"lazy\" decoding=\"async\" width=\"800\" height=\"139\" src=\"https:\/\/voice-eu.eu\/wp-content\/uploads\/2026\/02\/mediocubo-logo3-1024x178.jpg\" class=\"attachment-large size-large wp-image-1251\" alt=\"\" srcset=\"https:\/\/voice-eu.eu\/wp-content\/uploads\/2026\/02\/mediocubo-logo3-1024x178.jpg 1024w, https:\/\/voice-eu.eu\/wp-content\/uploads\/2026\/02\/mediocubo-logo3-300x52.jpg 300w, https:\/\/voice-eu.eu\/wp-content\/uploads\/2026\/02\/mediocubo-logo3-768x133.jpg 768w, https:\/\/voice-eu.eu\/wp-content\/uploads\/2026\/02\/mediocubo-logo3-1536x267.jpg 1536w, https:\/\/voice-eu.eu\/wp-content\/uploads\/2026\/02\/mediocubo-logo3.jpg 1600w\" sizes=\"(max-width: 800px) 100vw, 800px\" \/>\t\t\t\t\t\t\t\t<\/a>\n\t\t\t\t\t\t\t\t\t\t\t\t\t\t\t<\/div>\n\t\t\t\t<\/div>\n\t\t\t\t<div class=\"elementor-element elementor-element-fb6c5a6 elementor-widget elementor-widget-image\" data-id=\"fb6c5a6\" data-element_type=\"widget\" data-widget_type=\"image.default\">\n\t\t\t\t<div class=\"elementor-widget-container\">\n\t\t\t\t\t\t\t\t\t\t\t\t\t\t\t\t<a href=\"https:\/\/akadimoskek.gr\/\">\n\t\t\t\t\t\t\t<img loading=\"lazy\" decoding=\"async\" width=\"800\" height=\"800\" src=\"https:\/\/voice-eu.eu\/wp-content\/uploads\/2026\/02\/Logo_Akadimos_2021-01-scaled-1-1024x1024.jpg\" class=\"attachment-large size-large wp-image-1255\" alt=\"\" srcset=\"https:\/\/voice-eu.eu\/wp-content\/uploads\/2026\/02\/Logo_Akadimos_2021-01-scaled-1-1024x1024.jpg 1024w, https:\/\/voice-eu.eu\/wp-content\/uploads\/2026\/02\/Logo_Akadimos_2021-01-scaled-1-300x300.jpg 300w, https:\/\/voice-eu.eu\/wp-content\/uploads\/2026\/02\/Logo_Akadimos_2021-01-scaled-1-150x150.jpg 150w, https:\/\/voice-eu.eu\/wp-content\/uploads\/2026\/02\/Logo_Akadimos_2021-01-scaled-1-768x768.jpg 768w, https:\/\/voice-eu.eu\/wp-content\/uploads\/2026\/02\/Logo_Akadimos_2021-01-scaled-1-1536x1536.jpg 1536w, https:\/\/voice-eu.eu\/wp-content\/uploads\/2026\/02\/Logo_Akadimos_2021-01-scaled-1-2048x2048.jpg 2048w\" sizes=\"(max-width: 800px) 100vw, 800px\" \/>\t\t\t\t\t\t\t\t<\/a>\n\t\t\t\t\t\t\t\t\t\t\t\t\t\t\t<\/div>\n\t\t\t\t<\/div>\n\t\t\t\t<\/div>\n\t\t\t\t\t<\/div>\n\t\t\t\t<\/div>\n\t\t<div class=\"elementor-element elementor-element-15821d3 e-flex e-con-boxed e-con e-parent\" data-id=\"15821d3\" data-element_type=\"container\" data-settings=\"{&quot;background_background&quot;:&quot;classic&quot;,&quot;shape_divider_top&quot;:&quot;opacity-tilt&quot;}\">\n\t\t\t\t\t<div class=\"e-con-inner\">\n\t\t\t\t<div class=\"elementor-shape elementor-shape-top\" data-negative=\"false\">\n\t\t\t<svg xmlns=\"http:\/\/www.w3.org\/2000\/svg\" viewBox=\"0 0 2600 131.1\" preserveAspectRatio=\"none\">\n\t<path class=\"elementor-shape-fill\" d=\"M0 0L2600 0 2600 69.1 0 0z\"\/>\n\t<path class=\"elementor-shape-fill\" style=\"opacity:0.5\" d=\"M0 0L2600 0 2600 69.1 0 69.1z\"\/>\n\t<path class=\"elementor-shape-fill\" style=\"opacity:0.25\" d=\"M2600 0L0 0 0 130.1 2600 69.1z\"\/>\n<\/svg>\t\t<\/div>\n\t\t<div class=\"elementor-element elementor-element-d8ba396 e-con-full e-flex e-con e-child\" data-id=\"d8ba396\" data-element_type=\"container\">\n\t\t\t\t<div class=\"elementor-element elementor-element-77c1777 elementor-widget elementor-widget-heading\" data-id=\"77c1777\" data-element_type=\"widget\" data-widget_type=\"heading.default\">\n\t\t\t\t<div class=\"elementor-widget-container\">\n\t\t\t\t\t<h2 class=\"elementor-heading-title elementor-size-default\">Social Media<\/h2>\t\t\t\t<\/div>\n\t\t\t\t<\/div>\n\t\t\t\t<\/div>\n\t\t<div class=\"elementor-element elementor-element-4912b48 e-con-full e-flex e-con e-child\" data-id=\"4912b48\" data-element_type=\"container\">\n\t\t\t\t<div class=\"elementor-element elementor-element-f35f163 elementor-shape-circle e-grid-align-left e-grid-align-mobile-center elementor-grid-0 elementor-widget elementor-widget-social-icons\" data-id=\"f35f163\" data-element_type=\"widget\" data-widget_type=\"social-icons.default\">\n\t\t\t\t<div class=\"elementor-widget-container\">\n\t\t\t\t\t\t\t<div class=\"elementor-social-icons-wrapper elementor-grid\">\n\t\t\t\t\t\t\t<span class=\"elementor-grid-item\">\n\t\t\t\t\t<a class=\"elementor-icon elementor-social-icon elementor-social-icon-facebook elementor-animation-grow elementor-repeater-item-7244c4f\" href=\"https:\/\/www.facebook.com\/profile.php?id=61571717716647\" target=\"_blank\">\n\t\t\t\t\t\t<span class=\"elementor-screen-only\">Facebook<\/span>\n\t\t\t\t\t\t<svg class=\"e-font-icon-svg e-fab-facebook\" viewBox=\"0 0 512 512\" xmlns=\"http:\/\/www.w3.org\/2000\/svg\"><path d=\"M504 256C504 119 393 8 256 8S8 119 8 256c0 123.78 90.69 226.38 209.25 245V327.69h-63V256h63v-54.64c0-62.15 37-96.48 93.67-96.48 27.14 0 55.52 4.84 55.52 4.84v61h-31.28c-30.8 0-40.41 19.12-40.41 38.73V256h68.78l-11 71.69h-57.78V501C413.31 482.38 504 379.78 504 256z\"><\/path><\/svg>\t\t\t\t\t<\/a>\n\t\t\t\t<\/span>\n\t\t\t\t\t\t\t<span class=\"elementor-grid-item\">\n\t\t\t\t\t<a class=\"elementor-icon elementor-social-icon elementor-social-icon-instagram elementor-animation-grow elementor-repeater-item-cbb164b\" href=\"https:\/\/www.instagram.com\/voice.eu\/%20\" target=\"_blank\">\n\t\t\t\t\t\t<span class=\"elementor-screen-only\">Instagram<\/span>\n\t\t\t\t\t\t<svg class=\"e-font-icon-svg e-fab-instagram\" viewBox=\"0 0 448 512\" xmlns=\"http:\/\/www.w3.org\/2000\/svg\"><path d=\"M224.1 141c-63.6 0-114.9 51.3-114.9 114.9s51.3 114.9 114.9 114.9S339 319.5 339 255.9 287.7 141 224.1 141zm0 189.6c-41.1 0-74.7-33.5-74.7-74.7s33.5-74.7 74.7-74.7 74.7 33.5 74.7 74.7-33.6 74.7-74.7 74.7zm146.4-194.3c0 14.9-12 26.8-26.8 26.8-14.9 0-26.8-12-26.8-26.8s12-26.8 26.8-26.8 26.8 12 26.8 26.8zm76.1 27.2c-1.7-35.9-9.9-67.7-36.2-93.9-26.2-26.2-58-34.4-93.9-36.2-37-2.1-147.9-2.1-184.9 0-35.8 1.7-67.6 9.9-93.9 36.1s-34.4 58-36.2 93.9c-2.1 37-2.1 147.9 0 184.9 1.7 35.9 9.9 67.7 36.2 93.9s58 34.4 93.9 36.2c37 2.1 147.9 2.1 184.9 0 35.9-1.7 67.7-9.9 93.9-36.2 26.2-26.2 34.4-58 36.2-93.9 2.1-37 2.1-147.8 0-184.8zM398.8 388c-7.8 19.6-22.9 34.7-42.6 42.6-29.5 11.7-99.5 9-132.1 9s-102.7 2.6-132.1-9c-19.6-7.8-34.7-22.9-42.6-42.6-11.7-29.5-9-99.5-9-132.1s-2.6-102.7 9-132.1c7.8-19.6 22.9-34.7 42.6-42.6 29.5-11.7 99.5-9 132.1-9s102.7-2.6 132.1 9c19.6 7.8 34.7 22.9 42.6 42.6 11.7 29.5 9 99.5 9 132.1s2.7 102.7-9 132.1z\"><\/path><\/svg>\t\t\t\t\t<\/a>\n\t\t\t\t<\/span>\n\t\t\t\t\t<\/div>\n\t\t\t\t\t\t<\/div>\n\t\t\t\t<\/div>\n\t\t\t\t<\/div>\n\t\t\t\t\t<\/div>\n\t\t\t\t<\/div>\n\t\t\t\t<\/div>\n\t\t","protected":false},"excerpt":{"rendered":"<p>Logotipo Voice-EU Una Asociaci\u00f3n Erasmus+ a peque\u00f1a escala (KA210-ADU) centrada en el aprendizaje de adultos, la participaci\u00f3n c\u00edvica, el desarrollo de competencias y la dimensi\u00f3n europea \u00a1Bienvenido al proyecto VOICE EU! Un proyecto dedicado a promover la participaci\u00f3n activa de los ciudadanos europeos en el proceso democr\u00e1tico, fomentar su conciencia y compromiso en contextos pol\u00edticos [&hellip;]<\/p>\n","protected":false},"author":1,"featured_media":0,"parent":0,"menu_order":0,"comment_status":"closed","ping_status":"closed","template":"elementor_header_footer","meta":{"footnotes":""},"class_list":["post-245","page","type-page","status-publish","hentry"],"_links":{"self":[{"href":"https:\/\/voice-eu.eu\/es\/wp-json\/wp\/v2\/pages\/245","targetHints":{"allow":["GET"]}}],"collection":[{"href":"https:\/\/voice-eu.eu\/es\/wp-json\/wp\/v2\/pages"}],"about":[{"href":"https:\/\/voice-eu.eu\/es\/wp-json\/wp\/v2\/types\/page"}],"author":[{"embeddable":true,"href":"https:\/\/voice-eu.eu\/es\/wp-json\/wp\/v2\/users\/1"}],"replies":[{"embeddable":true,"href":"https:\/\/voice-eu.eu\/es\/wp-json\/wp\/v2\/comments?post=245"}],"version-history":[{"count":10,"href":"https:\/\/voice-eu.eu\/es\/wp-json\/wp\/v2\/pages\/245\/revisions"}],"predecessor-version":[{"id":1340,"href":"https:\/\/voice-eu.eu\/es\/wp-json\/wp\/v2\/pages\/245\/revisions\/1340"}],"wp:attachment":[{"href":"https:\/\/voice-eu.eu\/es\/wp-json\/wp\/v2\/media?parent=245"}],"curies":[{"name":"wp","href":"https:\/\/api.w.org\/{rel}","templated":true}]}}