{"id":1455,"date":"2025-12-16T08:55:41","date_gmt":"2025-12-16T08:55:41","guid":{"rendered":"https:\/\/voice-eu.eu\/?page_id=1455"},"modified":"2026-02-18T10:44:28","modified_gmt":"2026-02-18T10:44:28","slug":"seminario-sulla-cittadinanza-dellue","status":"publish","type":"page","link":"https:\/\/voice-eu.eu\/it\/seminario-sulla-cittadinanza-dellue\/","title":{"rendered":"Seminario sulla cittadinanza dell&#8217;UE"},"content":{"rendered":"\t\t<div data-elementor-type=\"wp-page\" data-elementor-id=\"1455\" class=\"elementor elementor-1455 elementor-757\" data-elementor-post-type=\"page\">\n\t\t\t\t<div class=\"elementor-element elementor-element-2ab99fe e-flex e-con-boxed e-con e-parent\" data-id=\"2ab99fe\" data-element_type=\"container\" data-settings=\"{&quot;background_background&quot;:&quot;classic&quot;,&quot;shape_divider_bottom&quot;:&quot;tilt&quot;}\">\n\t\t\t\t\t<div class=\"e-con-inner\">\n\t\t\t\t<div class=\"elementor-shape elementor-shape-bottom\" data-negative=\"false\">\n\t\t\t<svg xmlns=\"http:\/\/www.w3.org\/2000\/svg\" viewBox=\"0 0 1000 100\" preserveAspectRatio=\"none\">\n\t<path class=\"elementor-shape-fill\" d=\"M0,6V0h1000v100L0,6z\"\/>\n<\/svg>\t\t<\/div>\n\t\t\t\t<div class=\"elementor-element elementor-element-9b85f92 elementor-widget elementor-widget-heading\" data-id=\"9b85f92\" data-element_type=\"widget\" data-widget_type=\"heading.default\">\n\t\t\t\t<div class=\"elementor-widget-container\">\n\t\t\t\t\t<h1 class=\"elementor-heading-title elementor-size-default\">Seminario sulla cittadinanza dell'UE<\/h1>\t\t\t\t<\/div>\n\t\t\t\t<\/div>\n\t\t\t\t\t<\/div>\n\t\t\t\t<\/div>\n\t\t<div class=\"elementor-element elementor-element-b94427f e-flex e-con-boxed e-con e-parent\" data-id=\"b94427f\" data-element_type=\"container\">\n\t\t\t\t\t<div class=\"e-con-inner\">\n\t\t\t\t<div class=\"elementor-element elementor-element-9742cf8 elementor-widget elementor-widget-text-editor\" data-id=\"9742cf8\" data-element_type=\"widget\" data-widget_type=\"text-editor.default\">\n\t\t\t\t<div class=\"elementor-widget-container\">\n\t\t\t\t\t\t\t\t\t<p><span style=\"font-weight: 400;\">Il seminario &#8220;Cittadinanza dell&#8217;UE&#8221; \u00e8 un evento formativo locale che riunisce membri della comunit\u00e0, educatori e leader civici per esplorare le molteplici dimensioni della cittadinanza europea. Questo seminario interattivo approfondisce i diritti e le responsabilit\u00e0 fondamentali che derivano dalla cittadinanza dell&#8217;UE, esaminando come questi principi plasmano la vita quotidiana nelle comunit\u00e0 europee. I partecipanti partecipano a discussioni guidate su valori europei come la democrazia, i diritti umani, lo stato di diritto e la solidariet\u00e0, esplorando al contempo le implicazioni pratiche della cittadinanza dell&#8217;UE in ambiti come la libert\u00e0 di circolazione, l&#8217;occupazione, l&#8217;istruzione e la tutela dei consumatori. Il seminario crea uno spazio di dialogo aperto in cui i partecipanti possono porre domande, condividere esperienze e sviluppare una comprensione pi\u00f9 profonda di cosa significhi essere cittadini europei nel XXI secolo.<\/span><\/p><p><span style=\"font-weight: 400;\">Oltre alle conoscenze teoriche, il seminario pone l&#8217;accento sulla partecipazione attiva e sull&#8217;impegno civico, incoraggiando i partecipanti a individuare i modi in cui possono contribuire alle proprie comunit\u00e0 e influenzare i processi decisionali europei. Attraverso casi di studio, esercizi interattivi e presentazioni di esperti, i partecipanti apprendono i diversi canali di partecipazione civica, dal voto alle elezioni europee al coinvolgimento con le strutture di governance locale. Il seminario affronta anche le sfide contemporanee che la cittadinanza europea deve affrontare, come la disinformazione, la polarizzazione e la frammentazione sociale, promuovendo al contempo un dialogo costruttivo tra diverse prospettive. Promuovendo un senso di identit\u00e0 europea condivisa e fornendo ai partecipanti la conoscenza dei propri diritti civici, questa attivit\u00e0 rafforza le basi per una democrazia pi\u00f9 inclusiva e partecipativa in tutta Europa.<\/span><\/p>\t\t\t\t\t\t\t\t<\/div>\n\t\t\t\t<\/div>\n\t\t\t\t\t<\/div>\n\t\t\t\t<\/div>\n\t\t<div class=\"elementor-element elementor-element-c40e714 elementor-hidden-desktop elementor-hidden-tablet elementor-hidden-mobile e-flex e-con-boxed e-con e-parent\" data-id=\"c40e714\" data-element_type=\"container\">\n\t\t\t\t\t<div class=\"e-con-inner\">\n\t\t\t\t<div class=\"elementor-element elementor-element-07541fa elementor-widget elementor-widget-image\" data-id=\"07541fa\" data-element_type=\"widget\" data-widget_type=\"image.default\">\n\t\t\t\t<div class=\"elementor-widget-container\">\n\t\t\t\t\t\t\t\t\t\t\t\t\t\t\t<img fetchpriority=\"high\" decoding=\"async\" width=\"768\" height=\"1024\" src=\"https:\/\/voice-eu.eu\/wp-content\/uploads\/2025\/12\/WhatsApp-Image-2025-05-21-at-19.31.12-1-768x1024.jpeg\" class=\"attachment-large size-large wp-image-833\" alt=\"\" srcset=\"https:\/\/voice-eu.eu\/wp-content\/uploads\/2025\/12\/WhatsApp-Image-2025-05-21-at-19.31.12-1-768x1024.jpeg 768w, https:\/\/voice-eu.eu\/wp-content\/uploads\/2025\/12\/WhatsApp-Image-2025-05-21-at-19.31.12-1-225x300.jpeg 225w, https:\/\/voice-eu.eu\/wp-content\/uploads\/2025\/12\/WhatsApp-Image-2025-05-21-at-19.31.12-1-1152x1536.jpeg 1152w, https:\/\/voice-eu.eu\/wp-content\/uploads\/2025\/12\/WhatsApp-Image-2025-05-21-at-19.31.12-1.jpeg 1536w\" sizes=\"(max-width: 768px) 100vw, 768px\" \/>\t\t\t\t\t\t\t\t\t\t\t\t\t\t\t<\/div>\n\t\t\t\t<\/div>\n\t\t\t\t\t<\/div>\n\t\t\t\t<\/div>\n\t\t<div class=\"elementor-element elementor-element-0ec2f7a elementor-hidden-desktop elementor-hidden-tablet elementor-hidden-mobile e-flex e-con-boxed e-con e-parent\" data-id=\"0ec2f7a\" data-element_type=\"container\">\n\t\t\t\t\t<div class=\"e-con-inner\">\n\t\t<div class=\"elementor-element elementor-element-d86a552 e-con-full e-flex e-con e-child\" data-id=\"d86a552\" data-element_type=\"container\">\n\t\t\t\t<div class=\"elementor-element elementor-element-1439942 elementor-widget elementor-widget-image\" data-id=\"1439942\" data-element_type=\"widget\" data-widget_type=\"image.default\">\n\t\t\t\t<div class=\"elementor-widget-container\">\n\t\t\t\t\t\t\t\t\t\t\t\t\t\t\t<img decoding=\"async\" width=\"800\" height=\"600\" src=\"https:\/\/voice-eu.eu\/wp-content\/uploads\/2025\/12\/BhtsGHwa-1024x768.jpg\" class=\"attachment-large size-large wp-image-861\" alt=\"\" srcset=\"https:\/\/voice-eu.eu\/wp-content\/uploads\/2025\/12\/BhtsGHwa-1024x768.jpg 1024w, https:\/\/voice-eu.eu\/wp-content\/uploads\/2025\/12\/BhtsGHwa-300x225.jpg 300w, https:\/\/voice-eu.eu\/wp-content\/uploads\/2025\/12\/BhtsGHwa-768x576.jpg 768w, https:\/\/voice-eu.eu\/wp-content\/uploads\/2025\/12\/BhtsGHwa-1536x1152.jpg 1536w, https:\/\/voice-eu.eu\/wp-content\/uploads\/2025\/12\/BhtsGHwa.jpg 2048w\" sizes=\"(max-width: 800px) 100vw, 800px\" \/>\t\t\t\t\t\t\t\t\t\t\t\t\t\t\t<\/div>\n\t\t\t\t<\/div>\n\t\t\t\t<\/div>\n\t\t<div class=\"elementor-element elementor-element-d068f40 e-con-full e-flex e-con e-child\" data-id=\"d068f40\" data-element_type=\"container\">\n\t\t\t\t<div class=\"elementor-element elementor-element-f261e22 elementor-widget elementor-widget-image\" data-id=\"f261e22\" data-element_type=\"widget\" data-widget_type=\"image.default\">\n\t\t\t\t<div class=\"elementor-widget-container\">\n\t\t\t\t\t\t\t\t\t\t\t\t\t\t\t<img decoding=\"async\" width=\"800\" height=\"452\" src=\"https:\/\/voice-eu.eu\/wp-content\/uploads\/2025\/12\/IMG20250324093649-1024x578.jpg\" class=\"attachment-large size-large wp-image-857\" alt=\"\" srcset=\"https:\/\/voice-eu.eu\/wp-content\/uploads\/2025\/12\/IMG20250324093649-1024x578.jpg 1024w, https:\/\/voice-eu.eu\/wp-content\/uploads\/2025\/12\/IMG20250324093649-300x169.jpg 300w, https:\/\/voice-eu.eu\/wp-content\/uploads\/2025\/12\/IMG20250324093649-768x433.jpg 768w, https:\/\/voice-eu.eu\/wp-content\/uploads\/2025\/12\/IMG20250324093649-1536x866.jpg 1536w, https:\/\/voice-eu.eu\/wp-content\/uploads\/2025\/12\/IMG20250324093649-2048x1155.jpg 2048w\" sizes=\"(max-width: 800px) 100vw, 800px\" \/>\t\t\t\t\t\t\t\t\t\t\t\t\t\t\t<\/div>\n\t\t\t\t<\/div>\n\t\t\t\t<\/div>\n\t\t<div class=\"elementor-element elementor-element-1eee642 e-con-full e-flex e-con e-child\" data-id=\"1eee642\" data-element_type=\"container\">\n\t\t\t\t<div class=\"elementor-element elementor-element-a35a8af elementor-widget elementor-widget-image\" data-id=\"a35a8af\" data-element_type=\"widget\" data-widget_type=\"image.default\">\n\t\t\t\t<div class=\"elementor-widget-container\">\n\t\t\t\t\t\t\t\t\t\t\t\t\t\t\t<img loading=\"lazy\" decoding=\"async\" width=\"800\" height=\"600\" src=\"https:\/\/voice-eu.eu\/wp-content\/uploads\/2025\/12\/IMG20250405093027-1024x768.jpg\" class=\"attachment-large size-large wp-image-853\" alt=\"\" srcset=\"https:\/\/voice-eu.eu\/wp-content\/uploads\/2025\/12\/IMG20250405093027-1024x768.jpg 1024w, https:\/\/voice-eu.eu\/wp-content\/uploads\/2025\/12\/IMG20250405093027-300x225.jpg 300w, https:\/\/voice-eu.eu\/wp-content\/uploads\/2025\/12\/IMG20250405093027-768x576.jpg 768w, https:\/\/voice-eu.eu\/wp-content\/uploads\/2025\/12\/IMG20250405093027-1536x1152.jpg 1536w, https:\/\/voice-eu.eu\/wp-content\/uploads\/2025\/12\/IMG20250405093027-2048x1536.jpg 2048w\" sizes=\"(max-width: 800px) 100vw, 800px\" \/>\t\t\t\t\t\t\t\t\t\t\t\t\t\t\t<\/div>\n\t\t\t\t<\/div>\n\t\t\t\t<\/div>\n\t\t\t\t\t<\/div>\n\t\t\t\t<\/div>\n\t\t<div class=\"elementor-element elementor-element-3440eca e-flex e-con-boxed e-con e-parent\" data-id=\"3440eca\" data-element_type=\"container\">\n\t\t\t\t\t<div class=\"e-con-inner\">\n\t\t\t\t<div class=\"elementor-element elementor-element-d4b5a44 elementor-widget elementor-widget-text-editor\" data-id=\"d4b5a44\" data-element_type=\"widget\" data-widget_type=\"text-editor.default\">\n\t\t\t\t<div class=\"elementor-widget-container\">\n\t\t\t\t\t\t\t\t\t<p style=\"--tw-border-spacing-x: 0; --tw-border-spacing-y: 0; --tw-translate-x: 0; --tw-translate-y: 0; --tw-rotate: 0; --tw-skew-x: 0; --tw-skew-y: 0; --tw-scale-x: 1; --tw-scale-y: 1; --tw-scroll-snap-strictness: proximity; --tw-ring-offset-width: 0px; --tw-ring-offset-color: #fff; --tw-ring-color: rgba(59,130,246,.5); --tw-ring-offset-shadow: 0 0 transparent; --tw-ring-shadow: 0 0 transparent; --tw-shadow: 0 0 transparent; --tw-shadow-colored: 0 0 transparent; margin: 0px 0px 20px; padding: 0px; line-height: 28px; overflow-wrap: break-word; white-space-collapse: preserve; color: #262626; font-family: -apple-system, 'system-ui', 'Helvetica Neue', Tahoma, 'PingFang SC', 'Microsoft Yahei', Arial, 'Hiragino Sans GB', sans-serif, 'Apple Color Emoji', 'Segoe UI Emoji', 'Segoe UI Symbol', 'Noto Color Emoji';\">TIMEDUCATION\u00a0<span lang=\"EN-US\">\u2013 ITALY<\/span><\/p>\t\t\t\t\t\t\t\t<\/div>\n\t\t\t\t<\/div>\n\t\t\t\t<div class=\"elementor-element elementor-element-714bb36 elementor-widget elementor-widget-video\" data-id=\"714bb36\" data-element_type=\"widget\" data-settings=\"{&quot;youtube_url&quot;:&quot;https:\\\/\\\/www.youtube.com\\\/watch?v=8ReBfSbnkqM&quot;,&quot;video_type&quot;:&quot;youtube&quot;,&quot;controls&quot;:&quot;yes&quot;}\" data-widget_type=\"video.default\">\n\t\t\t\t<div class=\"elementor-widget-container\">\n\t\t\t\t\t\t\t<div class=\"elementor-wrapper elementor-open-inline\">\n\t\t\t<div class=\"elementor-video\"><\/div>\t\t<\/div>\n\t\t\t\t\t\t<\/div>\n\t\t\t\t<\/div>\n\t\t\t\t<div class=\"elementor-element elementor-element-d5b8d73 elementor-cta--layout-image-left elementor-cta--skin-classic elementor-animated-content elementor-bg-transform elementor-bg-transform-zoom-in elementor-widget elementor-widget-call-to-action\" data-id=\"d5b8d73\" data-element_type=\"widget\" data-widget_type=\"call-to-action.default\">\n\t\t\t\t<div class=\"elementor-widget-container\">\n\t\t\t\t\t\t\t<div class=\"elementor-cta\">\n\t\t\t\t\t\t\t<div class=\"elementor-cta__content\">\n\t\t\t\t\n\t\t\t\t\n\t\t\t\t\t\t\t\t\t<div class=\"elementor-cta__description elementor-cta__content-item elementor-content-item\">\n\t\t\t\t\t\tSeminar REPORT IT\t\t\t\t\t<\/div>\n\t\t\t\t\n\t\t\t\t\t\t\t\t\t<div class=\"elementor-cta__button-wrapper elementor-cta__content-item elementor-content-item \">\n\t\t\t\t\t<a class=\"elementor-cta__button elementor-button elementor-size-\" href=\"\/wp-content\/uploads\/2026\/02\/Seminar-REPORT-IT.pdf\" target=\"_blank\">\n\t\t\t\t\t\tDownload Report\t\t\t\t\t<\/a>\n\t\t\t\t\t<\/div>\n\t\t\t\t\t\t\t<\/div>\n\t\t\t\t\t\t<\/div>\n\t\t\t\t\t\t<\/div>\n\t\t\t\t<\/div>\n\t\t\t\t\t<\/div>\n\t\t\t\t<\/div>\n\t\t<div class=\"elementor-element elementor-element-2840cba e-flex e-con-boxed e-con e-parent\" data-id=\"2840cba\" data-element_type=\"container\">\n\t\t\t\t\t<div class=\"e-con-inner\">\n\t\t\t\t<div class=\"elementor-element elementor-element-931c21e elementor-widget elementor-widget-text-editor\" data-id=\"931c21e\" data-element_type=\"widget\" data-widget_type=\"text-editor.default\">\n\t\t\t\t<div class=\"elementor-widget-container\">\n\t\t\t\t\t\t\t\t\t<p style=\"--tw-border-spacing-x: 0; --tw-border-spacing-y: 0; --tw-translate-x: 0; --tw-translate-y: 0; --tw-rotate: 0; --tw-skew-x: 0; --tw-skew-y: 0; --tw-scale-x: 1; --tw-scale-y: 1; --tw-scroll-snap-strictness: proximity; --tw-ring-offset-width: 0px; --tw-ring-offset-color: #fff; --tw-ring-color: rgba(59,130,246,.5); --tw-ring-offset-shadow: 0 0 transparent; --tw-ring-shadow: 0 0 transparent; --tw-shadow: 0 0 transparent; --tw-shadow-colored: 0 0 transparent; margin: 0px 0px 20px; padding: 0px; line-height: 28px; overflow-wrap: break-word; white-space-collapse: preserve; color: #262626; font-family: -apple-system, 'system-ui', 'Helvetica Neue', Tahoma, 'PingFang SC', 'Microsoft Yahei', Arial, 'Hiragino Sans GB', sans-serif, 'Apple Color Emoji', 'Segoe UI Emoji', 'Segoe UI Symbol', 'Noto Color Emoji';\">\u00a0Medio Cubo \u2013 SPAIN<\/p>\t\t\t\t\t\t\t\t<\/div>\n\t\t\t\t<\/div>\n\t\t\t\t<div class=\"elementor-element elementor-element-8a6ff7c elementor-widget elementor-widget-video\" data-id=\"8a6ff7c\" data-element_type=\"widget\" data-settings=\"{&quot;youtube_url&quot;:&quot;https:\\\/\\\/www.youtube.com\\\/watch?v=BDeGatFDZHU&quot;,&quot;video_type&quot;:&quot;youtube&quot;,&quot;controls&quot;:&quot;yes&quot;}\" data-widget_type=\"video.default\">\n\t\t\t\t<div class=\"elementor-widget-container\">\n\t\t\t\t\t\t\t<div class=\"elementor-wrapper elementor-open-inline\">\n\t\t\t<div class=\"elementor-video\"><\/div>\t\t<\/div>\n\t\t\t\t\t\t<\/div>\n\t\t\t\t<\/div>\n\t\t\t\t<div class=\"elementor-element elementor-element-e215845 elementor-cta--layout-image-left elementor-cta--skin-classic elementor-animated-content elementor-bg-transform elementor-bg-transform-zoom-in elementor-widget elementor-widget-call-to-action\" data-id=\"e215845\" data-element_type=\"widget\" data-widget_type=\"call-to-action.default\">\n\t\t\t\t<div class=\"elementor-widget-container\">\n\t\t\t\t\t\t\t<div class=\"elementor-cta\">\n\t\t\t\t\t\t\t<div class=\"elementor-cta__content\">\n\t\t\t\t\n\t\t\t\t\n\t\t\t\t\t\t\t\t\t<div class=\"elementor-cta__description elementor-cta__content-item elementor-content-item\">\n\t\t\t\t\t\tSeminar REPORT SP\t\t\t\t\t<\/div>\n\t\t\t\t\n\t\t\t\t\t\t\t\t\t<div class=\"elementor-cta__button-wrapper elementor-cta__content-item elementor-content-item \">\n\t\t\t\t\t<a class=\"elementor-cta__button elementor-button elementor-size-\" href=\"\/wp-content\/uploads\/2026\/02\/Seminar-REPORT-SP.pdf\" target=\"_blank\">\n\t\t\t\t\t\tDownload Report\t\t\t\t\t<\/a>\n\t\t\t\t\t<\/div>\n\t\t\t\t\t\t\t<\/div>\n\t\t\t\t\t\t<\/div>\n\t\t\t\t\t\t<\/div>\n\t\t\t\t<\/div>\n\t\t\t\t\t<\/div>\n\t\t\t\t<\/div>\n\t\t<div class=\"elementor-element elementor-element-6619905 e-flex e-con-boxed e-con e-parent\" data-id=\"6619905\" data-element_type=\"container\">\n\t\t\t\t\t<div class=\"e-con-inner\">\n\t\t\t\t<div class=\"elementor-element elementor-element-516d2dc elementor-widget elementor-widget-text-editor\" data-id=\"516d2dc\" data-element_type=\"widget\" data-widget_type=\"text-editor.default\">\n\t\t\t\t<div class=\"elementor-widget-container\">\n\t\t\t\t\t\t\t\t\t<p style=\"--tw-border-spacing-x: 0; --tw-border-spacing-y: 0; --tw-translate-x: 0; --tw-translate-y: 0; --tw-rotate: 0; --tw-skew-x: 0; --tw-skew-y: 0; --tw-scale-x: 1; --tw-scale-y: 1; --tw-scroll-snap-strictness: proximity; --tw-ring-offset-width: 0px; --tw-ring-offset-color: #fff; --tw-ring-color: rgba(59,130,246,.5); --tw-ring-offset-shadow: 0 0 transparent; --tw-ring-shadow: 0 0 transparent; --tw-shadow: 0 0 transparent; --tw-shadow-colored: 0 0 transparent; margin: 0px 0px 20px; padding: 0px; line-height: 28px; overflow-wrap: break-word; white-space-collapse: preserve; color: #262626; font-family: -apple-system, 'system-ui', 'Helvetica Neue', Tahoma, 'PingFang SC', 'Microsoft Yahei', Arial, 'Hiragino Sans GB', sans-serif, 'Apple Color Emoji', 'Segoe UI Emoji', 'Segoe UI Symbol', 'Noto Color Emoji';\">Akadimos\u00a0<span lang=\"EN-US\">\u2013 Greece<\/span><\/p>\t\t\t\t\t\t\t\t<\/div>\n\t\t\t\t<\/div>\n\t\t\t\t<div class=\"elementor-element elementor-element-5ed04d5 elementor-widget elementor-widget-video\" data-id=\"5ed04d5\" data-element_type=\"widget\" data-settings=\"{&quot;youtube_url&quot;:&quot;https:\\\/\\\/www.youtube.com\\\/watch?v=s8P7snicQNY&quot;,&quot;video_type&quot;:&quot;youtube&quot;,&quot;controls&quot;:&quot;yes&quot;}\" data-widget_type=\"video.default\">\n\t\t\t\t<div class=\"elementor-widget-container\">\n\t\t\t\t\t\t\t<div class=\"elementor-wrapper elementor-open-inline\">\n\t\t\t<div class=\"elementor-video\"><\/div>\t\t<\/div>\n\t\t\t\t\t\t<\/div>\n\t\t\t\t<\/div>\n\t\t\t\t<div class=\"elementor-element elementor-element-2955669 elementor-cta--layout-image-left elementor-cta--skin-classic elementor-animated-content elementor-bg-transform elementor-bg-transform-zoom-in elementor-widget elementor-widget-call-to-action\" data-id=\"2955669\" data-element_type=\"widget\" data-widget_type=\"call-to-action.default\">\n\t\t\t\t<div class=\"elementor-widget-container\">\n\t\t\t\t\t\t\t<div class=\"elementor-cta\">\n\t\t\t\t\t\t\t<div class=\"elementor-cta__content\">\n\t\t\t\t\n\t\t\t\t\n\t\t\t\t\t\t\t\t\t<div class=\"elementor-cta__description elementor-cta__content-item elementor-content-item\">\n\t\t\t\t\t\tSeminar REPORT GR\t\t\t\t\t<\/div>\n\t\t\t\t\n\t\t\t\t\t\t\t\t\t<div class=\"elementor-cta__button-wrapper elementor-cta__content-item elementor-content-item \">\n\t\t\t\t\t<a class=\"elementor-cta__button elementor-button elementor-size-\" href=\"\/wp-content\/uploads\/2026\/02\/Seminar-REPORT-GR.pdf\" target=\"_blank\">\n\t\t\t\t\t\tDownload Report\t\t\t\t\t<\/a>\n\t\t\t\t\t<\/div>\n\t\t\t\t\t\t\t<\/div>\n\t\t\t\t\t\t<\/div>\n\t\t\t\t\t\t<\/div>\n\t\t\t\t<\/div>\n\t\t\t\t\t<\/div>\n\t\t\t\t<\/div>\n\t\t\t\t<\/div>\n\t\t","protected":false},"excerpt":{"rendered":"<p>Seminario sulla cittadinanza dell&#8217;UE Il seminario &#8220;Cittadinanza dell&#8217;UE&#8221; \u00e8 un evento formativo locale che riunisce membri della comunit\u00e0, educatori e leader civici per esplorare le molteplici dimensioni della cittadinanza europea. Questo seminario interattivo approfondisce i diritti e le responsabilit\u00e0 fondamentali che derivano dalla cittadinanza dell&#8217;UE, esaminando come questi principi plasmano la vita quotidiana nelle comunit\u00e0 [&hellip;]<\/p>\n","protected":false},"author":1,"featured_media":0,"parent":0,"menu_order":0,"comment_status":"closed","ping_status":"closed","template":"","meta":{"footnotes":""},"class_list":["post-1455","page","type-page","status-publish","hentry"],"_links":{"self":[{"href":"https:\/\/voice-eu.eu\/it\/wp-json\/wp\/v2\/pages\/1455","targetHints":{"allow":["GET"]}}],"collection":[{"href":"https:\/\/voice-eu.eu\/it\/wp-json\/wp\/v2\/pages"}],"about":[{"href":"https:\/\/voice-eu.eu\/it\/wp-json\/wp\/v2\/types\/page"}],"author":[{"embeddable":true,"href":"https:\/\/voice-eu.eu\/it\/wp-json\/wp\/v2\/users\/1"}],"replies":[{"embeddable":true,"href":"https:\/\/voice-eu.eu\/it\/wp-json\/wp\/v2\/comments?post=1455"}],"version-history":[{"count":4,"href":"https:\/\/voice-eu.eu\/it\/wp-json\/wp\/v2\/pages\/1455\/revisions"}],"predecessor-version":[{"id":1460,"href":"https:\/\/voice-eu.eu\/it\/wp-json\/wp\/v2\/pages\/1455\/revisions\/1460"}],"wp:attachment":[{"href":"https:\/\/voice-eu.eu\/it\/wp-json\/wp\/v2\/media?parent=1455"}],"curies":[{"name":"wp","href":"https:\/\/api.w.org\/{rel}","templated":true}]}}