{"id":1461,"date":"2025-12-22T07:52:36","date_gmt":"2025-12-22T07:52:36","guid":{"rendered":"https:\/\/voice-eu.eu\/?page_id=1461"},"modified":"2026-02-18T10:45:34","modified_gmt":"2026-02-18T10:45:34","slug":"laboratori-locali-per-contrastare-la-disinformazione","status":"publish","type":"page","link":"https:\/\/voice-eu.eu\/it\/laboratori-locali-per-contrastare-la-disinformazione\/","title":{"rendered":"Laboratori locali per contrastare la disinformazione"},"content":{"rendered":"\t\t<div data-elementor-type=\"wp-page\" data-elementor-id=\"1461\" class=\"elementor elementor-1461 elementor-765\" data-elementor-post-type=\"page\">\n\t\t\t\t<div class=\"elementor-element elementor-element-8203f2c e-flex e-con-boxed e-con e-parent\" data-id=\"8203f2c\" data-element_type=\"container\" data-settings=\"{&quot;background_background&quot;:&quot;classic&quot;,&quot;shape_divider_bottom&quot;:&quot;tilt&quot;}\">\n\t\t\t\t\t<div class=\"e-con-inner\">\n\t\t\t\t<div class=\"elementor-shape elementor-shape-bottom\" data-negative=\"false\">\n\t\t\t<svg xmlns=\"http:\/\/www.w3.org\/2000\/svg\" viewBox=\"0 0 1000 100\" preserveAspectRatio=\"none\">\n\t<path class=\"elementor-shape-fill\" d=\"M0,6V0h1000v100L0,6z\"\/>\n<\/svg>\t\t<\/div>\n\t\t\t\t<div class=\"elementor-element elementor-element-cb512cc elementor-widget elementor-widget-heading\" data-id=\"cb512cc\" data-element_type=\"widget\" data-widget_type=\"heading.default\">\n\t\t\t\t<div class=\"elementor-widget-container\">\n\t\t\t\t\t<h1 class=\"elementor-heading-title elementor-size-default\">Laboratori locali per contrastare la disinformazione<\/h1>\t\t\t\t<\/div>\n\t\t\t\t<\/div>\n\t\t\t\t\t<\/div>\n\t\t\t\t<\/div>\n\t\t<div class=\"elementor-element elementor-element-95882fd e-flex e-con-boxed e-con e-parent\" data-id=\"95882fd\" data-element_type=\"container\">\n\t\t\t\t\t<div class=\"e-con-inner\">\n\t\t\t\t<div class=\"elementor-element elementor-element-4906c8d elementor-widget elementor-widget-text-editor\" data-id=\"4906c8d\" data-element_type=\"widget\" data-widget_type=\"text-editor.default\">\n\t\t\t\t<div class=\"elementor-widget-container\">\n\t\t\t\t\t\t\t\t\t<p><span style=\"font-weight: 400;\">Il workshop &#8220;Affrontare la disinformazione&#8221; \u00e8 un&#8217;attivit\u00e0 di apprendimento pratico e basato sulle competenze, progettata per fornire ai partecipanti gli strumenti di pensiero critico e le competenze di alfabetizzazione mediatica necessari per identificare, valutare e contrastare informazioni false o fuorvianti nell&#8217;era digitale. In un&#8217;epoca in cui la disinformazione si diffonde rapidamente sulle piattaforme dei social media e pu\u00f2 influenzare significativamente l&#8217;opinione pubblica e i processi democratici, questo workshop affronta una sfida critica che le societ\u00e0 europee si trovano ad affrontare. I partecipanti imparano a riconoscere le tattiche pi\u00f9 comuni della disinformazione, a comprendere come algoritmi e camere dell&#8217;eco possano amplificare le false narrazioni e a sviluppare strategie per verificare le informazioni prima di condividerle con altri. Il workshop combina esercizi interattivi, casi di studio reali e la guida di esperti per aiutare i partecipanti a diventare consumatori e divulgatori di informazioni pi\u00f9 attenti. Concentrandosi sulle competenze pratiche piuttosto che sulle sole conoscenze teoriche, l&#8217;attivit\u00e0 consente ai partecipanti di agire immediatamente nelle proprie comunit\u00e0 e nei propri social network.<\/span><\/p><p><span style=\"font-weight: 400;\">Oltre allo sviluppo di competenze individuali, il workshop &#8220;Affrontare la disinformazione&#8221; contribuisce a rafforzare la salute generale delle democrazie europee promuovendo una cittadinanza informata e la fiducia in fonti di informazione affidabili. I partecipanti apprendono il ruolo del giornalismo credibile, delle organizzazioni di fact-checking e delle fonti di informazione istituzionali, comprendendo al contempo i fattori psicologici e sociali che rendono le persone vulnerabili alla disinformazione. Il workshop sottolinea l&#8217;importanza dell&#8217;alfabetizzazione mediatica come competenza fondamentale per la partecipazione democratica, consentendo ai cittadini di partecipare pi\u00f9 efficacemente ai dibattiti pubblici e ai processi decisionali. Promuovendo una cultura del pensiero critico e della condivisione responsabile delle informazioni, questa attivit\u00e0 contribuisce a costruire comunit\u00e0 pi\u00f9 resilienti, meglio attrezzate per resistere alla manipolazione e compiere scelte informate sulle questioni europee e locali. Il workshop dimostra l&#8217;impegno di VOICE-EU non solo nel promuovere l&#8217;impegno civico, ma anche nel garantire che tale impegno si basi su informazioni accurate e ragionamenti sensati.<\/span><\/p>\t\t\t\t\t\t\t\t<\/div>\n\t\t\t\t<\/div>\n\t\t\t\t\t<\/div>\n\t\t\t\t<\/div>\n\t\t<div class=\"elementor-element elementor-element-54cca01 elementor-hidden-desktop elementor-hidden-tablet elementor-hidden-mobile e-flex e-con-boxed e-con e-parent\" data-id=\"54cca01\" data-element_type=\"container\">\n\t\t\t\t\t<div class=\"e-con-inner\">\n\t\t<div class=\"elementor-element elementor-element-1b3c4c1 e-con-full e-flex e-con e-child\" data-id=\"1b3c4c1\" data-element_type=\"container\">\n\t\t\t\t<div class=\"elementor-element elementor-element-0765403 elementor-widget elementor-widget-image\" data-id=\"0765403\" data-element_type=\"widget\" data-widget_type=\"image.default\">\n\t\t\t\t<div class=\"elementor-widget-container\">\n\t\t\t\t\t\t\t\t\t\t\t\t\t\t\t<img fetchpriority=\"high\" decoding=\"async\" width=\"800\" height=\"360\" src=\"https:\/\/voice-eu.eu\/wp-content\/uploads\/2025\/12\/b373ddb58eb646179367f17381ba0f46_-1024x461.jpg\" class=\"attachment-large size-large wp-image-841\" alt=\"\" srcset=\"https:\/\/voice-eu.eu\/wp-content\/uploads\/2025\/12\/b373ddb58eb646179367f17381ba0f46_-1024x461.jpg 1024w, https:\/\/voice-eu.eu\/wp-content\/uploads\/2025\/12\/b373ddb58eb646179367f17381ba0f46_-300x135.jpg 300w, https:\/\/voice-eu.eu\/wp-content\/uploads\/2025\/12\/b373ddb58eb646179367f17381ba0f46_-768x346.jpg 768w, https:\/\/voice-eu.eu\/wp-content\/uploads\/2025\/12\/b373ddb58eb646179367f17381ba0f46_-1536x692.jpg 1536w, https:\/\/voice-eu.eu\/wp-content\/uploads\/2025\/12\/b373ddb58eb646179367f17381ba0f46_.jpg 1600w\" sizes=\"(max-width: 800px) 100vw, 800px\" \/>\t\t\t\t\t\t\t\t\t\t\t\t\t\t\t<\/div>\n\t\t\t\t<\/div>\n\t\t\t\t<\/div>\n\t\t<div class=\"elementor-element elementor-element-f825e36 e-con-full e-flex e-con e-child\" data-id=\"f825e36\" data-element_type=\"container\">\n\t\t\t\t<div class=\"elementor-element elementor-element-d70ee75 elementor-widget elementor-widget-image\" data-id=\"d70ee75\" data-element_type=\"widget\" data-widget_type=\"image.default\">\n\t\t\t\t<div class=\"elementor-widget-container\">\n\t\t\t\t\t\t\t\t\t\t\t\t\t\t\t<img decoding=\"async\" width=\"800\" height=\"600\" src=\"https:\/\/voice-eu.eu\/wp-content\/uploads\/2025\/12\/20250530_120154-1024x768.jpg\" class=\"attachment-large size-large wp-image-845\" alt=\"\" srcset=\"https:\/\/voice-eu.eu\/wp-content\/uploads\/2025\/12\/20250530_120154-1024x768.jpg 1024w, https:\/\/voice-eu.eu\/wp-content\/uploads\/2025\/12\/20250530_120154-300x225.jpg 300w, https:\/\/voice-eu.eu\/wp-content\/uploads\/2025\/12\/20250530_120154-768x576.jpg 768w, https:\/\/voice-eu.eu\/wp-content\/uploads\/2025\/12\/20250530_120154-1536x1152.jpg 1536w, https:\/\/voice-eu.eu\/wp-content\/uploads\/2025\/12\/20250530_120154-2048x1536.jpg 2048w\" sizes=\"(max-width: 800px) 100vw, 800px\" \/>\t\t\t\t\t\t\t\t\t\t\t\t\t\t\t<\/div>\n\t\t\t\t<\/div>\n\t\t\t\t<\/div>\n\t\t<div class=\"elementor-element elementor-element-abf0049 e-con-full e-flex e-con e-child\" data-id=\"abf0049\" data-element_type=\"container\">\n\t\t\t\t<div class=\"elementor-element elementor-element-82ab5fa elementor-widget elementor-widget-image\" data-id=\"82ab5fa\" data-element_type=\"widget\" data-widget_type=\"image.default\">\n\t\t\t\t<div class=\"elementor-widget-container\">\n\t\t\t\t\t\t\t\t\t\t\t\t\t\t\t<img decoding=\"async\" width=\"800\" height=\"691\" src=\"https:\/\/voice-eu.eu\/wp-content\/uploads\/2025\/12\/WhatsApp-Image-2025-05-21-at-19.31.12-1024x884.jpeg\" class=\"attachment-large size-large wp-image-837\" alt=\"\" srcset=\"https:\/\/voice-eu.eu\/wp-content\/uploads\/2025\/12\/WhatsApp-Image-2025-05-21-at-19.31.12-1024x884.jpeg 1024w, https:\/\/voice-eu.eu\/wp-content\/uploads\/2025\/12\/WhatsApp-Image-2025-05-21-at-19.31.12-300x259.jpeg 300w, https:\/\/voice-eu.eu\/wp-content\/uploads\/2025\/12\/WhatsApp-Image-2025-05-21-at-19.31.12-768x663.jpeg 768w, https:\/\/voice-eu.eu\/wp-content\/uploads\/2025\/12\/WhatsApp-Image-2025-05-21-at-19.31.12.jpeg 1200w\" sizes=\"(max-width: 800px) 100vw, 800px\" \/>\t\t\t\t\t\t\t\t\t\t\t\t\t\t\t<\/div>\n\t\t\t\t<\/div>\n\t\t\t\t<\/div>\n\t\t<div class=\"elementor-element elementor-element-afd573f e-con-full e-flex e-con e-child\" data-id=\"afd573f\" data-element_type=\"container\">\n\t\t\t\t<div class=\"elementor-element elementor-element-992fc23 elementor-widget elementor-widget-image\" data-id=\"992fc23\" data-element_type=\"widget\" data-widget_type=\"image.default\">\n\t\t\t\t<div class=\"elementor-widget-container\">\n\t\t\t\t\t\t\t\t\t\t\t\t\t\t\t<img loading=\"lazy\" decoding=\"async\" width=\"695\" height=\"1024\" src=\"https:\/\/voice-eu.eu\/wp-content\/uploads\/2025\/12\/8-1-695x1024.jpg\" class=\"attachment-large size-large wp-image-820\" alt=\"\" srcset=\"https:\/\/voice-eu.eu\/wp-content\/uploads\/2025\/12\/8-1-695x1024.jpg 695w, https:\/\/voice-eu.eu\/wp-content\/uploads\/2025\/12\/8-1-204x300.jpg 204w, https:\/\/voice-eu.eu\/wp-content\/uploads\/2025\/12\/8-1-768x1132.jpg 768w, https:\/\/voice-eu.eu\/wp-content\/uploads\/2025\/12\/8-1-1042x1536.jpg 1042w, https:\/\/voice-eu.eu\/wp-content\/uploads\/2025\/12\/8-1.jpg 1170w\" sizes=\"(max-width: 695px) 100vw, 695px\" \/>\t\t\t\t\t\t\t\t\t\t\t\t\t\t\t<\/div>\n\t\t\t\t<\/div>\n\t\t\t\t<\/div>\n\t\t\t\t\t<\/div>\n\t\t\t\t<\/div>\n\t\t<div class=\"elementor-element elementor-element-c4f85f4 e-flex e-con-boxed e-con e-parent\" data-id=\"c4f85f4\" data-element_type=\"container\">\n\t\t\t\t\t<div class=\"e-con-inner\">\n\t\t\t\t<div class=\"elementor-element elementor-element-49d99c1 elementor-widget elementor-widget-text-editor\" data-id=\"49d99c1\" data-element_type=\"widget\" data-widget_type=\"text-editor.default\">\n\t\t\t\t<div class=\"elementor-widget-container\">\n\t\t\t\t\t\t\t\t\t<p style=\"--tw-border-spacing-x: 0; --tw-border-spacing-y: 0; --tw-translate-x: 0; --tw-translate-y: 0; --tw-rotate: 0; --tw-skew-x: 0; --tw-skew-y: 0; --tw-scale-x: 1; --tw-scale-y: 1; --tw-scroll-snap-strictness: proximity; --tw-ring-offset-width: 0px; --tw-ring-offset-color: #fff; --tw-ring-color: rgba(59,130,246,.5); --tw-ring-offset-shadow: 0 0 transparent; --tw-ring-shadow: 0 0 transparent; --tw-shadow: 0 0 transparent; --tw-shadow-colored: 0 0 transparent; margin: 0px 0px 20px; padding: 0px; line-height: 28px; overflow-wrap: break-word; white-space-collapse: preserve; color: #262626; font-family: -apple-system, 'system-ui', 'Helvetica Neue', Tahoma, 'PingFang SC', 'Microsoft Yahei', Arial, 'Hiragino Sans GB', sans-serif, 'Apple Color Emoji', 'Segoe UI Emoji', 'Segoe UI Symbol', 'Noto Color Emoji';\">TIMEDUCATION\u00a0<span lang=\"EN-US\">\u2013 ITALY<\/span><\/p>\t\t\t\t\t\t\t\t<\/div>\n\t\t\t\t<\/div>\n\t\t\t\t<div class=\"elementor-element elementor-element-ce011c8 elementor-widget elementor-widget-video\" data-id=\"ce011c8\" data-element_type=\"widget\" data-settings=\"{&quot;youtube_url&quot;:&quot;https:\\\/\\\/www.youtube.com\\\/watch?v=NmgdqniWBW8&quot;,&quot;video_type&quot;:&quot;youtube&quot;,&quot;controls&quot;:&quot;yes&quot;}\" data-widget_type=\"video.default\">\n\t\t\t\t<div class=\"elementor-widget-container\">\n\t\t\t\t\t\t\t<div class=\"elementor-wrapper elementor-open-inline\">\n\t\t\t<div class=\"elementor-video\"><\/div>\t\t<\/div>\n\t\t\t\t\t\t<\/div>\n\t\t\t\t<\/div>\n\t\t\t\t<div class=\"elementor-element elementor-element-eeb1221 elementor-cta--layout-image-left elementor-cta--skin-classic elementor-animated-content elementor-bg-transform elementor-bg-transform-zoom-in elementor-widget elementor-widget-call-to-action\" data-id=\"eeb1221\" data-element_type=\"widget\" data-widget_type=\"call-to-action.default\">\n\t\t\t\t<div class=\"elementor-widget-container\">\n\t\t\t\t\t\t\t<div class=\"elementor-cta\">\n\t\t\t\t\t\t\t<div class=\"elementor-cta__content\">\n\t\t\t\t\n\t\t\t\t\n\t\t\t\t\t\t\t\t\t<div class=\"elementor-cta__description elementor-cta__content-item elementor-content-item\">\n\t\t\t\t\t\tWorkshop REPORT \u0399\u03a4 \t\t\t\t\t<\/div>\n\t\t\t\t\n\t\t\t\t\t\t\t\t\t<div class=\"elementor-cta__button-wrapper elementor-cta__content-item elementor-content-item \">\n\t\t\t\t\t<a class=\"elementor-cta__button elementor-button elementor-size-\" href=\"\/wp-content\/uploads\/2026\/02\/Workshop-REPORT-IT.pdf\" target=\"_blank\">\n\t\t\t\t\t\tDownload Report\t\t\t\t\t<\/a>\n\t\t\t\t\t<\/div>\n\t\t\t\t\t\t\t<\/div>\n\t\t\t\t\t\t<\/div>\n\t\t\t\t\t\t<\/div>\n\t\t\t\t<\/div>\n\t\t\t\t\t<\/div>\n\t\t\t\t<\/div>\n\t\t<div class=\"elementor-element elementor-element-e3b7bf9 e-flex e-con-boxed e-con e-parent\" data-id=\"e3b7bf9\" data-element_type=\"container\">\n\t\t\t\t\t<div class=\"e-con-inner\">\n\t\t\t\t<div class=\"elementor-element elementor-element-d09b9fc elementor-widget elementor-widget-text-editor\" data-id=\"d09b9fc\" data-element_type=\"widget\" data-widget_type=\"text-editor.default\">\n\t\t\t\t<div class=\"elementor-widget-container\">\n\t\t\t\t\t\t\t\t\t<p style=\"--tw-border-spacing-x: 0; --tw-border-spacing-y: 0; --tw-translate-x: 0; --tw-translate-y: 0; --tw-rotate: 0; --tw-skew-x: 0; --tw-skew-y: 0; --tw-scale-x: 1; --tw-scale-y: 1; --tw-scroll-snap-strictness: proximity; --tw-ring-offset-width: 0px; --tw-ring-offset-color: #fff; --tw-ring-color: rgba(59,130,246,.5); --tw-ring-offset-shadow: 0 0 transparent; --tw-ring-shadow: 0 0 transparent; --tw-shadow: 0 0 transparent; --tw-shadow-colored: 0 0 transparent; margin: 0px 0px 20px; padding: 0px; line-height: 28px; overflow-wrap: break-word; white-space-collapse: preserve; color: #262626; font-family: -apple-system, 'system-ui', 'Helvetica Neue', Tahoma, 'PingFang SC', 'Microsoft Yahei', Arial, 'Hiragino Sans GB', sans-serif, 'Apple Color Emoji', 'Segoe UI Emoji', 'Segoe UI Symbol', 'Noto Color Emoji';\">Medio Cubo \u2013 SPAIN<\/p>\t\t\t\t\t\t\t\t<\/div>\n\t\t\t\t<\/div>\n\t\t\t\t<div class=\"elementor-element elementor-element-a1534b6 elementor-widget elementor-widget-video\" data-id=\"a1534b6\" data-element_type=\"widget\" data-settings=\"{&quot;youtube_url&quot;:&quot;https:\\\/\\\/www.youtube.com\\\/watch?v=ImTYBnfR2gY&quot;,&quot;video_type&quot;:&quot;youtube&quot;,&quot;controls&quot;:&quot;yes&quot;}\" data-widget_type=\"video.default\">\n\t\t\t\t<div class=\"elementor-widget-container\">\n\t\t\t\t\t\t\t<div class=\"elementor-wrapper elementor-open-inline\">\n\t\t\t<div class=\"elementor-video\"><\/div>\t\t<\/div>\n\t\t\t\t\t\t<\/div>\n\t\t\t\t<\/div>\n\t\t\t\t<div class=\"elementor-element elementor-element-5c0f26f elementor-cta--layout-image-left elementor-cta--skin-classic elementor-animated-content elementor-bg-transform elementor-bg-transform-zoom-in elementor-widget elementor-widget-call-to-action\" data-id=\"5c0f26f\" data-element_type=\"widget\" data-widget_type=\"call-to-action.default\">\n\t\t\t\t<div class=\"elementor-widget-container\">\n\t\t\t\t\t\t\t<div class=\"elementor-cta\">\n\t\t\t\t\t\t\t<div class=\"elementor-cta__content\">\n\t\t\t\t\n\t\t\t\t\n\t\t\t\t\t\t\t\t\t<div class=\"elementor-cta__description elementor-cta__content-item elementor-content-item\">\n\t\t\t\t\t\tWorkshop REPORT SP\t\t\t\t\t<\/div>\n\t\t\t\t\n\t\t\t\t\t\t\t\t\t<div class=\"elementor-cta__button-wrapper elementor-cta__content-item elementor-content-item \">\n\t\t\t\t\t<a class=\"elementor-cta__button elementor-button elementor-size-\" href=\"\/wp-content\/uploads\/2026\/02\/Workshop-REPORT-SP.pdf\" target=\"_blank\">\n\t\t\t\t\t\tDownload Report\t\t\t\t\t<\/a>\n\t\t\t\t\t<\/div>\n\t\t\t\t\t\t\t<\/div>\n\t\t\t\t\t\t<\/div>\n\t\t\t\t\t\t<\/div>\n\t\t\t\t<\/div>\n\t\t\t\t\t<\/div>\n\t\t\t\t<\/div>\n\t\t<div class=\"elementor-element elementor-element-cc44ec8 e-flex e-con-boxed e-con e-parent\" data-id=\"cc44ec8\" data-element_type=\"container\">\n\t\t\t\t\t<div class=\"e-con-inner\">\n\t\t\t\t<div class=\"elementor-element elementor-element-f9dddf3 elementor-widget elementor-widget-text-editor\" data-id=\"f9dddf3\" data-element_type=\"widget\" data-widget_type=\"text-editor.default\">\n\t\t\t\t<div class=\"elementor-widget-container\">\n\t\t\t\t\t\t\t\t\t<p style=\"--tw-border-spacing-x: 0; --tw-border-spacing-y: 0; --tw-translate-x: 0; --tw-translate-y: 0; --tw-rotate: 0; --tw-skew-x: 0; --tw-skew-y: 0; --tw-scale-x: 1; --tw-scale-y: 1; --tw-scroll-snap-strictness: proximity; --tw-ring-offset-width: 0px; --tw-ring-offset-color: #fff; --tw-ring-color: rgba(59,130,246,.5); --tw-ring-offset-shadow: 0 0 transparent; --tw-ring-shadow: 0 0 transparent; --tw-shadow: 0 0 transparent; --tw-shadow-colored: 0 0 transparent; margin: 0px 0px 20px; padding: 0px; line-height: 28px; overflow-wrap: break-word; white-space-collapse: preserve; color: #262626; font-family: -apple-system, 'system-ui', 'Helvetica Neue', Tahoma, 'PingFang SC', 'Microsoft Yahei', Arial, 'Hiragino Sans GB', sans-serif, 'Apple Color Emoji', 'Segoe UI Emoji', 'Segoe UI Symbol', 'Noto Color Emoji';\">\u00a0Akadimos\u00a0<span lang=\"EN-US\">\u2013 Greece<\/span><\/p>\t\t\t\t\t\t\t\t<\/div>\n\t\t\t\t<\/div>\n\t\t\t\t<div class=\"elementor-element elementor-element-4c3c0e3 elementor-widget elementor-widget-video\" data-id=\"4c3c0e3\" data-element_type=\"widget\" data-settings=\"{&quot;youtube_url&quot;:&quot;https:\\\/\\\/www.youtube.com\\\/watch?v=5-t1uyLvcSU&quot;,&quot;video_type&quot;:&quot;youtube&quot;,&quot;controls&quot;:&quot;yes&quot;}\" data-widget_type=\"video.default\">\n\t\t\t\t<div class=\"elementor-widget-container\">\n\t\t\t\t\t\t\t<div class=\"elementor-wrapper elementor-open-inline\">\n\t\t\t<div class=\"elementor-video\"><\/div>\t\t<\/div>\n\t\t\t\t\t\t<\/div>\n\t\t\t\t<\/div>\n\t\t\t\t<div class=\"elementor-element elementor-element-4973cc3 elementor-cta--layout-image-left elementor-cta--skin-classic elementor-animated-content elementor-bg-transform elementor-bg-transform-zoom-in elementor-widget elementor-widget-call-to-action\" data-id=\"4973cc3\" data-element_type=\"widget\" data-widget_type=\"call-to-action.default\">\n\t\t\t\t<div class=\"elementor-widget-container\">\n\t\t\t\t\t\t\t<div class=\"elementor-cta\">\n\t\t\t\t\t\t\t<div class=\"elementor-cta__content\">\n\t\t\t\t\n\t\t\t\t\n\t\t\t\t\t\t\t\t\t<div class=\"elementor-cta__description elementor-cta__content-item elementor-content-item\">\n\t\t\t\t\t\tWorkshop REPORT GR\t\t\t\t\t<\/div>\n\t\t\t\t\n\t\t\t\t\t\t\t\t\t<div class=\"elementor-cta__button-wrapper elementor-cta__content-item elementor-content-item \">\n\t\t\t\t\t<a class=\"elementor-cta__button elementor-button elementor-size-\" href=\"\/wp-content\/uploads\/2026\/02\/Workshop-REPORT-GR.pdf\" target=\"_blank\">\n\t\t\t\t\t\tDownload Report\t\t\t\t\t<\/a>\n\t\t\t\t\t<\/div>\n\t\t\t\t\t\t\t<\/div>\n\t\t\t\t\t\t<\/div>\n\t\t\t\t\t\t<\/div>\n\t\t\t\t<\/div>\n\t\t\t\t\t<\/div>\n\t\t\t\t<\/div>\n\t\t\t\t<\/div>\n\t\t","protected":false},"excerpt":{"rendered":"<p>Laboratori locali per contrastare la disinformazione Il workshop &#8220;Affrontare la disinformazione&#8221; \u00e8 un&#8217;attivit\u00e0 di apprendimento pratico e basato sulle competenze, progettata per fornire ai partecipanti gli strumenti di pensiero critico e le competenze di alfabetizzazione mediatica necessari per identificare, valutare e contrastare informazioni false o fuorvianti nell&#8217;era digitale. In un&#8217;epoca in cui la disinformazione si [&hellip;]<\/p>\n","protected":false},"author":1,"featured_media":0,"parent":0,"menu_order":0,"comment_status":"closed","ping_status":"closed","template":"","meta":{"footnotes":""},"class_list":["post-1461","page","type-page","status-publish","hentry"],"_links":{"self":[{"href":"https:\/\/voice-eu.eu\/it\/wp-json\/wp\/v2\/pages\/1461","targetHints":{"allow":["GET"]}}],"collection":[{"href":"https:\/\/voice-eu.eu\/it\/wp-json\/wp\/v2\/pages"}],"about":[{"href":"https:\/\/voice-eu.eu\/it\/wp-json\/wp\/v2\/types\/page"}],"author":[{"embeddable":true,"href":"https:\/\/voice-eu.eu\/it\/wp-json\/wp\/v2\/users\/1"}],"replies":[{"embeddable":true,"href":"https:\/\/voice-eu.eu\/it\/wp-json\/wp\/v2\/comments?post=1461"}],"version-history":[{"count":4,"href":"https:\/\/voice-eu.eu\/it\/wp-json\/wp\/v2\/pages\/1461\/revisions"}],"predecessor-version":[{"id":1465,"href":"https:\/\/voice-eu.eu\/it\/wp-json\/wp\/v2\/pages\/1461\/revisions\/1465"}],"wp:attachment":[{"href":"https:\/\/voice-eu.eu\/it\/wp-json\/wp\/v2\/media?parent=1461"}],"curies":[{"name":"wp","href":"https:\/\/api.w.org\/{rel}","templated":true}]}}