{"id":1466,"date":"2025-12-22T08:03:36","date_gmt":"2025-12-22T08:03:36","guid":{"rendered":"https:\/\/voice-eu.eu\/?page_id=1466"},"modified":"2026-02-18T10:48:25","modified_gmt":"2026-02-18T10:48:25","slug":"gioco-online-be-eu","status":"publish","type":"page","link":"https:\/\/voice-eu.eu\/it\/gioco-online-be-eu\/","title":{"rendered":"Gioco online Be-Eu"},"content":{"rendered":"\t\t<div data-elementor-type=\"wp-page\" data-elementor-id=\"1466\" class=\"elementor elementor-1466 elementor-773\" data-elementor-post-type=\"page\">\n\t\t\t\t<div class=\"elementor-element elementor-element-f18ffc0 e-flex e-con-boxed e-con e-parent\" data-id=\"f18ffc0\" data-element_type=\"container\" data-settings=\"{&quot;background_background&quot;:&quot;classic&quot;,&quot;shape_divider_bottom&quot;:&quot;tilt&quot;}\">\n\t\t\t\t\t<div class=\"e-con-inner\">\n\t\t\t\t<div class=\"elementor-shape elementor-shape-bottom\" data-negative=\"false\">\n\t\t\t<svg xmlns=\"http:\/\/www.w3.org\/2000\/svg\" viewBox=\"0 0 1000 100\" preserveAspectRatio=\"none\">\n\t<path class=\"elementor-shape-fill\" d=\"M0,6V0h1000v100L0,6z\"\/>\n<\/svg>\t\t<\/div>\n\t\t\t\t<div class=\"elementor-element elementor-element-68d8398 elementor-widget elementor-widget-image\" data-id=\"68d8398\" data-element_type=\"widget\" data-widget_type=\"image.default\">\n\t\t\t\t<div class=\"elementor-widget-container\">\n\t\t\t\t\t\t\t\t\t\t\t\t\t\t\t<img decoding=\"async\" width=\"300\" height=\"106\" src=\"https:\/\/voice-eu.eu\/wp-content\/uploads\/2026\/02\/beeu-logo-300x106.jpg\" class=\"attachment-medium size-medium wp-image-1205\" alt=\"\" srcset=\"https:\/\/voice-eu.eu\/wp-content\/uploads\/2026\/02\/beeu-logo-300x106.jpg 300w, https:\/\/voice-eu.eu\/wp-content\/uploads\/2026\/02\/beeu-logo.jpg 688w\" sizes=\"(max-width: 300px) 100vw, 300px\" \/>\t\t\t\t\t\t\t\t\t\t\t\t\t\t\t<\/div>\n\t\t\t\t<\/div>\n\t\t\t\t<div class=\"elementor-element elementor-element-9c725a3 elementor-widget elementor-widget-heading\" data-id=\"9c725a3\" data-element_type=\"widget\" data-widget_type=\"heading.default\">\n\t\t\t\t<div class=\"elementor-widget-container\">\n\t\t\t\t\t<h1 class=\"elementor-heading-title elementor-size-default\">Gioco online Be-Eu\n<\/h1>\t\t\t\t<\/div>\n\t\t\t\t<\/div>\n\t\t\t\t\t<\/div>\n\t\t\t\t<\/div>\n\t\t<div class=\"elementor-element elementor-element-38125db e-flex e-con-boxed e-con e-parent\" data-id=\"38125db\" data-element_type=\"container\">\n\t\t\t\t\t<div class=\"e-con-inner\">\n\t\t\t\t<div class=\"elementor-element elementor-element-28082ad elementor-widget elementor-widget-text-editor\" data-id=\"28082ad\" data-element_type=\"widget\" data-widget_type=\"text-editor.default\">\n\t\t\t\t<div class=\"elementor-widget-container\">\n\t\t\t\t\t\t\t\t\t<p><span style=\"font-weight: 400;\">Il gioco online &#8220;Be-Eu&#8221; \u00e8 uno strumento digitale innovativo sviluppato nell&#8217;ambito del progetto VOICE-EU per rendere l&#8217;educazione alla cittadinanza europea coinvolgente e interattiva. Questa piattaforma gamificata \u00e8 progettata per educare i partecipanti di tutte le et\u00e0 sui valori, le istituzioni e la partecipazione civica europei in modo divertente e accessibile. Attraverso meccaniche di gioco interattive, gli utenti esplorano vari aspetti dell&#8217;integrazione europea, apprendono i diritti e le responsabilit\u00e0 dei cittadini dell&#8217;UE e scoprono come partecipare attivamente ai processi democratici. Il gioco combina intrattenimento e contenuti educativi, rendendo i complessi temi europei comprensibili e accessibili a un pubblico eterogeneo in tutto il continente.<\/span><\/p><p><span style=\"font-weight: 400;\">La piattaforma funge da ponte tra l&#8217;istruzione tradizionale e il moderno coinvolgimento digitale, incoraggiando i giocatori a riflettere criticamente sul proprio ruolo di cittadini europei. Completando sfide, risolvendo enigmi e progredendo attraverso diversi livelli, gli utenti acquisiscono conoscenze pratiche sulle politiche dell&#8217;UE, sulla diversit\u00e0 culturale e sulle opportunit\u00e0 di impegno civico. Il gioco \u00e8 progettato per essere accessibile su diversi dispositivi e lingue, garantendo il raggiungimento del pubblico pi\u00f9 ampio possibile. Questa attivit\u00e0 dimostra l&#8217;impegno del progetto nell&#8217;utilizzare la tecnologia per promuovere un impegno civico inclusivo e promuovere un senso di identit\u00e0 europea tra partecipanti di diversa provenienza e fascia d&#8217;et\u00e0.<\/span><\/p>\t\t\t\t\t\t\t\t<\/div>\n\t\t\t\t<\/div>\n\t\t\t\t\t<\/div>\n\t\t\t\t<\/div>\n\t\t<div class=\"elementor-element elementor-element-d91f9fb e-flex e-con-boxed e-con e-parent\" data-id=\"d91f9fb\" data-element_type=\"container\">\n\t\t\t\t\t<div class=\"e-con-inner\">\n\t\t\t\t<div class=\"elementor-element elementor-element-4dd7763 elementor-cta--layout-image-left elementor-cta--skin-classic elementor-animated-content elementor-bg-transform elementor-bg-transform-zoom-in elementor-widget elementor-widget-call-to-action\" data-id=\"4dd7763\" data-element_type=\"widget\" data-widget_type=\"call-to-action.default\">\n\t\t\t\t<div class=\"elementor-widget-container\">\n\t\t\t\t\t\t\t<div class=\"elementor-cta\">\n\t\t\t\t\t\t\t<div class=\"elementor-cta__content\">\n\t\t\t\t\n\t\t\t\t\n\t\t\t\t\n\t\t\t\t\t\t\t\t\t<div class=\"elementor-cta__button-wrapper elementor-cta__content-item elementor-content-item \">\n\t\t\t\t\t<a class=\"elementor-cta__button elementor-button elementor-size-\" href=\"https:\/\/voice-eu.eu\/beeu\/manual\/game_instructions_EN.pdf\" target=\"_blank\">\n\t\t\t\t\t\tManuale del Gioco\t\t\t\t\t<\/a>\n\t\t\t\t\t<\/div>\n\t\t\t\t\t\t\t<\/div>\n\t\t\t\t\t\t<\/div>\n\t\t\t\t\t\t<\/div>\n\t\t\t\t<\/div>\n\t\t\t\t<div class=\"elementor-element elementor-element-39f8f12 elementor-widget elementor-widget-text-editor\" data-id=\"39f8f12\" data-element_type=\"widget\" data-widget_type=\"text-editor.default\">\n\t\t\t\t<div class=\"elementor-widget-container\">\n\t\t\t\t\t\t\t\t\t<div style=\"white-space-collapse: preserve; margin-inline: 0px; overflow-wrap: break-word; margin-bottom: 0px; margin-top: 0.5em; font-family: 'Segoe UI Historic', 'Segoe UI', Helvetica, Arial, sans-serif; color: #080809; font-size: 15px;\"><div dir=\"auto\" style=\"font-family: inherit;\"><p><span style=\"font-weight: 400;\">Sentiti libero di condividerlo e di aiutare gli altri a scoprire come giocare, imparare e divertirsi con BE-EU!<\/span><\/p><\/div><\/div>\t\t\t\t\t\t\t\t<\/div>\n\t\t\t\t<\/div>\n\t\t\t\t<div class=\"elementor-element elementor-element-e0882bb elementor-cta--layout-image-below elementor-cta--skin-classic elementor-animated-content elementor-bg-transform elementor-bg-transform-zoom-in elementor-widget elementor-widget-call-to-action\" data-id=\"e0882bb\" data-element_type=\"widget\" data-widget_type=\"call-to-action.default\">\n\t\t\t\t<div class=\"elementor-widget-container\">\n\t\t\t\t\t\t\t<a class=\"elementor-cta\" href=\"https:\/\/voice-eu.eu\/beeu\/\" target=\"_blank\">\n\t\t\t\t\t\t\t<div class=\"elementor-cta__content\">\n\t\t\t\t\t\t\t\t\t<div class=\"elementor-content-item elementor-cta__content-item elementor-cta__image\">\n\t\t\t\t\t\t<img decoding=\"async\" width=\"300\" height=\"106\" src=\"https:\/\/voice-eu.eu\/wp-content\/uploads\/2026\/02\/beeu-logo-300x106.jpg\" class=\"attachment-medium size-medium wp-image-1205\" alt=\"\" srcset=\"https:\/\/voice-eu.eu\/wp-content\/uploads\/2026\/02\/beeu-logo-300x106.jpg 300w, https:\/\/voice-eu.eu\/wp-content\/uploads\/2026\/02\/beeu-logo.jpg 688w\" sizes=\"(max-width: 300px) 100vw, 300px\" \/>\t\t\t\t\t<\/div>\n\t\t\t\t\n\t\t\t\t\n\t\t\t\t\n\t\t\t\t\t\t\t\t\t<div class=\"elementor-cta__button-wrapper elementor-cta__content-item elementor-content-item \">\n\t\t\t\t\t<span class=\"elementor-cta__button elementor-button elementor-size-\">\n\t\t\t\t\t\tGIOCA QUI\t\t\t\t\t<\/span>\n\t\t\t\t\t<\/div>\n\t\t\t\t\t\t\t<\/div>\n\t\t\t\t\t\t<\/a>\n\t\t\t\t\t\t<\/div>\n\t\t\t\t<\/div>\n\t\t\t\t<div class=\"elementor-element elementor-element-2e58831 elementor-widget elementor-widget-text-editor\" data-id=\"2e58831\" data-element_type=\"widget\" data-widget_type=\"text-editor.default\">\n\t\t\t\t<div class=\"elementor-widget-container\">\n\t\t\t\t\t\t\t\t\t<div style=\"white-space-collapse: preserve; margin-inline: 0px; overflow-wrap: break-word; margin-bottom: 0px; margin-top: 0.5em; font-family: 'Segoe UI Historic', 'Segoe UI', Helvetica, Arial, sans-serif; color: #080809; font-size: 15px;\"><div dir=\"auto\" style=\"font-family: inherit;\"><p>Infine, puoi accedere al resoconto della partita:<\/p><\/div><\/div>\t\t\t\t\t\t\t\t<\/div>\n\t\t\t\t<\/div>\n\t\t\t\t<div class=\"elementor-element elementor-element-f269fd7 elementor-cta--layout-image-left elementor-cta--skin-classic elementor-animated-content elementor-bg-transform elementor-bg-transform-zoom-in elementor-widget elementor-widget-call-to-action\" data-id=\"f269fd7\" data-element_type=\"widget\" data-widget_type=\"call-to-action.default\">\n\t\t\t\t<div class=\"elementor-widget-container\">\n\t\t\t\t\t\t\t<div class=\"elementor-cta\">\n\t\t\t\t\t\t\t<div class=\"elementor-cta__content\">\n\t\t\t\t\n\t\t\t\t\n\t\t\t\t\n\t\t\t\t\t\t\t\t\t<div class=\"elementor-cta__button-wrapper elementor-cta__content-item elementor-content-item \">\n\t\t\t\t\t<a class=\"elementor-cta__button elementor-button elementor-size-\" href=\"\/wp-content\/uploads\/2026\/02\/BE-EU-Game-Report.pdf\" target=\"_blank\">\n\t\t\t\t\t\tRapporto di Gioco\t\t\t\t\t<\/a>\n\t\t\t\t\t<\/div>\n\t\t\t\t\t\t\t<\/div>\n\t\t\t\t\t\t<\/div>\n\t\t\t\t\t\t<\/div>\n\t\t\t\t<\/div>\n\t\t\t\t\t<\/div>\n\t\t\t\t<\/div>\n\t\t\t\t<\/div>\n\t\t","protected":false},"excerpt":{"rendered":"<p>Gioco online Be-Eu Il gioco online &#8220;Be-Eu&#8221; \u00e8 uno strumento digitale innovativo sviluppato nell&#8217;ambito del progetto VOICE-EU per rendere l&#8217;educazione alla cittadinanza europea coinvolgente e interattiva. Questa piattaforma gamificata \u00e8 progettata per educare i partecipanti di tutte le et\u00e0 sui valori, le istituzioni e la partecipazione civica europei in modo divertente e accessibile. Attraverso meccaniche [&hellip;]<\/p>\n","protected":false},"author":1,"featured_media":0,"parent":0,"menu_order":0,"comment_status":"closed","ping_status":"closed","template":"","meta":{"footnotes":""},"class_list":["post-1466","page","type-page","status-publish","hentry"],"_links":{"self":[{"href":"https:\/\/voice-eu.eu\/it\/wp-json\/wp\/v2\/pages\/1466","targetHints":{"allow":["GET"]}}],"collection":[{"href":"https:\/\/voice-eu.eu\/it\/wp-json\/wp\/v2\/pages"}],"about":[{"href":"https:\/\/voice-eu.eu\/it\/wp-json\/wp\/v2\/types\/page"}],"author":[{"embeddable":true,"href":"https:\/\/voice-eu.eu\/it\/wp-json\/wp\/v2\/users\/1"}],"replies":[{"embeddable":true,"href":"https:\/\/voice-eu.eu\/it\/wp-json\/wp\/v2\/comments?post=1466"}],"version-history":[{"count":4,"href":"https:\/\/voice-eu.eu\/it\/wp-json\/wp\/v2\/pages\/1466\/revisions"}],"predecessor-version":[{"id":1470,"href":"https:\/\/voice-eu.eu\/it\/wp-json\/wp\/v2\/pages\/1466\/revisions\/1470"}],"wp:attachment":[{"href":"https:\/\/voice-eu.eu\/it\/wp-json\/wp\/v2\/media?parent=1466"}],"curies":[{"name":"wp","href":"https:\/\/api.w.org\/{rel}","templated":true}]}}