{"id":1471,"date":"2025-12-22T08:05:13","date_gmt":"2025-12-22T08:05:13","guid":{"rendered":"https:\/\/voice-eu.eu\/?page_id=1471"},"modified":"2026-03-10T12:01:11","modified_gmt":"2026-03-10T12:01:11","slug":"generazioni-scoperte","status":"publish","type":"page","link":"https:\/\/voice-eu.eu\/it\/generazioni-scoperte\/","title":{"rendered":"Generazioni scoperte"},"content":{"rendered":"\t\t<div data-elementor-type=\"wp-page\" data-elementor-id=\"1471\" class=\"elementor elementor-1471 elementor-778\" data-elementor-post-type=\"page\">\n\t\t\t\t<div class=\"elementor-element elementor-element-4f05b90 e-flex e-con-boxed e-con e-parent\" data-id=\"4f05b90\" data-element_type=\"container\" data-settings=\"{&quot;background_background&quot;:&quot;classic&quot;,&quot;shape_divider_bottom&quot;:&quot;tilt&quot;}\">\n\t\t\t\t\t<div class=\"e-con-inner\">\n\t\t\t\t<div class=\"elementor-shape elementor-shape-bottom\" data-negative=\"false\">\n\t\t\t<svg xmlns=\"http:\/\/www.w3.org\/2000\/svg\" viewBox=\"0 0 1000 100\" preserveAspectRatio=\"none\">\n\t<path class=\"elementor-shape-fill\" d=\"M0,6V0h1000v100L0,6z\"\/>\n<\/svg>\t\t<\/div>\n\t\t\t\t<div class=\"elementor-element elementor-element-fedb0b0 elementor-widget elementor-widget-heading\" data-id=\"fedb0b0\" data-element_type=\"widget\" data-widget_type=\"heading.default\">\n\t\t\t\t<div class=\"elementor-widget-container\">\n\t\t\t\t\t<h1 class=\"elementor-heading-title elementor-size-default\">Generazioni scoperte<\/h1>\t\t\t\t<\/div>\n\t\t\t\t<\/div>\n\t\t\t\t\t<\/div>\n\t\t\t\t<\/div>\n\t\t<div class=\"elementor-element elementor-element-fa960ad e-flex e-con-boxed e-con e-parent\" data-id=\"fa960ad\" data-element_type=\"container\">\n\t\t\t\t\t<div class=\"e-con-inner\">\n\t\t\t\t<div class=\"elementor-element elementor-element-41ad5fa elementor-widget elementor-widget-text-editor\" data-id=\"41ad5fa\" data-element_type=\"widget\" data-widget_type=\"text-editor.default\">\n\t\t\t\t<div class=\"elementor-widget-container\">\n\t\t\t\t\t\t\t\t\t<p><span style=\"font-weight: 400;\">&#8220;Generations Uncovered&#8221; \u00e8 un&#8217;innovativa attivit\u00e0 intergenerazionale che riunisce persone di diverse fasce d&#8217;et\u00e0 per impegnarsi in un dialogo significativo sull&#8217;identit\u00e0 europea, i valori e la partecipazione civica. Attraverso una serie di interviste doppie \u2013 conversazioni tra individui di diverse generazioni \u2013 il progetto esplora come le prospettive sull&#8217;Europa, la cittadinanza e l&#8217;impegno democratico si siano evolute nel tempo. I partecipanti pi\u00f9 giovani condividono le loro speranze, preoccupazioni e aspirazioni per il futuro dell&#8217;Europa, mentre i partecipanti pi\u00f9 anziani riflettono sulle loro esperienze di integrazione europea, sui cambiamenti storici e sullo sviluppo dell&#8217;Unione Europea. Queste conversazioni strutturate creano un&#8217;opportunit\u00e0 unica di apprendimento e comprensione reciproci, abbattendo gli stereotipi legati all&#8217;et\u00e0 e promuovendo la solidariet\u00e0 intergenerazionale. L&#8217;attivit\u00e0 riconosce che le diverse generazioni apportano spunti ed esperienze preziosi alle discussioni sul presente e sul futuro dell&#8217;Europa.<\/span><\/p><p><span style=\"font-weight: 400;\">Il formato della doppia intervista ha molteplici scopi: genera dati qualitativi approfonditi su come i temi europei risuonino nelle diverse fasce d&#8217;et\u00e0, crea connessioni personali significative tra i partecipanti e produce narrazioni avvincenti che possono essere condivise con un pubblico pi\u00f9 ampio per ispirare altri. Le interviste vengono condotte in contesti locali nei paesi partner, garantendo che l&#8217;attivit\u00e0 sia accessibile e pertinente per le diverse comunit\u00e0. Le storie e le intuizioni raccolte attraverso queste interviste vengono documentate e condivise attraverso vari formati multimediali, amplificando le voci dei partecipanti e dimostrando la diversit\u00e0 delle prospettive europee. Evidenziando i contributi e la saggezza delle generazioni pi\u00f9 giovani e pi\u00f9 anziane, &#8220;Generations Uncovered&#8221; promuove una visione pi\u00f9 inclusiva della cittadinanza europea che valorizza il dialogo intergenerazionale e riconosce che la costruzione di un&#8217;Europa pi\u00f9 forte richiede il coinvolgimento e la comprensione delle persone in tutte le fasi della vita.<\/span><\/p>\t\t\t\t\t\t\t\t<\/div>\n\t\t\t\t<\/div>\n\t\t\t\t\t<\/div>\n\t\t\t\t<\/div>\n\t\t<div class=\"elementor-element elementor-element-0ac54f5 e-flex e-con-boxed e-con e-parent\" data-id=\"0ac54f5\" data-element_type=\"container\">\n\t\t\t\t\t<div class=\"e-con-inner\">\n\t\t\t\t<div class=\"elementor-element elementor-element-9f57e55 elementor-widget elementor-widget-text-editor\" data-id=\"9f57e55\" data-element_type=\"widget\" data-widget_type=\"text-editor.default\">\n\t\t\t\t<div class=\"elementor-widget-container\">\n\t\t\t\t\t\t\t\t\t<p>Generazioni scoperte &#8211; VOICE EU<\/p>\t\t\t\t\t\t\t\t<\/div>\n\t\t\t\t<\/div>\n\t\t\t\t<div class=\"elementor-element elementor-element-e84551d elementor-widget elementor-widget-video\" data-id=\"e84551d\" data-element_type=\"widget\" data-settings=\"{&quot;youtube_url&quot;:&quot;https:\\\/\\\/www.youtube.com\\\/watch?v=O2SdkOjRsJU&quot;,&quot;video_type&quot;:&quot;youtube&quot;,&quot;controls&quot;:&quot;yes&quot;}\" data-widget_type=\"video.default\">\n\t\t\t\t<div class=\"elementor-widget-container\">\n\t\t\t\t\t\t\t<div class=\"elementor-wrapper elementor-open-inline\">\n\t\t\t<div class=\"elementor-video\"><\/div>\t\t<\/div>\n\t\t\t\t\t\t<\/div>\n\t\t\t\t<\/div>\n\t\t\t\t\t<\/div>\n\t\t\t\t<\/div>\n\t\t\t\t<\/div>\n\t\t","protected":false},"excerpt":{"rendered":"<p>Generazioni scoperte &#8220;Generations Uncovered&#8221; \u00e8 un&#8217;innovativa attivit\u00e0 intergenerazionale che riunisce persone di diverse fasce d&#8217;et\u00e0 per impegnarsi in un dialogo significativo sull&#8217;identit\u00e0 europea, i valori e la partecipazione civica. Attraverso una serie di interviste doppie \u2013 conversazioni tra individui di diverse generazioni \u2013 il progetto esplora come le prospettive sull&#8217;Europa, la cittadinanza e l&#8217;impegno democratico [&hellip;]<\/p>\n","protected":false},"author":1,"featured_media":0,"parent":0,"menu_order":0,"comment_status":"closed","ping_status":"closed","template":"","meta":{"footnotes":""},"class_list":["post-1471","page","type-page","status-publish","hentry"],"_links":{"self":[{"href":"https:\/\/voice-eu.eu\/it\/wp-json\/wp\/v2\/pages\/1471","targetHints":{"allow":["GET"]}}],"collection":[{"href":"https:\/\/voice-eu.eu\/it\/wp-json\/wp\/v2\/pages"}],"about":[{"href":"https:\/\/voice-eu.eu\/it\/wp-json\/wp\/v2\/types\/page"}],"author":[{"embeddable":true,"href":"https:\/\/voice-eu.eu\/it\/wp-json\/wp\/v2\/users\/1"}],"replies":[{"embeddable":true,"href":"https:\/\/voice-eu.eu\/it\/wp-json\/wp\/v2\/comments?post=1471"}],"version-history":[{"count":7,"href":"https:\/\/voice-eu.eu\/it\/wp-json\/wp\/v2\/pages\/1471\/revisions"}],"predecessor-version":[{"id":1548,"href":"https:\/\/voice-eu.eu\/it\/wp-json\/wp\/v2\/pages\/1471\/revisions\/1548"}],"wp:attachment":[{"href":"https:\/\/voice-eu.eu\/it\/wp-json\/wp\/v2\/media?parent=1471"}],"curies":[{"name":"wp","href":"https:\/\/api.w.org\/{rel}","templated":true}]}}