{"id":1476,"date":"2025-12-22T08:09:29","date_gmt":"2025-12-22T08:09:29","guid":{"rendered":"https:\/\/voice-eu.eu\/?page_id=1476"},"modified":"2026-02-18T10:53:29","modified_gmt":"2026-02-18T10:53:29","slug":"eurovoice","status":"publish","type":"page","link":"https:\/\/voice-eu.eu\/it\/eurovoice\/","title":{"rendered":"EuroVoice"},"content":{"rendered":"\t\t<div data-elementor-type=\"wp-page\" data-elementor-id=\"1476\" class=\"elementor elementor-1476 elementor-783\" data-elementor-post-type=\"page\">\n\t\t\t\t<div class=\"elementor-element elementor-element-74554c0 e-flex e-con-boxed e-con e-parent\" data-id=\"74554c0\" data-element_type=\"container\" data-settings=\"{&quot;background_background&quot;:&quot;classic&quot;,&quot;shape_divider_bottom&quot;:&quot;tilt&quot;}\">\n\t\t\t\t\t<div class=\"e-con-inner\">\n\t\t\t\t<div class=\"elementor-shape elementor-shape-bottom\" data-negative=\"false\">\n\t\t\t<svg xmlns=\"http:\/\/www.w3.org\/2000\/svg\" viewBox=\"0 0 1000 100\" preserveAspectRatio=\"none\">\n\t<path class=\"elementor-shape-fill\" d=\"M0,6V0h1000v100L0,6z\"\/>\n<\/svg>\t\t<\/div>\n\t\t\t\t<div class=\"elementor-element elementor-element-9dfe267 elementor-widget elementor-widget-heading\" data-id=\"9dfe267\" data-element_type=\"widget\" data-widget_type=\"heading.default\">\n\t\t\t\t<div class=\"elementor-widget-container\">\n\t\t\t\t\t<h1 class=\"elementor-heading-title elementor-size-default\">EuroVoice <\/h1>\t\t\t\t<\/div>\n\t\t\t\t<\/div>\n\t\t\t\t\t<\/div>\n\t\t\t\t<\/div>\n\t\t<div class=\"elementor-element elementor-element-c126399 e-flex e-con-boxed e-con e-parent\" data-id=\"c126399\" data-element_type=\"container\">\n\t\t\t\t\t<div class=\"e-con-inner\">\n\t\t\t\t<div class=\"elementor-element elementor-element-7f74f25 elementor-widget elementor-widget-text-editor\" data-id=\"7f74f25\" data-element_type=\"widget\" data-widget_type=\"text-editor.default\">\n\t\t\t\t<div class=\"elementor-widget-container\">\n\t\t\t\t\t\t\t\t\t<p><span style=\"font-weight: 400;\">L&#8217;evento di disseminazione &#8220;EuroVoice: Sharing for Participation&#8221; \u00e8 un incontro transnazionale che riunisce partner di progetto, stakeholder e partecipanti provenienti da Italia, Spagna e Grecia per presentare i risultati e l&#8217;impatto dell&#8217;iniziativa VOICE-EU. Questa attivit\u00e0 di mobilit\u00e0 funge da piattaforma per la condivisione di buone pratiche, lezioni apprese e approcci innovativi per promuovere l&#8217;impegno civico inclusivo in tutta Europa. L&#8217;evento prevede la presentazione dei risultati del progetto, tra cui approfondimenti sullo sviluppo del gioco online, risultati di seminari, risultati di workshop e dati di interviste intergenerazionali. Riunendo diverse prospettive provenienti da diversi paesi europei, l&#8217;evento promuove l&#8217;apprendimento interculturale e consente ai partecipanti di comprendere come le sfide e le soluzioni dell&#8217;impegno civico variano nei diversi contesti europei. L&#8217;incontro celebra lo spirito collaborativo del partenariato VOICE-EU e dimostra la forza della cooperazione internazionale nell&#8217;affrontare le sfide europee comuni.<\/span><\/p><p><span style=\"font-weight: 400;\">L&#8217;evento di disseminazione funge anche da riunione di chiusura ufficiale del progetto, offrendo l&#8217;opportunit\u00e0 di riflettere sui risultati raggiunti, valutare il contributo del progetto all&#8217;impegno civico europeo e discutere le direzioni future per iniziative simili. I partecipanti partecipano a sessioni di networking, workshop e tavole rotonde che incoraggiano il dialogo tra professionisti, decisori politici, educatori e organizzazioni della societ\u00e0 civile. L&#8217;evento genera documentazione e materiali di valore che saranno diffusi a un pubblico pi\u00f9 ampio attraverso diversi canali, garantendo che le intuizioni e le raccomandazioni del progetto raggiungano stakeholder diversi da quelli fisicamente presenti. Attraverso questa attivit\u00e0 di mobilit\u00e0, VOICE-EU contribuisce al pi\u00f9 ampio dibattito europeo sul rafforzamento della democrazia, la lotta alla disinformazione e la creazione di spazi pi\u00f9 inclusivi per la partecipazione civica in tutti gli Stati membri.<\/span><\/p>\t\t\t\t\t\t\t\t<\/div>\n\t\t\t\t<\/div>\n\t\t\t\t\t<\/div>\n\t\t\t\t<\/div>\n\t\t\t\t<\/div>\n\t\t","protected":false},"excerpt":{"rendered":"<p>EuroVoice L&#8217;evento di disseminazione &#8220;EuroVoice: Sharing for Participation&#8221; \u00e8 un incontro transnazionale che riunisce partner di progetto, stakeholder e partecipanti provenienti da Italia, Spagna e Grecia per presentare i risultati e l&#8217;impatto dell&#8217;iniziativa VOICE-EU. Questa attivit\u00e0 di mobilit\u00e0 funge da piattaforma per la condivisione di buone pratiche, lezioni apprese e approcci innovativi per promuovere l&#8217;impegno [&hellip;]<\/p>\n","protected":false},"author":1,"featured_media":0,"parent":0,"menu_order":0,"comment_status":"closed","ping_status":"closed","template":"","meta":{"footnotes":""},"class_list":["post-1476","page","type-page","status-publish","hentry"],"_links":{"self":[{"href":"https:\/\/voice-eu.eu\/it\/wp-json\/wp\/v2\/pages\/1476","targetHints":{"allow":["GET"]}}],"collection":[{"href":"https:\/\/voice-eu.eu\/it\/wp-json\/wp\/v2\/pages"}],"about":[{"href":"https:\/\/voice-eu.eu\/it\/wp-json\/wp\/v2\/types\/page"}],"author":[{"embeddable":true,"href":"https:\/\/voice-eu.eu\/it\/wp-json\/wp\/v2\/users\/1"}],"replies":[{"embeddable":true,"href":"https:\/\/voice-eu.eu\/it\/wp-json\/wp\/v2\/comments?post=1476"}],"version-history":[{"count":4,"href":"https:\/\/voice-eu.eu\/it\/wp-json\/wp\/v2\/pages\/1476\/revisions"}],"predecessor-version":[{"id":1480,"href":"https:\/\/voice-eu.eu\/it\/wp-json\/wp\/v2\/pages\/1476\/revisions\/1480"}],"wp:attachment":[{"href":"https:\/\/voice-eu.eu\/it\/wp-json\/wp\/v2\/media?parent=1476"}],"curies":[{"name":"wp","href":"https:\/\/api.w.org\/{rel}","templated":true}]}}